{"id":10424,"date":"2019-07-11T08:06:23","date_gmt":"2019-07-11T07:06:23","guid":{"rendered":"https:\/\/klubzviktorky.cebin.eu\/?page_id=10424"},"modified":"2020-08-30T21:17:16","modified_gmt":"2020-08-30T20:17:16","slug":"cirkev-bratrska-celakovice","status":"publish","type":"page","link":"https:\/\/klubzviktorky.cebin.eu\/index.php\/cirkev-bratrska-celakovice\/","title":{"rendered":"C\u00edrkev bratrsk\u00e1 \u010cel\u00e1kovice"},"content":{"rendered":"<p><strong>Sborov\u00e9 WWW str\u00e1nky: <\/strong><a href=\"http:\/\/cb.cz\/celakovice\" target=\"_blank\" rel=\"noreferrer noopener\">http:\/\/cb.cz\/celakovice<\/a><\/p>\n<p><\/p>\n\n\n<p style=\"color:#0b2286;text-align:left\" class=\"has-text-color\">Fotky a report\u00e1\u017ee z vybran\u00fdch akc\u00ed:<\/p>\n\n\n\n<p><a href=\"https:\/\/klubzviktorky.cebin.eu\/index.php\/cb-run\/\" target=\"_blank\" rel=\"noreferrer noopener\">CB Run 2018<\/a><\/p>\n\n\n\n<p><a rel=\"noreferrer noopener\" href=\"https:\/\/klubzviktorky.cebin.eu\/index.php\/english-camp-2019\/\" target=\"_blank\">English Camp 2019<\/a><\/p>\n\n\n\n<p><\/p>\n\n\n\n<div class=\"wp-block-media-text alignwide has-media-on-the-right\"><figure class=\"wp-block-media-text__media\"><img loading=\"lazy\" decoding=\"async\" width=\"982\" height=\"769\" src=\"https:\/\/klubzviktorky.cebin.eu\/wp-content\/uploads\/2020\/07\/jesus-1-4.jpg\" alt=\"\" class=\"wp-image-12368\" srcset=\"https:\/\/klubzviktorky.cebin.eu\/wp-content\/uploads\/2020\/07\/jesus-1-4.jpg 982w, https:\/\/klubzviktorky.cebin.eu\/wp-content\/uploads\/2020\/07\/jesus-1-4-300x235.jpg 300w, https:\/\/klubzviktorky.cebin.eu\/wp-content\/uploads\/2020\/07\/jesus-1-4-768x601.jpg 768w\" sizes=\"auto, (max-width: 982px) 100vw, 982px\" \/><\/figure><div class=\"wp-block-media-text__content\">\n<p class=\"has-medium-font-size\"><a href=\"https:\/\/klubzviktorky.cebin.eu\/index.php\/english-camp-2020\/\">English Camp 2020<\/a><\/p>\n<\/div><\/div>\n\n\n\n<p><a href=\"https:\/\/klubzviktorky.cebin.eu\/index.php\/never-the-same-view\/\">V\u00fdstava Mou krajinou prom\u011bnnou 2019<\/a><\/p>\n\n\n\n<p>K\u0159ty <a rel=\"noreferrer noopener\" aria-label=\"K\u0159est 13.10. (otev\u0159e se na nov\u00e9 z\u00e1lo\u017ece)\" href=\"https:\/\/klubzviktorky.cebin.eu\/index.php\/krest-13-10-2019\/\" target=\"_blank\">13.10. 2019<\/a> <a href=\"https:\/\/klubzviktorky.cebin.eu\/index.php\/krest-30-8-2020\/\" target=\"_blank\" rel=\"noreferrer noopener\" aria-label=\"30.8.2020 (otev\u0159e se na nov\u00e9 z\u00e1lo\u017ece)\">30.8.2020<\/a><\/p>\n\n\n\n<figure class=\"wp-block-image\"><img loading=\"lazy\" decoding=\"async\" width=\"768\" height=\"1024\" src=\"https:\/\/klubzviktorky.cebin.eu\/wp-content\/uploads\/2019\/07\/IMG_20181219_182355-768x1024.jpg\" alt=\"\" class=\"wp-image-10446\" srcset=\"https:\/\/klubzviktorky.cebin.eu\/wp-content\/uploads\/2019\/07\/IMG_20181219_182355-768x1024.jpg 768w, https:\/\/klubzviktorky.cebin.eu\/wp-content\/uploads\/2019\/07\/IMG_20181219_182355-225x300.jpg 225w\" sizes=\"auto, (max-width: 768px) 100vw, 768px\" \/><\/figure>\n\n\n\n<p style=\"color:#740e30\" class=\"has-text-color\"><strong>Jak jde \u010das ZDE<\/strong><\/p>\n","protected":false},"excerpt":{"rendered":"<p>Sborov\u00e9 WWW str\u00e1nky: http:\/\/cb.cz\/celakovice Fotky a report\u00e1\u017ee z vybran\u00fdch akc\u00ed: CB Run 2018 English Camp 2019 English Camp 2020 V\u00fdstava Mou krajinou prom\u011bnnou 2019 K\u0159ty 13.10. 2019 30.8.2020 Jak jde \u010das ZDE<\/p>\n","protected":false},"author":1,"featured_media":10449,"parent":0,"menu_order":0,"comment_status":"closed","ping_status":"closed","template":"","meta":{"footnotes":""},"class_list":["post-10424","page","type-page","status-publish","has-post-thumbnail","hentry"],"_links":{"self":[{"href":"https:\/\/klubzviktorky.cebin.eu\/index.php\/wp-json\/wp\/v2\/pages\/10424","targetHints":{"allow":["GET"]}}],"collection":[{"href":"https:\/\/klubzviktorky.cebin.eu\/index.php\/wp-json\/wp\/v2\/pages"}],"about":[{"href":"https:\/\/klubzviktorky.cebin.eu\/index.php\/wp-json\/wp\/v2\/types\/page"}],"author":[{"embeddable":true,"href":"https:\/\/klubzviktorky.cebin.eu\/index.php\/wp-json\/wp\/v2\/users\/1"}],"replies":[{"embeddable":true,"href":"https:\/\/klubzviktorky.cebin.eu\/index.php\/wp-json\/wp\/v2\/comments?post=10424"}],"version-history":[{"count":41,"href":"https:\/\/klubzviktorky.cebin.eu\/index.php\/wp-json\/wp\/v2\/pages\/10424\/revisions"}],"predecessor-version":[{"id":12536,"href":"https:\/\/klubzviktorky.cebin.eu\/index.php\/wp-json\/wp\/v2\/pages\/10424\/revisions\/12536"}],"wp:featuredmedia":[{"embeddable":true,"href":"https:\/\/klubzviktorky.cebin.eu\/index.php\/wp-json\/wp\/v2\/media\/10449"}],"wp:attachment":[{"href":"https:\/\/klubzviktorky.cebin.eu\/index.php\/wp-json\/wp\/v2\/media?parent=10424"}],"curies":[{"name":"wp","href":"https:\/\/api.w.org\/{rel}","templated":true}]}}