{"id":1108,"date":"2017-06-22T10:45:18","date_gmt":"2017-06-22T09:45:18","guid":{"rendered":"http:\/\/klubzviktorky.cebin.info\/?page_id=1108"},"modified":"2023-12-10T17:03:09","modified_gmt":"2023-12-10T16:03:09","slug":"kratochvile","status":"publish","type":"page","link":"https:\/\/klubzviktorky.cebin.eu\/index.php\/kratochvile\/","title":{"rendered":"Kratochv\u00edle"},"content":{"rendered":"<p><b><span style=\"color: #0000ff;\">SAUNA\u00a0<\/span><\/b>&#8211; prvn\u00ed kratochv\u00edle v nov\u00e9m roce se tradi\u010dn\u011b odehr\u00e1v\u00e1 v prostor\u00e1ch <a href=\"http:\/\/www.squasharbes.cz\/\">Squash Centra Arbes<\/a>\u00a0&#8211; d\u011bv\u010data maj\u00ed vstup zdarma !!!<\/p>\n<hr \/>\n<p><strong><span style=\"color: #800000;\">CESTOU &#8230; NECESTOU, ZEJM\u00c9NA <a style=\"color: #800000;\" href=\"http:\/\/klubzviktorky.cebin.info\/index.php\/soulek\/\">VL\u00c1\u010eOVOU <\/a>ZKRATKOU:<\/span><\/strong><\/p>\n<p>Na sklonku zimy m\u00ed\u0159\u00edme na Jizerku &#8230;\u00a0<span style=\"color: #0000ff;\"><a style=\"color: #0000ff;\" href=\"http:\/\/klubzviktorky.cebin.info\/index.php\/jizerka\/\"><b>VIKTORKA NA B\u011a\u017dK\u00c1CH<\/b><\/a><\/span><br \/>\nV kv\u011btnu nased\u00e1me na kola:\u00a0<a href=\"http:\/\/klubzviktorky.cebin.info\/index.php\/vikol\/\"><span style=\"color: #0000ff;\"><b>VIKOL<\/b><\/span><\/a><br \/>\nA v \u010dervnu zdol\u00e1v\u00e1me vrcholy hor a objevujeme prameny \u0159ek: <a href=\"https:\/\/klubzviktorky.cebin.eu\/index.php\/kolega-karel\/\"><strong><span style=\"color: #0000ff;\">ODD\u00cdL KOLEGY KARLA<\/span><\/strong><\/a><\/p>\n<p style=\"text-align: center;\"><strong><span style=\"color: #800000;\">R\u00c1DI SOUT\u011a\u017d\u00cdME:<\/span><\/strong><\/p>\n<p><a href=\"http:\/\/klubzviktorky.cebin.info\/index.php\/leguan\/\"><strong><span style=\"color: #0000ff;\">O POH\u00c1R LEGU\u00c1NA VIKTORA<\/span><\/strong><br \/>\n<\/a>&#8211; halov\u00fd fotbalov\u00fd turnaj po\u0159\u00e1d\u00e1me na za\u010d\u00e1tku jara v \u010cel\u00e1kovic\u00edch<br \/>\n<span style=\"color: #0000ff;\"><b><a href=\"https:\/\/klubzviktorky.cebin.eu\/index.php\/honicka-na-pita\/\" target=\"_blank\" rel=\"noopener\">HONI\u010cKA NA PITA<\/a><\/b><\/span><br \/>\n&#8211; p\u0159edv\u00e1no\u010dn\u00ed setk\u00e1n\u00ed na bowlingov\u00fdch drah\u00e1ch s c\u00edlem porazit Pavla Formana<br \/>\n<a href=\"https:\/\/klubzviktorky.cebin.eu\/index.php\/celakovicky-stolni-mag\/\"><span style=\"color: #0000ff;\"><b>STOLN\u00cd M\u00c1G<\/b><\/span><\/a><br \/>\n&#8211; od roku 2015 organizujeme Mistrovstv\u00ed \u010cel\u00e1kovic ve stoln\u00edm curlingu<br \/>\n<a href=\"https:\/\/klubzviktorky.cebin.eu\/index.php\/pit-tip\/\"><strong><span style=\"color: #0000ff;\">PiT TiP<\/span><\/strong><\/a>\u00a0&#8211; s\u00e1zkov\u00e1 kancel\u00e1\u0159 Klubu z Viktorky<br \/>\n<a href=\"https:\/\/klubzviktorky.cebin.eu\/index.php\/pele-cup\/\" target=\"_blank\" rel=\"noopener\"><span style=\"color: #0000ff;\"><strong>PELE CUP<\/strong><\/span><\/a>\u00a0&#8211;\u00a0turnaj ve stoln\u00edm fotb\u00e1lku<br \/>\n<a href=\"https:\/\/klubzviktorky.cebin.eu\/index.php\/presfoto\/\" target=\"_blank\" rel=\"noopener\"><span style=\"color: #0000ff;\"><strong>PresFoto<\/strong><\/span><\/a>\u00a0&#8211; aneb Presti\u017en\u00ed F<span style=\"line-height: 1.6471;\">otosout\u011b\u017e<\/span><\/p>\n<hr \/>\n<p>Od Nagana 1998 hraje Klub z Viktorky <span style=\"color: #0000ff;\"><a style=\"color: #0000ff;\" href=\"http:\/\/klubzviktorky.cebin.info\/index.php\/curling\/\"><b>CURLING<\/b><\/a><\/span><br \/>\nPo\u010d\u00ednaje rokem 1999 zn\u00ed Hanspaulkou <span style=\"color: #0000ff;\"><b><a style=\"color: #0000ff;\" href=\"http:\/\/klubzviktorky.cebin.info\/index.php\/viktorcin-smich\/\">VIKTOR\u010cIN SM\u00cdCH<\/a><\/b><\/span><\/p>\n<hr \/>\n<blockquote class=\"wp-embedded-content\" data-secret=\"TC5L8xYIso\"><p><a href=\"https:\/\/klubzviktorky.cebin.eu\/index.php\/celakovicky-stolni-mag-2018\/\">\u010cel\u00e1kovick\u00fd Stoln\u00ed M\u00e1g 2018<\/a><\/p><\/blockquote>\n<p><iframe loading=\"lazy\" class=\"wp-embedded-content\" sandbox=\"allow-scripts\" security=\"restricted\" style=\"position: absolute; clip: rect(1px, 1px, 1px, 1px);\" title=\"&#8222;\u010cel\u00e1kovick\u00fd Stoln\u00ed M\u00e1g 2018&#8220; &#8212; Klub  z Viktorky\" src=\"https:\/\/klubzviktorky.cebin.eu\/index.php\/celakovicky-stolni-mag-2018\/embed\/#?secret=dPhizIrzNU#?secret=TC5L8xYIso\" data-secret=\"TC5L8xYIso\" width=\"600\" height=\"338\" frameborder=\"0\" marginwidth=\"0\" marginheight=\"0\" scrolling=\"no\"><\/iframe><\/p>\n<blockquote class=\"wp-embedded-content\" data-secret=\"ppRUC1ncPO\"><p><a href=\"https:\/\/klubzviktorky.cebin.eu\/index.php\/leguan-2018\/\">Legu\u00e1n 2018<\/a><\/p><\/blockquote>\n<p><iframe loading=\"lazy\" class=\"wp-embedded-content\" sandbox=\"allow-scripts\" security=\"restricted\" style=\"position: absolute; clip: rect(1px, 1px, 1px, 1px);\" title=\"&#8222;Legu\u00e1n 2018&#8220; &#8212; Klub  z Viktorky\" src=\"https:\/\/klubzviktorky.cebin.eu\/index.php\/leguan-2018\/embed\/#?secret=dQA4j8sd2P#?secret=ppRUC1ncPO\" data-secret=\"ppRUC1ncPO\" width=\"600\" height=\"338\" frameborder=\"0\" marginwidth=\"0\" marginheight=\"0\" scrolling=\"no\"><\/iframe><\/p>\n<blockquote class=\"wp-embedded-content\" data-secret=\"Tb7oKr9VgW\"><p><a href=\"https:\/\/klubzviktorky.cebin.eu\/index.php\/jizerka-2018\/\">Jizerka 2018: Pro\u010d m\u00e1 Al\u010da \u0161t\u011bst\u00ed?<\/a><\/p><\/blockquote>\n<p><iframe loading=\"lazy\" class=\"wp-embedded-content\" sandbox=\"allow-scripts\" security=\"restricted\" style=\"position: absolute; clip: rect(1px, 1px, 1px, 1px);\" title=\"&#8222;Jizerka 2018: Pro\u010d m\u00e1 Al\u010da \u0161t\u011bst\u00ed?&#8220; &#8212; Klub  z Viktorky\" src=\"https:\/\/klubzviktorky.cebin.eu\/index.php\/jizerka-2018\/embed\/#?secret=nT0DqngXNn#?secret=Tb7oKr9VgW\" data-secret=\"Tb7oKr9VgW\" width=\"600\" height=\"338\" frameborder=\"0\" marginwidth=\"0\" marginheight=\"0\" scrolling=\"no\"><\/iframe><\/p>\n<blockquote class=\"wp-embedded-content\" data-secret=\"7EFSRa5Rac\"><p><a href=\"https:\/\/klubzviktorky.cebin.eu\/index.php\/stankov-2017\/\">Sta\u0148kov V (2017) &#8230; nen\u00ed cand\u00e1t jako cand\u00e1t<\/a><\/p><\/blockquote>\n<p><iframe loading=\"lazy\" class=\"wp-embedded-content\" sandbox=\"allow-scripts\" security=\"restricted\" style=\"position: absolute; clip: rect(1px, 1px, 1px, 1px);\" title=\"&#8222;Sta\u0148kov V (2017) &#8230; nen\u00ed cand\u00e1t jako cand\u00e1t&#8220; &#8212; Klub  z Viktorky\" src=\"https:\/\/klubzviktorky.cebin.eu\/index.php\/stankov-2017\/embed\/#?secret=oRHQANPrIt#?secret=7EFSRa5Rac\" data-secret=\"7EFSRa5Rac\" width=\"600\" height=\"338\" frameborder=\"0\" marginwidth=\"0\" marginheight=\"0\" scrolling=\"no\"><\/iframe><\/p>\n","protected":false},"excerpt":{"rendered":"<p>SAUNA\u00a0&#8211; prvn\u00ed kratochv\u00edle v nov\u00e9m roce se tradi\u010dn\u011b odehr\u00e1v\u00e1 v prostor\u00e1ch Squash Centra Arbes\u00a0&#8211; d\u011bv\u010data maj\u00ed vstup zdarma !!! CESTOU &#8230; NECESTOU, ZEJM\u00c9NA VL\u00c1\u010eOVOU ZKRATKOU: Na sklonku zimy m\u00ed\u0159\u00edme na Jizerku &#8230;\u00a0VIKTORKA NA B\u011a\u017dK\u00c1CH V kv\u011btnu nased\u00e1me na kola:\u00a0VIKOL A v \u010dervnu zdol\u00e1v\u00e1me vrcholy hor a objevujeme prameny \u0159ek: ODD\u00cdL KOLEGY KARLA R\u00c1DI SOUT\u011a\u017d\u00cdME: O &hellip; <a href=\"https:\/\/klubzviktorky.cebin.eu\/index.php\/kratochvile\/\" class=\"more-link\">Pokra\u010dov\u00e1n\u00ed textu <span class=\"screen-reader-text\">Kratochv\u00edle<\/span><\/a><\/p>\n","protected":false},"author":1,"featured_media":1787,"parent":0,"menu_order":0,"comment_status":"closed","ping_status":"closed","template":"","meta":{"footnotes":""},"class_list":["post-1108","page","type-page","status-publish","has-post-thumbnail","hentry"],"_links":{"self":[{"href":"https:\/\/klubzviktorky.cebin.eu\/index.php\/wp-json\/wp\/v2\/pages\/1108","targetHints":{"allow":["GET"]}}],"collection":[{"href":"https:\/\/klubzviktorky.cebin.eu\/index.php\/wp-json\/wp\/v2\/pages"}],"about":[{"href":"https:\/\/klubzviktorky.cebin.eu\/index.php\/wp-json\/wp\/v2\/types\/page"}],"author":[{"embeddable":true,"href":"https:\/\/klubzviktorky.cebin.eu\/index.php\/wp-json\/wp\/v2\/users\/1"}],"replies":[{"embeddable":true,"href":"https:\/\/klubzviktorky.cebin.eu\/index.php\/wp-json\/wp\/v2\/comments?post=1108"}],"version-history":[{"count":34,"href":"https:\/\/klubzviktorky.cebin.eu\/index.php\/wp-json\/wp\/v2\/pages\/1108\/revisions"}],"predecessor-version":[{"id":14347,"href":"https:\/\/klubzviktorky.cebin.eu\/index.php\/wp-json\/wp\/v2\/pages\/1108\/revisions\/14347"}],"wp:featuredmedia":[{"embeddable":true,"href":"https:\/\/klubzviktorky.cebin.eu\/index.php\/wp-json\/wp\/v2\/media\/1787"}],"wp:attachment":[{"href":"https:\/\/klubzviktorky.cebin.eu\/index.php\/wp-json\/wp\/v2\/media?parent=1108"}],"curies":[{"name":"wp","href":"https:\/\/api.w.org\/{rel}","templated":true}]}}