{"id":11396,"date":"2019-10-25T11:56:29","date_gmt":"2019-10-25T10:56:29","guid":{"rendered":"https:\/\/klubzviktorky.cebin.eu\/?page_id=11396"},"modified":"2021-07-14T18:42:40","modified_gmt":"2021-07-14T17:42:40","slug":"jak-jde-cas","status":"publish","type":"page","link":"https:\/\/klubzviktorky.cebin.eu\/index.php\/jak-jde-cas\/","title":{"rendered":"Jak jde \u010das"},"content":{"rendered":"\n<p>\u010cel\u00e1kovick\u00e9 narozeniny<\/p>\n\n\n\n<figure class=\"wp-block-gallery columns-2 is-cropped wp-block-gallery-1 is-layout-flex wp-block-gallery-is-layout-flex\"><ul class=\"blocks-gallery-grid\"><li class=\"blocks-gallery-item\"><figure><img loading=\"lazy\" decoding=\"async\" width=\"579\" height=\"1024\" src=\"https:\/\/klubzviktorky.cebin.eu\/wp-content\/uploads\/2019\/10\/P1100023-579x1024.jpg\" alt=\"\" data-id=\"11404\" data-link=\"https:\/\/klubzviktorky.cebin.eu\/index.php\/jak-jde-cas\/p1100023-2\/\" class=\"wp-image-11404\" srcset=\"https:\/\/klubzviktorky.cebin.eu\/wp-content\/uploads\/2019\/10\/P1100023-579x1024.jpg 579w, https:\/\/klubzviktorky.cebin.eu\/wp-content\/uploads\/2019\/10\/P1100023-170x300.jpg 170w, https:\/\/klubzviktorky.cebin.eu\/wp-content\/uploads\/2019\/10\/P1100023-768x1359.jpg 768w, https:\/\/klubzviktorky.cebin.eu\/wp-content\/uploads\/2019\/10\/P1100023.jpg 1248w\" sizes=\"auto, (max-width: 579px) 100vw, 579px\" \/><figcaption class=\"blocks-gallery-item__caption\">2014<\/figcaption><\/figure><\/li><li class=\"blocks-gallery-item\"><figure><img loading=\"lazy\" decoding=\"async\" width=\"1024\" height=\"683\" src=\"https:\/\/klubzviktorky.cebin.eu\/wp-content\/uploads\/2021\/07\/IMG_9209-1024x683.jpg\" alt=\"\" data-id=\"13373\" data-full-url=\"https:\/\/klubzviktorky.cebin.eu\/wp-content\/uploads\/2021\/07\/IMG_9209-scaled.jpg\" data-link=\"https:\/\/klubzviktorky.cebin.eu\/index.php\/jak-jde-cas\/img_9209\/\" class=\"wp-image-13373\" srcset=\"https:\/\/klubzviktorky.cebin.eu\/wp-content\/uploads\/2021\/07\/IMG_9209-1024x683.jpg 1024w, https:\/\/klubzviktorky.cebin.eu\/wp-content\/uploads\/2021\/07\/IMG_9209-300x200.jpg 300w, https:\/\/klubzviktorky.cebin.eu\/wp-content\/uploads\/2021\/07\/IMG_9209-768x512.jpg 768w, https:\/\/klubzviktorky.cebin.eu\/wp-content\/uploads\/2021\/07\/IMG_9209-1536x1024.jpg 1536w, https:\/\/klubzviktorky.cebin.eu\/wp-content\/uploads\/2021\/07\/IMG_9209-2048x1365.jpg 2048w\" sizes=\"auto, (max-width: 1024px) 100vw, 1024px\" \/><figcaption class=\"blocks-gallery-item__caption\">2021<\/figcaption><\/figure><\/li><li class=\"blocks-gallery-item\"><figure><img loading=\"lazy\" decoding=\"async\" width=\"683\" height=\"1024\" src=\"https:\/\/klubzviktorky.cebin.eu\/wp-content\/uploads\/2019\/10\/2015_P1140922-683x1024.jpg\" alt=\"\" data-id=\"11401\" data-link=\"https:\/\/klubzviktorky.cebin.eu\/index.php\/jak-jde-cas\/2015_p1140922\/\" class=\"wp-image-11401\" srcset=\"https:\/\/klubzviktorky.cebin.eu\/wp-content\/uploads\/2019\/10\/2015_P1140922-683x1024.jpg 683w, https:\/\/klubzviktorky.cebin.eu\/wp-content\/uploads\/2019\/10\/2015_P1140922-200x300.jpg 200w, https:\/\/klubzviktorky.cebin.eu\/wp-content\/uploads\/2019\/10\/2015_P1140922-768x1152.jpg 768w, https:\/\/klubzviktorky.cebin.eu\/wp-content\/uploads\/2019\/10\/2015_P1140922.jpg 1408w\" sizes=\"auto, (max-width: 683px) 100vw, 683px\" \/><figcaption class=\"blocks-gallery-item__caption\">2015<\/figcaption><\/figure><\/li><li class=\"blocks-gallery-item\"><figure><img loading=\"lazy\" decoding=\"async\" width=\"683\" height=\"1024\" src=\"https:\/\/klubzviktorky.cebin.eu\/wp-content\/uploads\/2019\/10\/IMG_3892-1-683x1024.jpg\" alt=\"\" data-id=\"11399\" data-link=\"https:\/\/klubzviktorky.cebin.eu\/index.php\/jak-jde-cas\/img_3892-1\/\" class=\"wp-image-11399\" srcset=\"https:\/\/klubzviktorky.cebin.eu\/wp-content\/uploads\/2019\/10\/IMG_3892-1-683x1024.jpg 683w, https:\/\/klubzviktorky.cebin.eu\/wp-content\/uploads\/2019\/10\/IMG_3892-1-200x300.jpg 200w, https:\/\/klubzviktorky.cebin.eu\/wp-content\/uploads\/2019\/10\/IMG_3892-1-768x1152.jpg 768w\" sizes=\"auto, (max-width: 683px) 100vw, 683px\" \/><figcaption class=\"blocks-gallery-item__caption\">2019<\/figcaption><\/figure><\/li><li class=\"blocks-gallery-item\"><figure><img loading=\"lazy\" decoding=\"async\" width=\"801\" height=\"1024\" src=\"https:\/\/klubzviktorky.cebin.eu\/wp-content\/uploads\/2019\/11\/P1110383_2-801x1024.jpg\" alt=\"\" data-id=\"11510\" data-link=\"https:\/\/klubzviktorky.cebin.eu\/index.php\/jak-jde-cas\/p1110383_2\/\" class=\"wp-image-11510\" srcset=\"https:\/\/klubzviktorky.cebin.eu\/wp-content\/uploads\/2019\/11\/P1110383_2-801x1024.jpg 801w, https:\/\/klubzviktorky.cebin.eu\/wp-content\/uploads\/2019\/11\/P1110383_2-235x300.jpg 235w, https:\/\/klubzviktorky.cebin.eu\/wp-content\/uploads\/2019\/11\/P1110383_2-768x981.jpg 768w, https:\/\/klubzviktorky.cebin.eu\/wp-content\/uploads\/2019\/11\/P1110383_2.jpg 1120w\" sizes=\"auto, (max-width: 801px) 100vw, 801px\" \/><figcaption class=\"blocks-gallery-item__caption\">2014<\/figcaption><\/figure><\/li><li class=\"blocks-gallery-item\"><figure><img loading=\"lazy\" decoding=\"async\" width=\"1024\" height=\"683\" src=\"https:\/\/klubzviktorky.cebin.eu\/wp-content\/uploads\/2019\/11\/IMG_5437-1024x683.jpg\" alt=\"\" data-id=\"11508\" data-link=\"https:\/\/klubzviktorky.cebin.eu\/index.php\/jak-jde-cas\/img_5437\/\" class=\"wp-image-11508\" srcset=\"https:\/\/klubzviktorky.cebin.eu\/wp-content\/uploads\/2019\/11\/IMG_5437-1024x683.jpg 1024w, https:\/\/klubzviktorky.cebin.eu\/wp-content\/uploads\/2019\/11\/IMG_5437-300x200.jpg 300w, https:\/\/klubzviktorky.cebin.eu\/wp-content\/uploads\/2019\/11\/IMG_5437-768x512.jpg 768w\" sizes=\"auto, (max-width: 1024px) 100vw, 1024px\" \/><figcaption class=\"blocks-gallery-item__caption\">2019<\/figcaption><\/figure><\/li><\/ul><\/figure>\n","protected":false},"excerpt":{"rendered":"<p>\u010cel\u00e1kovick\u00e9 narozeniny<\/p>\n","protected":false},"author":1,"featured_media":0,"parent":0,"menu_order":0,"comment_status":"closed","ping_status":"closed","template":"","meta":{"footnotes":""},"class_list":["post-11396","page","type-page","status-publish","hentry"],"_links":{"self":[{"href":"https:\/\/klubzviktorky.cebin.eu\/index.php\/wp-json\/wp\/v2\/pages\/11396","targetHints":{"allow":["GET"]}}],"collection":[{"href":"https:\/\/klubzviktorky.cebin.eu\/index.php\/wp-json\/wp\/v2\/pages"}],"about":[{"href":"https:\/\/klubzviktorky.cebin.eu\/index.php\/wp-json\/wp\/v2\/types\/page"}],"author":[{"embeddable":true,"href":"https:\/\/klubzviktorky.cebin.eu\/index.php\/wp-json\/wp\/v2\/users\/1"}],"replies":[{"embeddable":true,"href":"https:\/\/klubzviktorky.cebin.eu\/index.php\/wp-json\/wp\/v2\/comments?post=11396"}],"version-history":[{"count":9,"href":"https:\/\/klubzviktorky.cebin.eu\/index.php\/wp-json\/wp\/v2\/pages\/11396\/revisions"}],"predecessor-version":[{"id":13374,"href":"https:\/\/klubzviktorky.cebin.eu\/index.php\/wp-json\/wp\/v2\/pages\/11396\/revisions\/13374"}],"wp:attachment":[{"href":"https:\/\/klubzviktorky.cebin.eu\/index.php\/wp-json\/wp\/v2\/media?parent=11396"}],"curies":[{"name":"wp","href":"https:\/\/api.w.org\/{rel}","templated":true}]}}