{"id":2419,"date":"2018-02-28T15:56:29","date_gmt":"2018-02-28T14:56:29","guid":{"rendered":"http:\/\/klubzviktorky.cebin.info\/?page_id=2419"},"modified":"2024-05-22T10:47:20","modified_gmt":"2024-05-22T09:47:20","slug":"jizerka-2","status":"publish","type":"page","link":"https:\/\/klubzviktorky.cebin.eu\/index.php\/jizerka-2\/","title":{"rendered":"Jizerka"},"content":{"rendered":"<p style=\"text-align: center; font-size: small;\">Ka\u017ed\u00fd rok na sklonku zimy se na\u0161e skupinka vyd\u00e1v\u00e1 na b\u011b\u017ek\u00e1ch do srdce divok\u00fdch Jizersk\u00fdch hor, do osady Jizerka. N\u011bkdy si p\u0159itom odsko\u010d\u00ed i do sousedn\u00edho Polska, \u010di do Harrachova.<\/p>\n<p style=\"text-align: center;\"><strong><span style=\"color: #0000ff;\">PRO\u010c JEZD\u00cdME PR\u00c1V\u011a NA JIZERKU ?<\/span><\/strong><\/p>\n<p><span style=\"font-size: small;\"> V osad\u011b Jizerka v Jizersk\u00fdch hor\u00e1ch byl v noci na 7.1.2009 mr\u00e1z minus 32 stup\u0148\u016f Celsia. Extr\u00e9mn\u011b n\u00edzkou teplotu nam\u011b\u0159il pro www.hydronet.cz p\u0159\u00edstroj na chat\u011b Je\u0159\u00e1bkovna. Z internetov\u00e9 str\u00e1nky, kter\u00e1 slou\u017e\u00ed pro voln\u00e9 \u0161\u00ed\u0159en\u00ed online meteorologick\u00fdch informac\u00ed, vypl\u00fdv\u00e1, \u017ee minus 32 stup\u0148\u016f m\u011bli na Jizerce okolo p\u016flnoci.<\/span><\/p>\n<p style=\"text-align: right;\"><span style=\"text-align: center; color: #0000ff;\"><strong>DOK\u00c1\u017dEME P\u0158E\u017d\u00cdT TAKOV\u00dd MR\u00c1Z ?<\/strong><\/span><\/p>\n<p><span style=\"font-size: small;\">Kulov\u00fd blesk zabil v noci na sobotu 12.4.2008 v rekrea\u010dn\u00ed chalup\u011b v osad\u011b Jizerka v Ko\u0159enov\u011b na Jablonecku dev\u011btat\u0159icetilet\u00e9ho mu\u017ee. V m\u00edstnosti ho zas\u00e1hl elektrick\u00fd v\u00fdboj z blesku, kter\u00fd ude\u0159il do staven\u00ed. Odborn\u00edk z oboru elektro zkoumal p\u0159\u00ed\u010diny ne\u0161t\u011bst\u00ed n\u011bkolik hodin, ale ani on nev\u00ed \u00fapln\u011b p\u0159esn\u011b, co se stalo, \u0159ekla dnes policejn\u00ed mluv\u010d\u00ed Ludmila Knopov\u00e1. Rekrea\u010dn\u00ed chalupa, kde se trag\u00e9die odehr\u00e1la, stoj\u00ed nedaleko od chaty Pe\u0161\u00e1kovna na konci Jizerky. Osada pat\u0159\u00ed k nejv\u00fd\u0161e polo\u017een\u00fdm obydlen\u00fdm m\u00edst\u016fm v Libereck\u00e9m kraji a le\u017e\u00ed pod v\u00edce ne\u017e 1000 metr\u016f vysok\u00fdm Bukovcem.<\/span><\/p>\n<p style=\"text-align: right;\"><span style=\"text-align: center; color: #0000ff;\"><strong>UVID\u00cdME TAK\u00c9 KULOV\u00dd BLESK ?<\/strong><\/span><\/p>\n<p><span style=\"font-size: small;\">v Jizersk\u00fdch hor\u00e1ch \u017eije rys ostrovid. S t\u00edmto p\u0159ekvapiv\u00fdm zji\u0161t\u011bn\u00edm p\u0159i\u0161li ochr\u00e1nci p\u0159\u00edrody, kte\u0159\u00ed nejv\u011bt\u0161\u00ed evropskou ko\u010dkovitou \u0161elmu zachytili na fotopast v p\u016flce prosince lo\u0148sk\u00e9ho roku (2015). Novinkou je, \u017ee rys byl vyfocen na \u010desk\u00e9 stran\u011b hor, nedaleko \u00fadol\u00ed \u0160tolpich v Jizerskohorsk\u00fdch bu\u010din\u00e1ch.<\/span><\/p>\n<p style=\"text-align: right;\"><span style=\"text-align: center; color: #0000ff;\"><strong>PODA\u0158\u00cd SE N\u00c1M POTKAT RYSA ?<\/strong><\/span><\/p>\n<p style=\"text-align: LEFT; font-size: small;\">Petr Radonsk\u00fd celou akci dokonale VYSTIHNUL: \u201ena Jizerku zpravidla p\u0159ij\u00ed\u017ed\u00edme v\u00edce m\u00e9n\u011b pohromad\u011b jako jedna expedice \u2013 snad v maxim\u00e1ln\u00edm odstupu v r\u00e1mci akademick\u00e9 \u010dtvrthodinky. Neb na trase je \u0159ada zast\u00e1vek, kde se v\u017edy spolehliv\u011b sejdeme a na \u00faseku od kiosku na Pe\u0161\u00e1kovnu zpravidla nikdo nenabere n\u011bjakou v\u00fdrazn\u011bj\u0161\u00ed \u010dasovou ztr\u00e1tu. V\u011b\u0159\u00edm, \u017ee pr\u00e1v\u011b ta spole\u010dn\u00e1 cesta a zast\u00e1vky na n\u00ed hodn\u011b p\u0159isp\u00edvaj\u00ed k tomu, pro\u010d se v\u0161ichni na tu akci tak t\u011b\u0161\u00edme (samoz\u0159ejm\u011b spolu s dal\u0161\u00edmi atributy jako nap\u0159. pobyt na Jizerce, neopakovateln\u00e1 atmosf\u00e9ra Pe\u0161\u00e1kovny, sauna, karty-kostky p\u0159\u00edpadn\u011b \u010dlov\u011b\u010de dlouho do noci\u2026)\u201c<\/p>\n<p style=\"text-align: center;\"><span style=\"color: #800000;\">Jak to vypadalo na vybran\u00fdch expedic\u00edch?<\/span><\/p>\n<p><a href=\"https:\/\/klubzviktorky.cebin.eu\/index.php\/jizerka-2019-pelesiva\/\" target=\"_blank\" rel=\"noopener noreferrer\"><strong><span style=\"color: #800000;\">2019<\/span><\/strong><\/a>\u00a0Pele\u0161iv\u00e1<br \/>\n<span style=\"color: #800000;\"><strong><a style=\"color: #800000;\" href=\"http:\/\/klubzviktorky.cebin.eu\/index.php\/jizerka-2018\/\">2018<\/a> <\/strong><span style=\"color: #333333;\">Pro\u010d m\u00e1 Al\u010da \u0161t\u011bst\u00ed a co skr\u00fdv\u00e1 L\u00edda pod pe\u0159inou?<\/span><\/span><br \/>\n<span style=\"color: #800000;\"><strong><a style=\"color: #800000;\" href=\"http:\/\/klubzviktorky.cebin.eu\/index.php\/jizerka-2017\/\">2017<\/a><\/strong> <span style=\"color: #333333;\">Smrk, Polsko a Prkno<\/span><\/span><br \/>\n<span style=\"color: #800000;\"><a style=\"color: #800000;\" href=\"http:\/\/klubzviktorky.cebin.info\/index.php\/jizerka-2015\/\"><strong>2015<\/strong><\/a><\/span><br \/>\n<span style=\"color: #800000;\"><strong><a style=\"color: #800000;\" href=\"http:\/\/klubzviktorky.cebin.eu\/index.php\/232-revision-v1-19\/\">2014<\/a><\/strong><\/span>\u00a0Nen\u00ed sn\u00edh, sraz na Jizerce, sp\u00edme netradi\u010dn\u011b v Chat\u011b pod Bukovcem<br \/>\n<span style=\"color: #800000;\"><strong><a style=\"color: #800000;\" href=\"http:\/\/klubzviktorky.cebin.info\/index.php\/232-revision-v1-18\/\">2012<\/a><\/strong><\/span><br \/>\n<span style=\"color: #800000;\"><strong> <a style=\"color: #800000;\" href=\"http:\/\/klubzviktorky.cebin.info\/index.php\/232-revision-v1-15\/\">2011<\/a><\/strong><\/span><br \/>\n<span style=\"color: #800000;\"><strong> <a style=\"color: #800000;\" href=\"http:\/\/klubzviktorky.cebin.eu\/index.php\/232-revision-v1-16\/\">2009<\/a><\/strong><\/span>\u00a0Z Bed\u0159ichova a\u017e do Harrachova, v\u010detn\u011b <a href=\"http:\/\/www.sklarnaharrachov.cz\/lazneinfo.php\" target=\"_blank\" rel=\"noopener noreferrer\">pivn\u00edch l\u00e1zn\u00ed<\/a><br \/>\n<strong><span style=\"color: #800000;\"><a style=\"color: #800000;\" href=\"http:\/\/klubzviktorky.cebin.eu\/index.php\/232-revision-v1-17\/\">2007<\/a><\/span><\/strong>\u00a0\u201e<em>&#8230; je\u0161t\u011b kdybych nem\u011bla na noh\u00e1ch ty hnusy!<\/em>\u201c<\/p>\n<blockquote class=\"wp-embedded-content\" data-secret=\"3zosMWjZpY\"><p><a href=\"https:\/\/klubzviktorky.cebin.eu\/index.php\/jizerka-2019-pelesiva\/\">Jizerka 2019: Pele\u0161iv\u00e1<\/a><\/p><\/blockquote>\n<p><iframe loading=\"lazy\" class=\"wp-embedded-content\" sandbox=\"allow-scripts\" security=\"restricted\" style=\"position: absolute; clip: rect(1px, 1px, 1px, 1px);\" title=\"&#8222;Jizerka 2019: Pele\u0161iv\u00e1&#8220; &#8212; Klub  z Viktorky\" src=\"https:\/\/klubzviktorky.cebin.eu\/index.php\/jizerka-2019-pelesiva\/embed\/#?secret=bc3VG1Irmt#?secret=3zosMWjZpY\" data-secret=\"3zosMWjZpY\" width=\"600\" height=\"338\" frameborder=\"0\" marginwidth=\"0\" marginheight=\"0\" scrolling=\"no\"><\/iframe><\/p>\n<blockquote class=\"wp-embedded-content\" data-secret=\"nl7tktgVkT\"><p><a href=\"https:\/\/klubzviktorky.cebin.eu\/index.php\/jizerka-2018\/\">Jizerka 2018: Pro\u010d m\u00e1 Al\u010da \u0161t\u011bst\u00ed?<\/a><\/p><\/blockquote>\n<p><iframe loading=\"lazy\" class=\"wp-embedded-content\" sandbox=\"allow-scripts\" security=\"restricted\" style=\"position: absolute; clip: rect(1px, 1px, 1px, 1px);\" title=\"&#8222;Jizerka 2018: Pro\u010d m\u00e1 Al\u010da \u0161t\u011bst\u00ed?&#8220; &#8212; Klub  z Viktorky\" src=\"https:\/\/klubzviktorky.cebin.eu\/index.php\/jizerka-2018\/embed\/#?secret=BX0s6Wj8xP#?secret=nl7tktgVkT\" data-secret=\"nl7tktgVkT\" width=\"600\" height=\"338\" frameborder=\"0\" marginwidth=\"0\" marginheight=\"0\" scrolling=\"no\"><\/iframe><\/p>\n<blockquote class=\"wp-embedded-content\" data-secret=\"V3JeOPPokb\"><p><a href=\"https:\/\/klubzviktorky.cebin.eu\/index.php\/jizerka-2017\/\">Jizerka 2017: SMRK a PRKNO<\/a><\/p><\/blockquote>\n<p><iframe loading=\"lazy\" class=\"wp-embedded-content\" sandbox=\"allow-scripts\" security=\"restricted\" style=\"position: absolute; clip: rect(1px, 1px, 1px, 1px);\" title=\"&#8222;Jizerka 2017: SMRK a PRKNO&#8220; &#8212; Klub  z Viktorky\" src=\"https:\/\/klubzviktorky.cebin.eu\/index.php\/jizerka-2017\/embed\/#?secret=GviM8DJAcf#?secret=V3JeOPPokb\" data-secret=\"V3JeOPPokb\" width=\"600\" height=\"338\" frameborder=\"0\" marginwidth=\"0\" marginheight=\"0\" scrolling=\"no\"><\/iframe><\/p>\n","protected":false},"excerpt":{"rendered":"<p>Ka\u017ed\u00fd rok na sklonku zimy se na\u0161e skupinka vyd\u00e1v\u00e1 na b\u011b\u017ek\u00e1ch do srdce divok\u00fdch Jizersk\u00fdch hor, do osady Jizerka. N\u011bkdy si p\u0159itom odsko\u010d\u00ed i do sousedn\u00edho Polska, \u010di do Harrachova. PRO\u010c JEZD\u00cdME PR\u00c1V\u011a NA JIZERKU ? V osad\u011b Jizerka v Jizersk\u00fdch hor\u00e1ch byl v noci na 7.1.2009 mr\u00e1z minus 32 stup\u0148\u016f Celsia. Extr\u00e9mn\u011b n\u00edzkou teplotu &hellip; <a href=\"https:\/\/klubzviktorky.cebin.eu\/index.php\/jizerka-2\/\" class=\"more-link\">Pokra\u010dov\u00e1n\u00ed textu <span class=\"screen-reader-text\">Jizerka<\/span><\/a><\/p>\n","protected":false},"author":1,"featured_media":0,"parent":0,"menu_order":0,"comment_status":"closed","ping_status":"closed","template":"","meta":{"footnotes":""},"class_list":["post-2419","page","type-page","status-publish","hentry"],"_links":{"self":[{"href":"https:\/\/klubzviktorky.cebin.eu\/index.php\/wp-json\/wp\/v2\/pages\/2419","targetHints":{"allow":["GET"]}}],"collection":[{"href":"https:\/\/klubzviktorky.cebin.eu\/index.php\/wp-json\/wp\/v2\/pages"}],"about":[{"href":"https:\/\/klubzviktorky.cebin.eu\/index.php\/wp-json\/wp\/v2\/types\/page"}],"author":[{"embeddable":true,"href":"https:\/\/klubzviktorky.cebin.eu\/index.php\/wp-json\/wp\/v2\/users\/1"}],"replies":[{"embeddable":true,"href":"https:\/\/klubzviktorky.cebin.eu\/index.php\/wp-json\/wp\/v2\/comments?post=2419"}],"version-history":[{"count":42,"href":"https:\/\/klubzviktorky.cebin.eu\/index.php\/wp-json\/wp\/v2\/pages\/2419\/revisions"}],"predecessor-version":[{"id":14401,"href":"https:\/\/klubzviktorky.cebin.eu\/index.php\/wp-json\/wp\/v2\/pages\/2419\/revisions\/14401"}],"wp:attachment":[{"href":"https:\/\/klubzviktorky.cebin.eu\/index.php\/wp-json\/wp\/v2\/media?parent=2419"}],"curies":[{"name":"wp","href":"https:\/\/api.w.org\/{rel}","templated":true}]}}