{"id":243,"date":"1998-09-12T14:23:09","date_gmt":"1998-09-12T13:23:09","guid":{"rendered":"http:\/\/klubzviktorky.cebin.info\/index.php\/2016\/07\/18\/232-revision-v1\/"},"modified":"2023-12-04T14:42:16","modified_gmt":"2023-12-04T13:42:16","slug":"spavka","status":"publish","type":"page","link":"https:\/\/klubzviktorky.cebin.eu\/index.php\/spavka\/","title":{"rendered":"Spavka"},"content":{"rendered":"<div class=\"MsoNormal\" align=\"justify\">\n<p>= zkr\u00e1cen\u00e9 ozna\u010den\u00ed pro <span style=\"font-weight: bold; color: #800000;\">Spole\u010dnou v\u00fdro\u010dn\u00ed akci Klubu z Viktorky<\/span>.\u00a0Je to jedin\u00e1 akce, na kterou klub \u00fa\u010dastn\u00edk\u016fm \u010d\u00e1ste\u010dn\u011b p\u0159isp\u00edv\u00e1; z pen\u011bz t\u011bch \u010dlen\u016f, kte\u0159\u00ed se z\u00fa\u010dastnili alespo\u0148 jednoho ze\u00a0dvou posledn\u00edch p\u0159ede\u0161l\u00fdch kalend\u00e1\u0159n\u00edch ro\u010dn\u00edk\u016f (50% jejich ro\u010dn\u00edho \u010dlensk\u00e9ho p\u0159\u00edsp\u011bvku) a to\u00a0tak\u00e9 t\u011bm \u010dlen\u016fm klubu, kte\u0159\u00ed se je\u0161t\u011b nikdy p\u0159edt\u00edm SPAVKY nez\u00fa\u010dastnili. Na akci\u00a0jsou samoz\u0159ejm\u011b v\u00edt\u00e1ni i ne\u010dlenov\u00e9 (v\u010detn\u011b b\u00fdval\u00fdch \u010dlen\u016f), kte\u0159\u00ed si ale n\u00e1klady plat\u00ed sami.<\/p>\n<p>Za 20 let jsme:<\/p>\n<ul>\n<li>pa\u0159ili s Bolkem Pol\u00edvkou, ve skl\u00edpku v Hustope\u010d\u00edch, v pra\u017esk\u00e9m Pivovarsk\u00e9m dom\u011b i ve st\u0159edov\u011bk\u00e9 kr\u010dm\u011b v D\u011btenic\u00edch<\/li>\n<li>probouzeli Blanick\u00e9 ryt\u00ed\u0159e<\/li>\n<li>vyzkou\u0161eli si v\u00fdlov i dom\u00e1c\u00ed zabija\u010dku<\/li>\n<li>spali v kl\u00e1\u0161tern\u00ed cele, na z\u00e1mku, v ZOO i v nejv\u00fd\u0161e polo\u017een\u00e9m \u010desk\u00e9m m\u011bst\u011b (Bo\u017e\u00ed Dar)<\/li>\n<li>b\u011b\u017eeli p\u016flmaraton, hr\u00e1li golf v My\u0161t\u011bvsi, sjezdovali v J\u00e1nsk\u00fdch L\u00e1zn\u00edch, hr\u00e1li fotbal ve sn\u011bhu, stoln\u00ed fotbal<\/li>\n<li>jezdili na koni, na kole po \u0160umav\u011b, na kolob\u011b\u017ek\u00e1ch po z\u00e1padn\u00edch Krkono\u0161\u00edch<\/li>\n<li>sj\u00ed\u017ed\u011bli Vltavu<\/li>\n<li>vylezli nap\u0159. na Kl\u00ednovec, Hvozd a na jedinou kamennou rozhlednu v Krkono\u0161\u00edch (\u017dal\u00fd)<\/li>\n<li>p\u0159isp\u011bli k z\u00e1chran\u011b losos\u016f<\/li>\n<li>vid\u011bli nap\u0159. Prav\u010dickou br\u00e1nu, Znojmo, Dr\u00e1\u017e\u010fany, nejmen\u0161\u00ed \u010desk\u00e9 historick\u00e9 m\u011bsto (Rab\u0161tejn nad St\u0159elou) i \u0160tolu \u010d.1 v J\u00e1chymov\u011b<\/li>\n<li>nav\u0161t\u00edvili duchy v\u011b\u0159\u00edc\u00edch v Lukov\u00e9 i Vambereck\u00e9 mumie<\/li>\n<li>ochutnali Pivo l\u00e1sky, Opata i Rapla<\/li>\n<\/ul>\n<\/div>\n<p>Historie chronologicky:<\/p>\n<p>21) 2021: Chce\u0161-li za\u017e\u00edt v\u0161ecko, mus\u00ed\u0161 na <span style=\"color: #0000ff;\">Benecko<\/span><span style=\"color: #0000ff;\"><span style=\"color: #000000;\">\u00a0<span style=\"font-size: 8pt;\">(25.-27.6.)<\/span>\u00a0<\/span><\/span> <span style=\"color: #0000ff;\"><span style=\"color: #000000;\"><a href=\"https:\/\/klubzviktorky.cebin.eu\/index.php\/spavka-2020\/\" target=\"_blank\" rel=\"noopener noreferrer\">P\u0158\u00cdPRAVA<\/a> \u2663 <span style=\"color: #ff0000;\"><a style=\"color: #ff0000;\" href=\"https:\/\/klubzviktorky.cebin.eu\/index.php\/spavka-2020_2021\/\" target=\"_blank\" rel=\"noopener noreferrer\">PR\u016eB\u011aH<\/a><\/span><\/span><\/span><\/p>\n<blockquote class=\"wp-embedded-content\" data-secret=\"Odwc4RhLeM\"><p><a href=\"https:\/\/klubzviktorky.cebin.eu\/index.php\/spavka-2020_2021\/\">Spavka 2020 + 21 (\u010d\u00edslo 21)<\/a><\/p><\/blockquote>\n<p><iframe loading=\"lazy\" class=\"wp-embedded-content\" sandbox=\"allow-scripts\" security=\"restricted\" style=\"position: absolute; clip: rect(1px, 1px, 1px, 1px);\" title=\"&#8222;Spavka 2020 + 21 (\u010d\u00edslo 21)&#8220; &#8212; Klub  z Viktorky\" src=\"https:\/\/klubzviktorky.cebin.eu\/index.php\/spavka-2020_2021\/embed\/#?secret=ITSHAPYQPP#?secret=Odwc4RhLeM\" data-secret=\"Odwc4RhLeM\" width=\"600\" height=\"338\" frameborder=\"0\" marginwidth=\"0\" marginheight=\"0\" scrolling=\"no\"><\/iframe><\/p>\n<p>20) 2019: <span style=\"color: #0000ff;\">Bo\u017e\u00ed Dar<\/span><span style=\"color: #0000ff;\"><span style=\"color: #000000;\">\u00a0<span style=\"font-size: 8pt;\">(18.-20.10.)<\/span>\u00a0 \u00a0<a href=\"https:\/\/klubzviktorky.cebin.eu\/index.php\/spavka-2019\/\" target=\"_blank\" rel=\"noopener noreferrer\">P\u0158\u00cdPRAVA<\/a>\u00a0\u2663 <span style=\"color: #ff0000;\"><a style=\"color: #ff0000;\" href=\"https:\/\/klubzviktorky.cebin.eu\/index.php\/spavka-2019-cislo-20\/\" target=\"_blank\" rel=\"noopener noreferrer\">PR\u016eB\u011aH<\/a><\/span><\/span><\/span><\/p>\n<blockquote class=\"wp-embedded-content\" data-secret=\"zuvAu9RwtJ\"><p><a href=\"https:\/\/klubzviktorky.cebin.eu\/index.php\/spavka-2019-cislo-20\/\">Spavka 2019 (\u010d\u00edslo 20)<\/a><\/p><\/blockquote>\n<p><iframe loading=\"lazy\" class=\"wp-embedded-content\" sandbox=\"allow-scripts\" security=\"restricted\" style=\"position: absolute; clip: rect(1px, 1px, 1px, 1px);\" title=\"&#8222;Spavka 2019 (\u010d\u00edslo 20)&#8220; &#8212; Klub  z Viktorky\" src=\"https:\/\/klubzviktorky.cebin.eu\/index.php\/spavka-2019-cislo-20\/embed\/#?secret=vtDEwHOniC#?secret=zuvAu9RwtJ\" data-secret=\"zuvAu9RwtJ\" width=\"600\" height=\"338\" frameborder=\"0\" marginwidth=\"0\" marginheight=\"0\" scrolling=\"no\"><\/iframe><\/p>\n<p>19) 2018: Z\u00e1mek\u00a0<span style=\"color: #0000ff;\">Ne\u010dtiny<span style=\"color: #000000;\">\u00a0<span style=\"font-size: 8pt;\">(19.-21.10.)<\/span>\u00a0 \u00a0<a href=\"https:\/\/klubzviktorky.cebin.eu\/index.php\/spavka-2018\/\" target=\"_blank\" rel=\"noopener noreferrer\">P\u0158\u00cdPRAVA<\/a>\u00a0\u2663 <span style=\"color: #ff0000;\"><a style=\"color: #ff0000;\" href=\"https:\/\/klubzviktorky.cebin.eu\/index.php\/spavka-2018-dokumentace\/\" target=\"_blank\" rel=\"noopener noreferrer\">PR\u016eB\u011aH<\/a><\/span><\/span><\/span><\/p>\n<blockquote class=\"wp-embedded-content\" data-secret=\"z677YczmU4\"><p><a href=\"https:\/\/klubzviktorky.cebin.eu\/index.php\/spavka-2018-dokumentace\/\">Spavka 2018 (\u010d\u00edslo 19)<\/a><\/p><\/blockquote>\n<p><iframe loading=\"lazy\" class=\"wp-embedded-content\" sandbox=\"allow-scripts\" security=\"restricted\" style=\"position: absolute; clip: rect(1px, 1px, 1px, 1px);\" title=\"&#8222;Spavka 2018 (\u010d\u00edslo 19)&#8220; &#8212; Klub  z Viktorky\" src=\"https:\/\/klubzviktorky.cebin.eu\/index.php\/spavka-2018-dokumentace\/embed\/#?secret=v21AXIVLc8#?secret=z677YczmU4\" data-secret=\"z677YczmU4\" width=\"600\" height=\"338\" frameborder=\"0\" marginwidth=\"0\" marginheight=\"0\" scrolling=\"no\"><\/iframe><\/p>\n<p>18)\u00a02017: <a href=\"https:\/\/klubzviktorky.cebin.eu\/index.php\/spavka-2017\/\" target=\"_blank\" rel=\"noopener noreferrer\">Kl\u00e1\u0161ter<span style=\"color: #0000ff;\"> Broumov<\/span><\/a>\u00a0<span style=\"font-size: 8pt;\">(20.-22.10.)<\/span><\/p>\n<p>17) 2015: <a href=\"https:\/\/klubzviktorky.cebin.eu\/index.php\/spavka2015\/\" target=\"_blank\" rel=\"noopener noreferrer\"><span style=\"color: #0000ff;\">SOS LOSOS<\/span><\/a>\u00a0<span style=\"font-size: 8pt;\">(24.-26.4.)<\/span><\/p>\n<p>16) 2013: <a href=\"https:\/\/klubzviktorky.cebin.eu\/index.php\/spavka2013\/\" target=\"_blank\" rel=\"noopener noreferrer\"><span style=\"color: #0000ff;\">Blan\u00edk<\/span><\/a>\u00a0<span style=\"font-size: 8pt;\">(2.-3.11.)<\/span><\/p>\n<p>15) 2012: <a href=\"http:\/\/klubzviktorky.cebin.info\/index.php\/spavka2012\/\" target=\"_blank\" rel=\"noopener noreferrer\"><span style=\"color: #0000ff;\">B\u011b\u017e\u00edme<\/span> v <span style=\"color: #000000;\">Dr\u00e1\u017e\u010fanech<\/span><\/a><span class=\"MsoHyperlink\"> <span style=\"font-size: 8pt;\">(19.\u2013 21.10.)<\/span><\/span><\/p>\n<p>14)\u00a02011: <a href=\"https:\/\/klubzviktorky.cebin.eu\/index.php\/spavka2011\/\" target=\"_blank\" rel=\"noopener noreferrer\"><span style=\"color: #0000ff;\">Zabija\u010dka<\/span> U Star\u00fdho kance<\/a> <span style=\"font-size: 8pt;\">(11.-13.11.)<\/span><\/p>\n<p>13)\u00a02010: <a href=\"http:\/\/klubzviktorky.cebin.info\/index.php\/spavka2010\/\"><span style=\"color: #0000ff;\">Du\u0161i\u010dkov\u00e9 safari<\/span><\/a>\u00a0<span style=\"font-size: 8pt;\">(23.-24.10.)<\/span><\/p>\n<p>12)\u00a02009:\u00a0<a href=\"http:\/\/klubzviktorky.cebin.info\/index.php\/spavka2009\/\" target=\"_blank\" rel=\"noopener noreferrer\"><span style=\"color: #0000ff;\">V\u00fdlov<\/span><\/a>\u00a0<span style=\"font-size: 8pt;\">(16.-18.10.)<\/span><\/p>\n<p>11)\u00a02008:\u00a0<a href=\"https:\/\/klubzviktorky.cebin.eu\/index.php\/spavka-2017-2\/\"><span style=\"color: #0000ff;\">Golfov\u00e9<\/span> panstv\u00ed My\u0161t\u011bves<\/a> <span style=\"font-size: 8pt;\">(11.-12.10.)<\/span><\/p>\n<p>10)\u00a02007: <a href=\"https:\/\/klubzviktorky.cebin.eu\/index.php\/spavka2007\/\">St\u0159edov\u011bk\u00e1 kr\u010dma <span style=\"color: #0000ff;\">D\u011btenice<\/span><\/a> <span style=\"font-size: 8pt;\">(6.-7.10.)<\/span><\/p>\n<p>09)\u00a02006:\u00a0<a href=\"http:\/\/klubzviktorky.cebin.info\/index.php\/spavka2006\/\">Pa\u0159ba s\u00a0<span style=\"color: #0000ff;\">Bolkem\u00a0Pol\u00edvkou<\/span><\/a><span style=\"font-size: 8pt;\"> (20.-22.10.)<\/span><\/p>\n<p>08)\u00a02005: <a href=\"https:\/\/klubzviktorky.cebin.eu\/index.php\/spavka2005\/\">Bur\u010d\u00e1kov\u00e9 <span style=\"color: #0000ff;\">Znojmo<\/span><\/a><span style=\"color: #0000ff;\">\u00a0<\/span>(30.9.-2.10.)<\/p>\n<p>07) 2004:\u00a0<a href=\"http:\/\/klubzviktorky.cebin.info\/index.php\/spavka2004\/\">Romance<\/a>\u00a0(22.-24.10.)<\/p>\n<p>06)\u00a02003: <a href=\"https:\/\/klubzviktorky.cebin.eu\/index.php\/spavka2003\/\">\u010cesk\u00e1 hospoda<\/a>\u00a0(21.-23.11.)<\/p>\n<p>05)\u00a02002: <a href=\"http:\/\/klubzviktorky.cebin.info\/index.php\/spavka2002\/\">Na \u201estatku\u201c u <span style=\"color: #0000ff;\">Rou\u0161ar\u016f<\/span> v\u00a0Lubn\u00e9 u Poli\u010dky<\/a>\u00a0(18.-20.10.)<\/p>\n<p>04) 2001: <a href=\"https:\/\/klubzviktorky.cebin.eu\/index.php\/spavka2001\/\">Jit\u0159enka v Jansk\u00fdch L\u00e1zn\u00edch<\/a> (14.-16.12.)<\/p>\n<p>03)\u00a02000: <a href=\"https:\/\/klubzviktorky.cebin.eu\/index.php\/spavka2000\/\">Lesn\u00ed chata <span style=\"color: #0000ff;\">IDA<\/span> v <span style=\"color: #000000;\">Z\u00e1toni<\/span>\u00a0&#8211; kolo + voda<\/a> (22.-24.9.)<\/p>\n<p>02)\u00a01999: <a href=\"https:\/\/klubzviktorky.cebin.eu\/index.php\/spavka1999\/\"><span style=\"color: #0000ff;\">Skl\u00edpek<\/span> pana Kazdy v Hustope\u010d\u00edch<\/a> (4.12.)<\/p>\n<p class=\"MsoNormal\" style=\"mso-margin-top-alt: auto; mso-margin-bottom-alt: auto;\">01) 1998: Clubbar Kapit\u00e1n Flint, Pivovarsk\u00fd d\u016fm (12.9.)<\/p>\n<h4 style=\"text-align: center;\"><strong><span style=\"color: #800000;\">Viktorky na Spavce<\/span><\/strong><\/h4>\n<div id='gallery-1' class='gallery galleryid-243 gallery-columns-3 gallery-size-large'><figure class='gallery-item'>\n\t\t\t<div class='gallery-icon landscape'>\n\t\t\t\t<a href='https:\/\/klubzviktorky.cebin.eu\/wp-content\/uploads\/2018\/09\/DSC09170.jpg'><img loading=\"lazy\" decoding=\"async\" width=\"660\" height=\"495\" src=\"https:\/\/klubzviktorky.cebin.eu\/wp-content\/uploads\/2018\/09\/DSC09170-1024x768.jpg\" class=\"attachment-large size-large\" alt=\"\" aria-describedby=\"gallery-1-6663\" srcset=\"https:\/\/klubzviktorky.cebin.eu\/wp-content\/uploads\/2018\/09\/DSC09170-1024x768.jpg 1024w, https:\/\/klubzviktorky.cebin.eu\/wp-content\/uploads\/2018\/09\/DSC09170-300x225.jpg 300w, https:\/\/klubzviktorky.cebin.eu\/wp-content\/uploads\/2018\/09\/DSC09170-768x576.jpg 768w, https:\/\/klubzviktorky.cebin.eu\/wp-content\/uploads\/2018\/09\/DSC09170.jpg 2048w\" sizes=\"auto, (max-width: 660px) 100vw, 660px\" \/><\/a>\n\t\t\t<\/div>\n\t\t\t\t<figcaption class='wp-caption-text gallery-caption' id='gallery-1-6663'>\n\t\t\t\t2008\n\t\t\t\t<\/figcaption><\/figure><figure class='gallery-item'>\n\t\t\t<div class='gallery-icon portrait'>\n\t\t\t\t<a href='https:\/\/klubzviktorky.cebin.eu\/wp-content\/uploads\/2018\/09\/DSC02579.jpg'><img loading=\"lazy\" decoding=\"async\" width=\"660\" height=\"880\" src=\"https:\/\/klubzviktorky.cebin.eu\/wp-content\/uploads\/2018\/09\/DSC02579-768x1024.jpg\" class=\"attachment-large size-large\" alt=\"\" aria-describedby=\"gallery-1-6662\" srcset=\"https:\/\/klubzviktorky.cebin.eu\/wp-content\/uploads\/2018\/09\/DSC02579-768x1024.jpg 768w, https:\/\/klubzviktorky.cebin.eu\/wp-content\/uploads\/2018\/09\/DSC02579-225x300.jpg 225w, https:\/\/klubzviktorky.cebin.eu\/wp-content\/uploads\/2018\/09\/DSC02579.jpg 1536w\" sizes=\"auto, (max-width: 660px) 100vw, 660px\" \/><\/a>\n\t\t\t<\/div>\n\t\t\t\t<figcaption class='wp-caption-text gallery-caption' id='gallery-1-6662'>\n\t\t\t\t2009\n\t\t\t\t<\/figcaption><\/figure><figure class='gallery-item'>\n\t\t\t<div class='gallery-icon portrait'>\n\t\t\t\t<a href='https:\/\/klubzviktorky.cebin.eu\/wp-content\/uploads\/2018\/09\/DSC08815II-e1536578842923.jpg'><img loading=\"lazy\" decoding=\"async\" width=\"660\" height=\"967\" src=\"https:\/\/klubzviktorky.cebin.eu\/wp-content\/uploads\/2018\/09\/DSC08815II-e1536578842923-699x1024.jpg\" class=\"attachment-large size-large\" alt=\"\" aria-describedby=\"gallery-1-6621\" srcset=\"https:\/\/klubzviktorky.cebin.eu\/wp-content\/uploads\/2018\/09\/DSC08815II-e1536578842923-699x1024.jpg 699w, https:\/\/klubzviktorky.cebin.eu\/wp-content\/uploads\/2018\/09\/DSC08815II-e1536578842923-205x300.jpg 205w, https:\/\/klubzviktorky.cebin.eu\/wp-content\/uploads\/2018\/09\/DSC08815II-e1536578842923-768x1125.jpg 768w, https:\/\/klubzviktorky.cebin.eu\/wp-content\/uploads\/2018\/09\/DSC08815II-e1536578842923.jpg 883w\" sizes=\"auto, (max-width: 660px) 100vw, 660px\" \/><\/a>\n\t\t\t<\/div>\n\t\t\t\t<figcaption class='wp-caption-text gallery-caption' id='gallery-1-6621'>\n\t\t\t\t2010\n\t\t\t\t<\/figcaption><\/figure><figure class='gallery-item'>\n\t\t\t<div class='gallery-icon portrait'>\n\t\t\t\t<a href='https:\/\/klubzviktorky.cebin.eu\/wp-content\/uploads\/2018\/09\/DSC08001.jpg'><img loading=\"lazy\" decoding=\"async\" width=\"660\" height=\"880\" src=\"https:\/\/klubzviktorky.cebin.eu\/wp-content\/uploads\/2018\/09\/DSC08001-768x1024.jpg\" class=\"attachment-large size-large\" alt=\"\" aria-describedby=\"gallery-1-6622\" srcset=\"https:\/\/klubzviktorky.cebin.eu\/wp-content\/uploads\/2018\/09\/DSC08001-768x1024.jpg 768w, https:\/\/klubzviktorky.cebin.eu\/wp-content\/uploads\/2018\/09\/DSC08001-225x300.jpg 225w, https:\/\/klubzviktorky.cebin.eu\/wp-content\/uploads\/2018\/09\/DSC08001.jpg 1536w\" sizes=\"auto, (max-width: 660px) 100vw, 660px\" \/><\/a>\n\t\t\t<\/div>\n\t\t\t\t<figcaption class='wp-caption-text gallery-caption' id='gallery-1-6622'>\n\t\t\t\t2011\n\t\t\t\t<\/figcaption><\/figure><figure class='gallery-item'>\n\t\t\t<div class='gallery-icon portrait'>\n\t\t\t\t<a href='https:\/\/klubzviktorky.cebin.eu\/wp-content\/uploads\/2018\/09\/P1060774-e1536578371674.jpg'><img loading=\"lazy\" decoding=\"async\" width=\"660\" height=\"877\" src=\"https:\/\/klubzviktorky.cebin.eu\/wp-content\/uploads\/2018\/09\/P1060774-e1536578371674-771x1024.jpg\" class=\"attachment-large size-large\" alt=\"\" aria-describedby=\"gallery-1-6623\" srcset=\"https:\/\/klubzviktorky.cebin.eu\/wp-content\/uploads\/2018\/09\/P1060774-e1536578371674-771x1024.jpg 771w, https:\/\/klubzviktorky.cebin.eu\/wp-content\/uploads\/2018\/09\/P1060774-e1536578371674-226x300.jpg 226w, https:\/\/klubzviktorky.cebin.eu\/wp-content\/uploads\/2018\/09\/P1060774-e1536578371674-768x1021.jpg 768w, https:\/\/klubzviktorky.cebin.eu\/wp-content\/uploads\/2018\/09\/P1060774-e1536578371674.jpg 1356w\" sizes=\"auto, (max-width: 660px) 100vw, 660px\" \/><\/a>\n\t\t\t<\/div>\n\t\t\t\t<figcaption class='wp-caption-text gallery-caption' id='gallery-1-6623'>\n\t\t\t\t2013\n\t\t\t\t<\/figcaption><\/figure><figure class='gallery-item'>\n\t\t\t<div class='gallery-icon portrait'>\n\t\t\t\t<a href='https:\/\/klubzviktorky.cebin.eu\/wp-content\/uploads\/2018\/09\/wwwP1130453-e1536651243119.jpg'><img loading=\"lazy\" decoding=\"async\" width=\"660\" height=\"880\" src=\"https:\/\/klubzviktorky.cebin.eu\/wp-content\/uploads\/2018\/09\/wwwP1130453-e1536651243119-768x1024.jpg\" class=\"attachment-large size-large\" alt=\"\" aria-describedby=\"gallery-1-6624\" srcset=\"https:\/\/klubzviktorky.cebin.eu\/wp-content\/uploads\/2018\/09\/wwwP1130453-e1536651243119-768x1024.jpg 768w, https:\/\/klubzviktorky.cebin.eu\/wp-content\/uploads\/2018\/09\/wwwP1130453-e1536651243119-225x300.jpg 225w, https:\/\/klubzviktorky.cebin.eu\/wp-content\/uploads\/2018\/09\/wwwP1130453-e1536651243119.jpg 1344w\" sizes=\"auto, (max-width: 660px) 100vw, 660px\" \/><\/a>\n\t\t\t<\/div>\n\t\t\t\t<figcaption class='wp-caption-text gallery-caption' id='gallery-1-6624'>\n\t\t\t\t2015\n\t\t\t\t<\/figcaption><\/figure><figure class='gallery-item'>\n\t\t\t<div class='gallery-icon portrait'>\n\t\t\t\t<a href='https:\/\/klubzviktorky.cebin.eu\/wp-content\/uploads\/2018\/09\/P1260678-e1536579124120.jpg'><img loading=\"lazy\" decoding=\"async\" width=\"660\" height=\"910\" src=\"https:\/\/klubzviktorky.cebin.eu\/wp-content\/uploads\/2018\/09\/P1260678-e1536579124120-743x1024.jpg\" class=\"attachment-large size-large\" alt=\"\" aria-describedby=\"gallery-1-6627\" srcset=\"https:\/\/klubzviktorky.cebin.eu\/wp-content\/uploads\/2018\/09\/P1260678-e1536579124120-743x1024.jpg 743w, https:\/\/klubzviktorky.cebin.eu\/wp-content\/uploads\/2018\/09\/P1260678-e1536579124120-218x300.jpg 218w, https:\/\/klubzviktorky.cebin.eu\/wp-content\/uploads\/2018\/09\/P1260678-e1536579124120-768x1058.jpg 768w, https:\/\/klubzviktorky.cebin.eu\/wp-content\/uploads\/2018\/09\/P1260678-e1536579124120.jpg 1156w\" sizes=\"auto, (max-width: 660px) 100vw, 660px\" \/><\/a>\n\t\t\t<\/div>\n\t\t\t\t<figcaption class='wp-caption-text gallery-caption' id='gallery-1-6627'>\n\t\t\t\t2017\n\t\t\t\t<\/figcaption><\/figure><figure class='gallery-item'>\n\t\t\t<div class='gallery-icon portrait'>\n\t\t\t\t<a href='https:\/\/klubzviktorky.cebin.eu\/wp-content\/uploads\/2018\/10\/IMG_2019.jpg'><img loading=\"lazy\" decoding=\"async\" width=\"660\" height=\"990\" src=\"https:\/\/klubzviktorky.cebin.eu\/wp-content\/uploads\/2018\/10\/IMG_2019-683x1024.jpg\" class=\"attachment-large size-large\" alt=\"\" aria-describedby=\"gallery-1-7765\" srcset=\"https:\/\/klubzviktorky.cebin.eu\/wp-content\/uploads\/2018\/10\/IMG_2019-683x1024.jpg 683w, https:\/\/klubzviktorky.cebin.eu\/wp-content\/uploads\/2018\/10\/IMG_2019-200x300.jpg 200w, https:\/\/klubzviktorky.cebin.eu\/wp-content\/uploads\/2018\/10\/IMG_2019-768x1152.jpg 768w\" sizes=\"auto, (max-width: 660px) 100vw, 660px\" \/><\/a>\n\t\t\t<\/div>\n\t\t\t\t<figcaption class='wp-caption-text gallery-caption' id='gallery-1-7765'>\n\t\t\t\t2018\n\t\t\t\t<\/figcaption><\/figure><figure class='gallery-item'>\n\t\t\t<div class='gallery-icon portrait'>\n\t\t\t\t<a href='https:\/\/klubzviktorky.cebin.eu\/wp-content\/uploads\/2019\/10\/IMG_5320-2.jpg'><img loading=\"lazy\" decoding=\"async\" width=\"660\" height=\"990\" src=\"https:\/\/klubzviktorky.cebin.eu\/wp-content\/uploads\/2019\/10\/IMG_5320-2-683x1024.jpg\" class=\"attachment-large size-large\" alt=\"\" aria-describedby=\"gallery-1-11338\" srcset=\"https:\/\/klubzviktorky.cebin.eu\/wp-content\/uploads\/2019\/10\/IMG_5320-2-683x1024.jpg 683w, https:\/\/klubzviktorky.cebin.eu\/wp-content\/uploads\/2019\/10\/IMG_5320-2-200x300.jpg 200w, https:\/\/klubzviktorky.cebin.eu\/wp-content\/uploads\/2019\/10\/IMG_5320-2-768x1152.jpg 768w\" sizes=\"auto, (max-width: 660px) 100vw, 660px\" \/><\/a>\n\t\t\t<\/div>\n\t\t\t\t<figcaption class='wp-caption-text gallery-caption' id='gallery-1-11338'>\n\t\t\t\t2019\n\t\t\t\t<\/figcaption><\/figure><figure class='gallery-item'>\n\t\t\t<div class='gallery-icon landscape'>\n\t\t\t\t<a href='https:\/\/klubzviktorky.cebin.eu\/wp-content\/uploads\/2021\/06\/20210627_102910-1-scaled.jpg'><img loading=\"lazy\" decoding=\"async\" width=\"660\" height=\"495\" src=\"https:\/\/klubzviktorky.cebin.eu\/wp-content\/uploads\/2021\/06\/20210627_102910-1-1024x768.jpg\" class=\"attachment-large size-large\" alt=\"\" aria-describedby=\"gallery-1-13135\" srcset=\"https:\/\/klubzviktorky.cebin.eu\/wp-content\/uploads\/2021\/06\/20210627_102910-1-1024x768.jpg 1024w, https:\/\/klubzviktorky.cebin.eu\/wp-content\/uploads\/2021\/06\/20210627_102910-1-300x225.jpg 300w, https:\/\/klubzviktorky.cebin.eu\/wp-content\/uploads\/2021\/06\/20210627_102910-1-768x576.jpg 768w, https:\/\/klubzviktorky.cebin.eu\/wp-content\/uploads\/2021\/06\/20210627_102910-1-1536x1152.jpg 1536w, https:\/\/klubzviktorky.cebin.eu\/wp-content\/uploads\/2021\/06\/20210627_102910-1-2048x1536.jpg 2048w\" sizes=\"auto, (max-width: 660px) 100vw, 660px\" \/><\/a>\n\t\t\t<\/div>\n\t\t\t\t<figcaption class='wp-caption-text gallery-caption' id='gallery-1-13135'>\n\t\t\t\t2021\n\t\t\t\t<\/figcaption><\/figure>\n\t\t<\/div>\n\n<p><!-- [if gte mso 9]><xml>  <w_LatentStyles DefLockedState=\"false\" LatentStyleCount=\"156\">  <\/w_LatentStyles> <\/xml><![endif]--><!-- [if gte mso 10]>\n\n\n\n<style>  \/* Style Definitions *\/  table.MsoNormalTable  {mso-style-name:\"Norm\u00e1ln\u00ed tabulka\";  mso-tstyle-rowband-size:0;  mso-tstyle-colband-size:0;  mso-style-noshow:yes;  mso-style-parent:\"\";  mso-padding-alt:0cm 5.4pt 0cm 5.4pt;  mso-para-margin:0cm;  mso-para-margin-bottom:.0001pt;  mso-pagination:widow-orphan;  font-size:10.0pt;  font-family:\"Times New Roman\";  mso-ansi-language:#0400;  mso-fareast-language:#0400;  mso-bidi-language:#0400;} <\/style>\n\n\n\n <![endif]--><!-- [if gte mso 9]><xml>  <w_LatentStyles DefLockedState=\"false\" LatentStyleCount=\"156\">  <\/w_LatentStyles> <\/xml><![endif]--><!-- [if gte mso 10]>\n\n\n\n<style>  \/* Style Definitions *\/  table.MsoNormalTable  {mso-style-name:\"Norm\u00e1ln\u00ed tabulka\";  mso-tstyle-rowband-size:0;  mso-tstyle-colband-size:0;  mso-style-noshow:yes;  mso-style-parent:\"\";  mso-padding-alt:0cm 5.4pt 0cm 5.4pt;  mso-para-margin:0cm;  mso-para-margin-bottom:.0001pt;  mso-pagination:widow-orphan;  font-size:10.0pt;  font-family:\"Times New Roman\";  mso-ansi-language:#0400;  mso-fareast-language:#0400;  mso-bidi-language:#0400;} <\/style>\n\n\n\n <![endif]--><!-- [if gte mso 9]><xml>  <w_LatentStyles DefLockedState=\"false\" LatentStyleCount=\"156\">  <\/w_LatentStyles> <\/xml><![endif]--><!-- [if gte mso 10]>\n\n\n\n<style>  \/* Style Definitions *\/  table.MsoNormalTable  {mso-style-name:\"Norm\u00e1ln\u00ed tabulka\";  mso-tstyle-rowband-size:0;  mso-tstyle-colband-size:0;  mso-style-noshow:yes;  mso-style-parent:\"\";  mso-padding-alt:0cm 5.4pt 0cm 5.4pt;  mso-para-margin:0cm;  mso-para-margin-bottom:.0001pt;  mso-pagination:widow-orphan;  font-size:10.0pt;  font-family:\"Times New Roman\";  mso-ansi-language:#0400;  mso-fareast-language:#0400;  mso-bidi-language:#0400;} <\/style>\n\n\n\n <![endif]--><\/p>\n","protected":false},"excerpt":{"rendered":"<p>= zkr\u00e1cen\u00e9 ozna\u010den\u00ed pro Spole\u010dnou v\u00fdro\u010dn\u00ed akci Klubu z Viktorky.\u00a0Je to jedin\u00e1 akce, na kterou klub \u00fa\u010dastn\u00edk\u016fm \u010d\u00e1ste\u010dn\u011b p\u0159isp\u00edv\u00e1; z pen\u011bz t\u011bch \u010dlen\u016f, kte\u0159\u00ed se z\u00fa\u010dastnili alespo\u0148 jednoho ze\u00a0dvou posledn\u00edch p\u0159ede\u0161l\u00fdch kalend\u00e1\u0159n\u00edch ro\u010dn\u00edk\u016f (50% jejich ro\u010dn\u00edho \u010dlensk\u00e9ho p\u0159\u00edsp\u011bvku) a to\u00a0tak\u00e9 t\u011bm \u010dlen\u016fm klubu, kte\u0159\u00ed se je\u0161t\u011b nikdy p\u0159edt\u00edm SPAVKY nez\u00fa\u010dastnili. Na akci\u00a0jsou samoz\u0159ejm\u011b v\u00edt\u00e1ni i &hellip; <a href=\"https:\/\/klubzviktorky.cebin.eu\/index.php\/spavka\/\" class=\"more-link\">Pokra\u010dov\u00e1n\u00ed textu <span class=\"screen-reader-text\">Spavka<\/span><\/a><\/p>\n","protected":false},"author":1,"featured_media":0,"parent":0,"menu_order":0,"comment_status":"closed","ping_status":"closed","template":"","meta":{"footnotes":""},"class_list":["post-243","page","type-page","status-publish","hentry"],"_links":{"self":[{"href":"https:\/\/klubzviktorky.cebin.eu\/index.php\/wp-json\/wp\/v2\/pages\/243","targetHints":{"allow":["GET"]}}],"collection":[{"href":"https:\/\/klubzviktorky.cebin.eu\/index.php\/wp-json\/wp\/v2\/pages"}],"about":[{"href":"https:\/\/klubzviktorky.cebin.eu\/index.php\/wp-json\/wp\/v2\/types\/page"}],"author":[{"embeddable":true,"href":"https:\/\/klubzviktorky.cebin.eu\/index.php\/wp-json\/wp\/v2\/users\/1"}],"replies":[{"embeddable":true,"href":"https:\/\/klubzviktorky.cebin.eu\/index.php\/wp-json\/wp\/v2\/comments?post=243"}],"version-history":[{"count":111,"href":"https:\/\/klubzviktorky.cebin.eu\/index.php\/wp-json\/wp\/v2\/pages\/243\/revisions"}],"predecessor-version":[{"id":14345,"href":"https:\/\/klubzviktorky.cebin.eu\/index.php\/wp-json\/wp\/v2\/pages\/243\/revisions\/14345"}],"wp:attachment":[{"href":"https:\/\/klubzviktorky.cebin.eu\/index.php\/wp-json\/wp\/v2\/media?parent=243"}],"curies":[{"name":"wp","href":"https:\/\/api.w.org\/{rel}","templated":true}]}}