{"id":245,"date":"2016-07-18T14:23:10","date_gmt":"2016-07-18T13:23:10","guid":{"rendered":"http:\/\/klubzviktorky.cebin.info\/index.php\/2016\/07\/18\/232-revision-v1\/"},"modified":"2021-04-03T07:58:54","modified_gmt":"2021-04-03T06:58:54","slug":"klub-z-viktorky-poslani","status":"publish","type":"page","link":"https:\/\/klubzviktorky.cebin.eu\/index.php\/klub-z-viktorky-poslani\/","title":{"rendered":"Klub z Viktorky"},"content":{"rendered":"<p><span style=\"font-size: 12pt; font-family: Times New Roman;\">Posl\u00e1n\u00edm klubu je rozv\u00edjet vztahy mezi \u010dleny klubu prost\u0159ednictv\u00edm spole\u010dn\u00e9 sportovn\u00ed \u010di kulturn\u00ed klubov\u00e9 \u010dinnosti (<a href=\"https:\/\/klubzviktorky.cebin.eu\/index.php\/kratochvile\/\" target=\"_blank\" rel=\"noopener\">Kratochv\u00edle<\/a>) a z\u00a0v\u00fdt\u011b\u017eku jejich \u010dlensk\u00fdch p\u0159\u00edsp\u011bvk\u016f podporovat neziskov\u00e9 spole\u010densk\u00e9 aktivity (<a href=\"https:\/\/klubzviktorky.cebin.eu\/index.php\/nadace\/\" target=\"_blank\" rel=\"noopener\">Nadace Princezny Viktorie<\/a>)<\/span><\/p>\n<p><strong>K\u00f3d:<\/strong> Viktorka15<\/p>\n<p>\u00a0<\/p>\n<div>\u00a0<\/div>\n\n\n<p><\/p>\n","protected":false},"excerpt":{"rendered":"<p>Posl\u00e1n\u00edm klubu je rozv\u00edjet vztahy mezi \u010dleny klubu prost\u0159ednictv\u00edm spole\u010dn\u00e9 sportovn\u00ed \u010di kulturn\u00ed klubov\u00e9 \u010dinnosti (Kratochv\u00edle) a z\u00a0v\u00fdt\u011b\u017eku jejich \u010dlensk\u00fdch p\u0159\u00edsp\u011bvk\u016f podporovat neziskov\u00e9 spole\u010densk\u00e9 aktivity (Nadace Princezny Viktorie) K\u00f3d: Viktorka15 \u00a0 \u00a0<\/p>\n","protected":false},"author":1,"featured_media":0,"parent":0,"menu_order":0,"comment_status":"closed","ping_status":"open","template":"","meta":{"footnotes":""},"class_list":["post-245","page","type-page","status-publish","hentry"],"_links":{"self":[{"href":"https:\/\/klubzviktorky.cebin.eu\/index.php\/wp-json\/wp\/v2\/pages\/245","targetHints":{"allow":["GET"]}}],"collection":[{"href":"https:\/\/klubzviktorky.cebin.eu\/index.php\/wp-json\/wp\/v2\/pages"}],"about":[{"href":"https:\/\/klubzviktorky.cebin.eu\/index.php\/wp-json\/wp\/v2\/types\/page"}],"author":[{"embeddable":true,"href":"https:\/\/klubzviktorky.cebin.eu\/index.php\/wp-json\/wp\/v2\/users\/1"}],"replies":[{"embeddable":true,"href":"https:\/\/klubzviktorky.cebin.eu\/index.php\/wp-json\/wp\/v2\/comments?post=245"}],"version-history":[{"count":3,"href":"https:\/\/klubzviktorky.cebin.eu\/index.php\/wp-json\/wp\/v2\/pages\/245\/revisions"}],"predecessor-version":[{"id":12756,"href":"https:\/\/klubzviktorky.cebin.eu\/index.php\/wp-json\/wp\/v2\/pages\/245\/revisions\/12756"}],"wp:attachment":[{"href":"https:\/\/klubzviktorky.cebin.eu\/index.php\/wp-json\/wp\/v2\/media?parent=245"}],"curies":[{"name":"wp","href":"https:\/\/api.w.org\/{rel}","templated":true}]}}