{"id":247,"date":"2016-07-18T14:23:10","date_gmt":"2016-07-18T13:23:10","guid":{"rendered":"http:\/\/klubzviktorky.cebin.info\/index.php\/2016\/07\/18\/232-revision-v1\/"},"modified":"2018-10-30T14:03:33","modified_gmt":"2018-10-30T13:03:33","slug":"kontakt-vzkazy","status":"publish","type":"page","link":"https:\/\/klubzviktorky.cebin.eu\/index.php\/kontakt-vzkazy\/","title":{"rendered":"Kontakt, odkazy"},"content":{"rendered":"<p><a href=\"https:\/\/klubzviktorky.cebin.eu\/index.php\/jan_kohoutek\/\" target=\"_blank\" rel=\"noopener\">Jan <strong>Kohoutek<\/strong><\/a> &#8230;<strong>\u00a0<\/strong><a href=\"mailto:jan.kohoutek@email.cz\">jan.kohoutek@email.cz<\/a>;\u00a0603 252 257<\/p>\n<p>Kontakt pro <span style=\"font-weight: bold; color: #0000ff;\">VIKTOR\u010cIN SM\u00cdCH<\/span>:\u00a0kapit\u00e1n <a href=\"https:\/\/klubzviktorky.cebin.eu\/index.php\/soulek\/\" target=\"_blank\" rel=\"noopener\">Vladim\u00edr <strong>Soulek<\/strong><\/a> &#8230; <a href=\"mailto:judzin01@seznam.cz\">judzin01@seznam.cz<\/a><\/p>\n<p>Kontakt pro <span style=\"color: #0000ff;\"><strong>CURLING<\/strong><\/span>: <a href=\"https:\/\/klubzviktorky.cebin.eu\/index.php\/daniel-hire\/\" target=\"_blank\" rel=\"noopener\">Daniel <strong>H\u00ed\u0159e<\/strong><\/a> &#8230; \u00a0<a href=\"https:\/\/email.seznam.cz\/#compose?to=daniel.hire%40seznam.cz\">daniel.hire@<strong>seznam.cz<\/strong><\/a><\/p>\n<p><a href=\"https:\/\/www.facebook.com\/klubzviktorky\/\">FACEBOOK<\/a><\/p>\n<header class=\"entry-header\">\n<h1 class=\"entry-title\" style=\"text-align: left;\"><strong style=\"font-size: 17px; line-height: 1.6471;\">Firmy spojen\u00e9 s na\u0161imi sou\u010dasn\u00fdmi i minul\u00fdmi \u010dleny:<\/strong><\/h1>\n<p><span style=\"color: #0000ff;\"><strong><a style=\"color: #0000ff;\" href=\"http:\/\/www.smartpress.cz\/\" target=\"_blank\" rel=\"noopener\">Nakladatelstv\u00ed Smart Press, s. r. o.<\/a>\u00a0<\/strong><\/span><br \/>\nNakladatelstv\u00ed Smart Press, s. r. o. zalo\u017eila v roce 2005 <a href=\"https:\/\/klubzviktorky.cebin.eu\/index.php\/martina_boledovicova\/\" target=\"_blank\" rel=\"noopener\">Martina Boledovi\u010dov\u00e1<\/a>. D\u00edky <a href=\"https:\/\/www.smartpress.cz\/josef-formanek\">Josefu Form\u00e1nkovi<\/a> (Prsat\u00fd mu\u017e a zlod\u011bj p\u0159\u00edb\u011bh\u016f), bio\u017een\u011b <a href=\"https:\/\/www.smartpress.cz\/hanka-zemanova\">Hance Zemanov\u00e9<\/a> (Biokucha\u0159ka Hanky Zemanov\u00e9, vyhl\u00e1\u0161ena nejlep\u0161\u00ed kucha\u0159kou roku 2006) nebo d\u00edky <a href=\"https:\/\/www.smartpress.cz\/iva-malkova\">Iv\u011b M\u00e1lkov\u00e9<\/a> (bestsellery \u201eHubneme s rozumem\u201c) se o nakladatelstv\u00ed dozv\u011bd\u011bly des\u00edtky tis\u00edc \u010dten\u00e1\u0159\u016f. <a href=\"https:\/\/www.smartpress.cz\/kontakty#contactTeam\">N\u00e1\u0161 zap\u00e1len\u00fd t\u00fdm<\/a> se v\u011bnuje p\u0159edev\u0161\u00edm vyd\u00e1v\u00e1n\u00ed <a href=\"https:\/\/www.smartpress.cz\/kucharky\">origin\u00e1ln\u00edch kucha\u0159ek<\/a> nad\u0161en\u00fdch \u010desk\u00fdch <a href=\"https:\/\/www.smartpress.cz\/autori\">autor\u016f<\/a>.<\/p>\n<p><span style=\"color: #0000ff;\"><strong><a style=\"color: #0000ff;\" href=\"http:\/\/www.emd-pr.cz\/\" target=\"_blank\" rel=\"noopener\">EMD Consultants<\/a><\/strong><\/span><br \/>\nSpole\u010dnost EMD consultants nab\u00edz\u00ed t\u00fdm zku\u0161en\u00fdch konzultant\u016f, kter\u00fd se skl\u00e1d\u00e1 z odborn\u00edk\u016f na m\u00e9dia, PR a komunikaci, z b\u00fdval\u00fdch zam\u011bstnanc\u016f marketingov\u00fdch odd\u011blen\u00ed a novin\u00e1\u0159\u016f.\u00a0EMD consultants nab\u00edz\u00ed sv\u00e9 slu\u017eby v t\u011bchto oblastech: <strong>public relations<\/strong>, <strong>intern\u00ed podnikov\u00e1 komunikace<\/strong>, <strong>krizov\u00e1 komunikace<\/strong>, <strong>organizace akc\u00ed<\/strong>,<strong>issues management<\/strong>, <strong>podpora zahrani\u010dn\u00edch investor\u016f<\/strong>, <strong>CSR<\/strong> a<strong>soci\u00e1ln\u00ed m\u00e9dia<\/strong>.<\/p>\n<p><strong><a style=\"color: #0000ff;\" href=\"http:\/\/www.sander-logistic.cz\/\" target=\"_blank\" rel=\"noopener\">Sander Support Logistic<\/a>\u00a0<\/strong><br \/>\nSpole\u010dnost SANDER SUPPORT LOGISTIC s.r.o. jsme zalo\u017eili v \u0159\u00edjnu 2009 v reakci na po\u017eadavky na\u0161ich tehdej\u0161\u00edch z\u00e1kazn\u00edk\u016f. Na z\u00e1klad\u011b jejich spokojenosti z p\u0159edchoz\u00ed spolupr\u00e1ce se n\u00e1s dotazovali, zda m\u016f\u017eeme spolupracovat i nad\u00e1le a zda budeme schopni poskytnout stejn\u011b kvalitn\u00ed slu\u017eby v oblasti <strong>p\u0159epravn\u00edho balen\u00ed a manipulace.<\/strong><\/p>\n<p><span style=\"color: #0000ff;\"><a style=\"color: #0000ff;\" href=\"https:\/\/akmatousek.cz\/\"><strong>Advok\u00e1tn\u00ed kancel\u00e1\u0159 Ludv\u00edka Matou\u0161ka<\/strong><\/a><\/span><br \/>\np\u0159edstavuje ve sv\u011bt\u011b pr\u00e1vn\u00edch slu\u017eeb p\u0159\u00ednos pro klienta v\u00a0podob\u011b zku\u0161enosti, znalosti, rozv\u00e1\u017enosti a v\u011bcn\u00fdch \u0159e\u0161en\u00ed.\u00a0 D\u00edky kvalitn\u00edmu a perspektivn\u00edmu odborn\u00e9mu z\u00e1zem\u00ed m\u016f\u017eeme poskytovat pr\u00e1vn\u00ed slu\u017eby na profesion\u00e1ln\u00ed \u00farovni v\u00a0\u0161irok\u00e9m spektru platn\u00e9ho pr\u00e1va, zejm\u00e9na pak v\u00a0oblastech ob\u010dansk\u00e9ho, obchodn\u00edho, spr\u00e1vn\u00edho a \u00fastavn\u00edho pr\u00e1va. Advok\u00e1tn\u00ed kancel\u00e1\u0159 poskytuje odborn\u00e9 slu\u017eby v\u00a0ot\u00e1zk\u00e1ch \u010desk\u00e9 pr\u00e1vn\u00ed \u00fapravy i evropsk\u00e9ho pr\u00e1va, a to i v\u00a0anglick\u00e9m a n\u011bmeck\u00e9m jazyce.<\/p>\n<p>&nbsp;<\/p>\n<p><a href=\"http:\/\/www.albi.cz\/\">http:\/\/www.albi.cz\/<\/a><\/p>\n<p>&nbsp;<\/p>\n<h1 style=\"text-align: center;\"><strong><span style=\"font-size: 17px; line-height: 1.6471;\">Tady jsme bydleli:<\/span><\/strong><\/h1>\n<p><a href=\"http:\/\/www.apartmany-stankov.cz\/\" target=\"_blank\" rel=\"noopener\">http:\/\/www.apartmany-stankov.cz\/<\/a> (VIKOL 2013 \u2013 20<strong>18<\/strong>)<\/p>\n<p><a href=\"http:\/\/www.klasterbroumov.cz\/cs\/ubytovani-dum-hostu\" target=\"_blank\" rel=\"noopener\">http:\/\/www.klasterbroumov.cz\/cs\/ubytovani-dum-hostu<\/a>\u00a0(SPAVKA 20<strong>17<\/strong>)<\/p>\n<p><a href=\"http:\/\/www.farmablanik.cz\/\" target=\"_blank\" rel=\"noopener\">http:\/\/www.farmablanik.cz\/<\/a> (SPAVKA 20<strong>13<\/strong>)<\/p>\n<p><a href=\"https:\/\/farmahoslovice.cz\/\" target=\"_blank\" rel=\"noopener\">https:\/\/farmahoslovice.cz\/<\/a> (SPAVKA 20<strong>11<\/strong>)<br \/>\n<a href=\"http:\/\/www.statek-penzion.cz\/\" target=\"_blank\" rel=\"noopener\">http:\/\/www.statek-penzion.cz\/<\/a> (VIKOL 20<strong>11<\/strong>)<\/p>\n<p><a href=\"https:\/\/safariparkresort.cz\/\" target=\"_blank\" rel=\"noopener\">https:\/\/safariparkresort.cz\/<\/a> (SPAVKA 20<strong>10<\/strong>)<\/p>\n<p><a href=\"http:\/\/www.ustaryhodubu.cz\/\" target=\"_blank\" rel=\"noopener\">http:\/\/www.ustaryhodubu.cz\/<\/a> (SPAVKA 200<strong>9<\/strong>)<\/p>\n<p><a href=\"http:\/\/www.golf-mysteves.cz\/\" target=\"_blank\" rel=\"noopener\">http:\/\/www.golf-mysteves.cz\/<\/a> (SPAVKA 200<strong>8<\/strong>)<\/p>\n<p><a href=\"https:\/\/www.hotelrustikal.cz\/ubytovani\/hotel-rustikal\/\" target=\"_blank\" rel=\"noopener\">https:\/\/www.hotelrustikal.cz\/ubytovani\/hotel-rustikal\/<\/a> (SPAVKA 200<strong>7<\/strong>)<\/p>\n<p><a href=\"https:\/\/www.penzionromance.cz\/cs\/\" target=\"_blank\" rel=\"noopener\">https:\/\/www.penzionromance.cz\/cs\/<\/a> (SPAVKA 200<strong>4<\/strong>)<\/p>\n<p><a href=\"http:\/\/www.ceska-hospoda.cz\/\" target=\"_blank\" rel=\"noopener\">http:\/\/www.ceska-hospoda.cz<\/a><a href=\"http:\/\/www.ceska-hospoda.cz\/\">\/<\/a>\u00a0(SPAVKA 200<strong>3<\/strong>)<\/p>\n<p><a href=\"http:\/\/www.pistina.net\/\" target=\"_blank\" rel=\"noopener\">http:\/\/www.pistina.net\/<\/a><\/p>\n<p><a href=\"http:\/\/www.penzionromantika.cz\/\" target=\"_blank\" rel=\"noopener\">http:\/\/www.penzionromantika.cz\/<\/a><\/p>\n<p><a href=\"http:\/\/www.pensionsportturia.cz\/\" target=\"_blank\" rel=\"noopener\">http:\/\/www.pensionsportturia.cz\/<\/a><\/p>\n<p><a href=\"http:\/\/www.dvurstritez.cz\/\" target=\"_blank\" rel=\"noopener\">http:\/\/www.dvurstritez.cz\/<\/a><\/p>\n<p>&nbsp;<\/p>\n<\/header>\n","protected":false},"excerpt":{"rendered":"<p>Jan Kohoutek &#8230;\u00a0jan.kohoutek@email.cz;\u00a0603 252 257 Kontakt pro VIKTOR\u010cIN SM\u00cdCH:\u00a0kapit\u00e1n Vladim\u00edr Soulek &#8230; judzin01@seznam.cz Kontakt pro CURLING: Daniel H\u00ed\u0159e &#8230; \u00a0daniel.hire@seznam.cz FACEBOOK Firmy spojen\u00e9 s na\u0161imi sou\u010dasn\u00fdmi i minul\u00fdmi \u010dleny: Nakladatelstv\u00ed Smart Press, s. r. o.\u00a0 Nakladatelstv\u00ed Smart Press, s. r. o. zalo\u017eila v roce 2005 Martina Boledovi\u010dov\u00e1. D\u00edky Josefu Form\u00e1nkovi (Prsat\u00fd mu\u017e a zlod\u011bj p\u0159\u00edb\u011bh\u016f), &hellip; <a href=\"https:\/\/klubzviktorky.cebin.eu\/index.php\/kontakt-vzkazy\/\" class=\"more-link\">Pokra\u010dov\u00e1n\u00ed textu <span class=\"screen-reader-text\">Kontakt, odkazy<\/span><\/a><\/p>\n","protected":false},"author":1,"featured_media":0,"parent":0,"menu_order":0,"comment_status":"closed","ping_status":"closed","template":"","meta":{"footnotes":""},"class_list":["post-247","page","type-page","status-publish","hentry"],"_links":{"self":[{"href":"https:\/\/klubzviktorky.cebin.eu\/index.php\/wp-json\/wp\/v2\/pages\/247","targetHints":{"allow":["GET"]}}],"collection":[{"href":"https:\/\/klubzviktorky.cebin.eu\/index.php\/wp-json\/wp\/v2\/pages"}],"about":[{"href":"https:\/\/klubzviktorky.cebin.eu\/index.php\/wp-json\/wp\/v2\/types\/page"}],"author":[{"embeddable":true,"href":"https:\/\/klubzviktorky.cebin.eu\/index.php\/wp-json\/wp\/v2\/users\/1"}],"replies":[{"embeddable":true,"href":"https:\/\/klubzviktorky.cebin.eu\/index.php\/wp-json\/wp\/v2\/comments?post=247"}],"version-history":[{"count":33,"href":"https:\/\/klubzviktorky.cebin.eu\/index.php\/wp-json\/wp\/v2\/pages\/247\/revisions"}],"predecessor-version":[{"id":8229,"href":"https:\/\/klubzviktorky.cebin.eu\/index.php\/wp-json\/wp\/v2\/pages\/247\/revisions\/8229"}],"wp:attachment":[{"href":"https:\/\/klubzviktorky.cebin.eu\/index.php\/wp-json\/wp\/v2\/media?parent=247"}],"curies":[{"name":"wp","href":"https:\/\/api.w.org\/{rel}","templated":true}]}}