{"id":256,"date":"2016-07-18T14:23:13","date_gmt":"2016-07-18T13:23:13","guid":{"rendered":"http:\/\/klubzviktorky.cebin.info\/index.php\/2016\/07\/18\/232-revision-v1\/"},"modified":"2025-01-16T22:47:46","modified_gmt":"2025-01-16T21:47:46","slug":"nadace","status":"publish","type":"page","link":"https:\/\/klubzviktorky.cebin.eu\/index.php\/nadace\/","title":{"rendered":"Nadace Princezny Viktorie"},"content":{"rendered":"\n<p>Klub z Viktorky z p\u0159\u00edsp\u011bvk\u016f sv\u00fdch \u010dlen\u016f a dar\u016f od p\u0159\u00e1tel klubu (\u010d\u00edslo \u00fa\u010dtu: 297623240\/0300) podporuje od roku 1997 r\u016fzn\u00e9 neziskov\u00e9 spole\u010densk\u00e9 aktivity. <\/p>\n\n\n\n<p>K <strong>31.12.2024<\/strong> v celkov\u00e9 v\u00fd\u0161i:<\/p>\n\n\n\n<p class=\"has-text-align-center has-medium-pink-color has-text-color has-large-font-size\">923 980 K\u010d<\/p>\n\n\n\n<p>V roce 2022 jsme jednor\u00e1zov\u011b p\u0159isp\u011bli do sb\u00edrky SOS Ukrajina:<\/p>\n\n\n\n<figure class=\"wp-block-image size-full\"><img loading=\"lazy\" decoding=\"async\" width=\"752\" height=\"852\" src=\"https:\/\/klubzviktorky.cebin.eu\/wp-content\/uploads\/2023\/08\/Clovek-v-tisni.png\" alt=\"\" class=\"wp-image-14317\" srcset=\"https:\/\/klubzviktorky.cebin.eu\/wp-content\/uploads\/2023\/08\/Clovek-v-tisni.png 752w, https:\/\/klubzviktorky.cebin.eu\/wp-content\/uploads\/2023\/08\/Clovek-v-tisni-265x300.png 265w\" sizes=\"auto, (max-width: 752px) 100vw, 752px\" \/><\/figure>\n\n\n<div class=\"MsoNormal\" style=\"margin: 0cm 0cm 0pt; line-height: normal;\" align=\"left\">\n<p style=\"text-align: left;\"><span style=\"color: #000000;\">Krom\u011b jednor\u00e1zov\u00fdch dar\u016f <\/span><span style=\"font-size: revert;\"><span style=\"color: #0000ff;\">dlouhodob\u011b<\/span> podporujeme <\/span><span style=\"color: #003300;\"><a style=\"color: #003300;\" href=\"http:\/\/www.lorm.cz\/pro-verejnost\/dekujeme\/\"><strong>Spole\u010dnost pro hluchoslep\u00e9 LORM<\/strong><\/a><\/span><strong style=\"font-size: revert;\"> &#8211; <\/strong><span style=\"font-size: revert;\">od 2004 a zat\u00edm v celkov\u00e9 v\u00fd\u0161i <\/span><span style=\"color: #ff0000;\"><strong style=\"font-size: revert;\">548 510<\/strong><\/span><span style=\"font-size: revert;\">\u00a0K\u010d<\/span><\/p>\n<\/div>\n<div>\n<p><blockquote class=\"wp-embedded-content\" data-secret=\"R3OJ65sNK9\"><a href=\"https:\/\/www.lorm.cz\/pro-verejnost\/dekujeme\/\">D\u011bkujeme<\/a><\/blockquote><iframe loading=\"lazy\" class=\"wp-embedded-content\" sandbox=\"allow-scripts\" security=\"restricted\" style=\"position: absolute; clip: rect(1px, 1px, 1px, 1px);\" title=\"&#8222;D\u011bkujeme&#8220; &#8212; Lorm\" src=\"https:\/\/www.lorm.cz\/pro-verejnost\/dekujeme\/embed\/#?secret=wP0es1uHk0#?secret=R3OJ65sNK9\" data-secret=\"R3OJ65sNK9\" width=\"600\" height=\"338\" frameborder=\"0\" marginwidth=\"0\" marginheight=\"0\" scrolling=\"no\"><\/iframe><\/p>\n<p><span style=\"font-size: revert;\">Z opakovan\u00fdch a jednor\u00e1zov\u00fdch dar\u016f v <\/span><strong style=\"font-size: revert;\"><span style=\"color: #993300;\">minulosti<\/span><\/strong><span style=\"font-size: revert;\">:<\/span><\/p>\n<\/div>\n<ul>\n<li><span style=\"color: #003300;\"><strong style=\"color: #003300;\"><a style=\"color: #003300;\" href=\"http:\/\/mediacenter.cebin.net\/www.sos-vesnicky.cz\/\"><span style=\"color: #0000ff;\">SOS D\u011btsk\u00e9 vesni\u010dky<\/span><\/a> <\/strong><\/span>pravideln\u00fd ro\u010dn\u00ed p\u0159\u00edsp\u011bvek<strong> 1 200<\/strong> K\u010d (1999 &#8211; 2020)<\/li>\n<li><strong><a href=\"http:\/\/bolito.cz\/specialni-operacni-nastroj\/\"><span style=\"color: #0000ff;\">Bol\u00edto &#8211; pomoc pop\u00e1len\u00fdm d\u011btem<\/span><\/a>\u00a0<\/strong>(2009 &#8211; 10 000 K\u010d)<\/li>\n<li><strong><span style=\"color: #0000ff;\"><a style=\"color: #0000ff;\" href=\"http:\/\/www.zdravotni-klaun.cz\/\">Ob\u010dansk\u00e9 sdru\u017een\u00ed Zdravotn\u00ed klaun<\/a><\/span>\u00a0<\/strong>(2009 &#8211; 10 000 K\u010d)<\/li>\n<li><strong><span style=\"color: #0000ff;\"><a style=\"color: #0000ff;\" href=\"http:\/\/www.inkaperu.cz\/\">Nada\u010dn\u00ed fond Inka<\/a><\/span>\u00a0<\/strong>(2004 &#8211;\u00a02008; celkem 40 500 K\u010d)<\/li>\n<\/ul>\n<p style=\"text-align: right;\"><a href=\"https:\/\/klubzviktorky.cebin.eu\/index.php\/nadace_inka\/\" target=\"_blank\" rel=\"noopener noreferrer\">Forma a c\u00edl podpory<\/a><\/p>\n<ul>\n<li><strong><a href=\"https:\/\/klubzviktorky.cebin.eu\/index.php\/vanocni-darky-detem\/\" target=\"_blank\" rel=\"noopener\"><span style=\"color: #0000ff;\">V\u00e1no\u010dn\u00ed d\u00e1rky d\u011btem<\/span><\/a>\u00a0<\/strong>(2001 &#8211; 2007; celkem 44 470 K\u010d)<\/li>\n<li><strong><span style=\"color: #0000ff;\"><a style=\"color: #0000ff;\" href=\"http:\/\/www.fod.cz\/klokanek.htm\">Klok\u00e1nek<\/a>\u00a0<\/span><\/strong>(15 000 K\u010d): N\u00e1vrh (2007)\u00a0\u2297\u2297\u2297 Realizace (2008)<\/li>\n<li><strong><span style=\"color: #0000ff;\"><a style=\"color: #0000ff;\" href=\"http:\/\/www.surya.cz\">Ob\u010dansk\u00e9 sdru\u017een\u00ed Surya<\/a><\/span>\u00a0<\/strong>(2007 &#8211; 4 000 K\u010d)<\/li>\n<li><strong><span style=\"color: #0000ff;\">Hluchoslep\u00e1 hol\u010di\u010dka S\u00e1ra<\/span> <\/strong>(2006 &#8211; 11 600 K\u010d)<\/li>\n<li><a href=\"https:\/\/klubzviktorky.cebin.eu\/wp-content\/uploads\/2018\/11\/Klok\u00e1nek.jpg\" target=\"_blank\" rel=\"noopener noreferrer\"><strong><span style=\"color: #0000ff;\">D\u011btsk\u00fd domov v Horn\u00edch Po\u010dernic\u00edch<\/span><\/strong><\/a>\u00a0(2001 &#8211; 5 000 K\u010d)<\/li>\n<li><strong><span style=\"color: #0000ff;\">Vysazen\u00ed l\u00edpy srd\u010dit\u00e9 ve Stromovce<\/span>\u00a0<\/strong>(1999 &#8211; 10 000 K\u010d)<\/li>\n<li><strong><span style=\"color: #0000ff;\">Ps\u00ed \u00fatulek<\/span> <\/strong>(1999 + 2000; celkem 21 000 K\u010d)<\/li>\n<li><strong><span style=\"color: #0000ff;\"><a style=\"color: #0000ff;\" href=\"https:\/\/www.zoopraha.cz\/\">Pra\u017esk\u00e1 ZOO<\/a><\/span>\u00a0<\/strong>(1997 &#8211; 2005; celkem 157 500 K\u010d) p\u0159ehled adoptovan\u00fdch zv\u00ed\u0159at <a href=\"https:\/\/klubzviktorky.cebin.eu\/index.php\/zoo\/\" target=\"_blank\" rel=\"noopener\"><span style=\"color: #ff0000;\">ZDE<\/span><\/a><\/li>\n<\/ul>\n<p><a href=\"http:\/\/klubzviktorky.cebin.info\/wp-content\/uploads\/2016\/07\/Klaun-1.jpg\"><img loading=\"lazy\" decoding=\"async\" class=\"aligncenter size-full wp-image-1392\" src=\"http:\/\/klubzviktorky.cebin.info\/wp-content\/uploads\/2016\/07\/Klaun-1.jpg\" alt=\"\" width=\"540\" height=\"884\" srcset=\"https:\/\/klubzviktorky.cebin.eu\/wp-content\/uploads\/2016\/07\/Klaun-1.jpg 540w, https:\/\/klubzviktorky.cebin.eu\/wp-content\/uploads\/2016\/07\/Klaun-1-183x300.jpg 183w\" sizes=\"auto, (max-width: 540px) 100vw, 540px\" \/><\/a><\/p>\n<p><a href=\"https:\/\/klubzviktorky.cebin.eu\/wp-content\/uploads\/2016\/07\/Lorm-2017.jpg\"><img loading=\"lazy\" decoding=\"async\" class=\"aligncenter size-full wp-image-1044\" src=\"https:\/\/klubzviktorky.cebin.eu\/wp-content\/uploads\/2016\/07\/Lorm-2017.jpg\" alt=\"\" width=\"1754\" height=\"1240\" srcset=\"https:\/\/klubzviktorky.cebin.eu\/wp-content\/uploads\/2016\/07\/Lorm-2017.jpg 1754w, https:\/\/klubzviktorky.cebin.eu\/wp-content\/uploads\/2016\/07\/Lorm-2017-300x212.jpg 300w, https:\/\/klubzviktorky.cebin.eu\/wp-content\/uploads\/2016\/07\/Lorm-2017-768x543.jpg 768w, https:\/\/klubzviktorky.cebin.eu\/wp-content\/uploads\/2016\/07\/Lorm-2017-1024x724.jpg 1024w\" sizes=\"auto, (max-width: 1754px) 100vw, 1754px\" \/><\/a><a href=\"http:\/\/klubzviktorky.cebin.info\/wp-content\/uploads\/2016\/07\/Podekovani.jpg\"><img loading=\"lazy\" decoding=\"async\" class=\"aligncenter size-full wp-image-2045\" src=\"http:\/\/klubzviktorky.cebin.info\/wp-content\/uploads\/2016\/07\/Podekovani.jpg\" alt=\"\" width=\"2876\" height=\"1988\" srcset=\"https:\/\/klubzviktorky.cebin.eu\/wp-content\/uploads\/2016\/07\/Podekovani.jpg 2876w, https:\/\/klubzviktorky.cebin.eu\/wp-content\/uploads\/2016\/07\/Podekovani-300x207.jpg 300w, https:\/\/klubzviktorky.cebin.eu\/wp-content\/uploads\/2016\/07\/Podekovani-768x531.jpg 768w, https:\/\/klubzviktorky.cebin.eu\/wp-content\/uploads\/2016\/07\/Podekovani-1024x708.jpg 1024w\" sizes=\"auto, (max-width: 2876px) 100vw, 2876px\" \/><\/a> <a href=\"http:\/\/klubzviktorky.cebin.info\/wp-content\/uploads\/2016\/07\/Podekovani-kola-mail.jpg\"><img loading=\"lazy\" decoding=\"async\" class=\"aligncenter size-full wp-image-2046\" src=\"http:\/\/klubzviktorky.cebin.info\/wp-content\/uploads\/2016\/07\/Podekovani-kola-mail.jpg\" alt=\"\" width=\"1786\" height=\"1188\" srcset=\"https:\/\/klubzviktorky.cebin.eu\/wp-content\/uploads\/2016\/07\/Podekovani-kola-mail.jpg 1786w, https:\/\/klubzviktorky.cebin.eu\/wp-content\/uploads\/2016\/07\/Podekovani-kola-mail-300x200.jpg 300w, https:\/\/klubzviktorky.cebin.eu\/wp-content\/uploads\/2016\/07\/Podekovani-kola-mail-768x511.jpg 768w, https:\/\/klubzviktorky.cebin.eu\/wp-content\/uploads\/2016\/07\/Podekovani-kola-mail-1024x681.jpg 1024w\" sizes=\"auto, (max-width: 1786px) 100vw, 1786px\" \/><\/a><\/p>\n<p><a href=\"http:\/\/klubzviktorky.cebin.info\/wp-content\/uploads\/2016\/07\/2005-zelvy.jpg\"><br \/><\/a> <a href=\"http:\/\/klubzviktorky.cebin.info\/wp-content\/uploads\/2016\/07\/1998-vydra-severoamericka-1.jpg\"><img loading=\"lazy\" decoding=\"async\" class=\"aligncenter size-full wp-image-2049\" src=\"http:\/\/klubzviktorky.cebin.info\/wp-content\/uploads\/2016\/07\/1998-vydra-severoamericka-1.jpg\" alt=\"\" width=\"1140\" height=\"783\" srcset=\"https:\/\/klubzviktorky.cebin.eu\/wp-content\/uploads\/2016\/07\/1998-vydra-severoamericka-1.jpg 1140w, https:\/\/klubzviktorky.cebin.eu\/wp-content\/uploads\/2016\/07\/1998-vydra-severoamericka-1-300x206.jpg 300w, https:\/\/klubzviktorky.cebin.eu\/wp-content\/uploads\/2016\/07\/1998-vydra-severoamericka-1-768x527.jpg 768w, https:\/\/klubzviktorky.cebin.eu\/wp-content\/uploads\/2016\/07\/1998-vydra-severoamericka-1-1024x703.jpg 1024w\" sizes=\"auto, (max-width: 1140px) 100vw, 1140px\" \/><\/a> <a href=\"http:\/\/klubzviktorky.cebin.info\/wp-content\/uploads\/2016\/07\/1999-lachtan-jihoafricky.jpg\"><img loading=\"lazy\" decoding=\"async\" class=\"aligncenter size-full wp-image-2050\" src=\"http:\/\/klubzviktorky.cebin.info\/wp-content\/uploads\/2016\/07\/1999-lachtan-jihoafricky.jpg\" alt=\"\" width=\"1149\" height=\"804\" srcset=\"https:\/\/klubzviktorky.cebin.eu\/wp-content\/uploads\/2016\/07\/1999-lachtan-jihoafricky.jpg 1149w, https:\/\/klubzviktorky.cebin.eu\/wp-content\/uploads\/2016\/07\/1999-lachtan-jihoafricky-300x210.jpg 300w, https:\/\/klubzviktorky.cebin.eu\/wp-content\/uploads\/2016\/07\/1999-lachtan-jihoafricky-768x537.jpg 768w, https:\/\/klubzviktorky.cebin.eu\/wp-content\/uploads\/2016\/07\/1999-lachtan-jihoafricky-1024x717.jpg 1024w\" sizes=\"auto, (max-width: 1149px) 100vw, 1149px\" \/><\/a><a href=\"http:\/\/klubzviktorky.cebin.info\/wp-content\/uploads\/2016\/07\/2000-hrosik-liberijsky.jpg\"><img loading=\"lazy\" decoding=\"async\" class=\"aligncenter size-full wp-image-2051\" src=\"http:\/\/klubzviktorky.cebin.info\/wp-content\/uploads\/2016\/07\/2000-hrosik-liberijsky.jpg\" alt=\"\" width=\"1153\" height=\"821\" srcset=\"https:\/\/klubzviktorky.cebin.eu\/wp-content\/uploads\/2016\/07\/2000-hrosik-liberijsky.jpg 1153w, https:\/\/klubzviktorky.cebin.eu\/wp-content\/uploads\/2016\/07\/2000-hrosik-liberijsky-300x214.jpg 300w, https:\/\/klubzviktorky.cebin.eu\/wp-content\/uploads\/2016\/07\/2000-hrosik-liberijsky-768x547.jpg 768w, https:\/\/klubzviktorky.cebin.eu\/wp-content\/uploads\/2016\/07\/2000-hrosik-liberijsky-1024x729.jpg 1024w\" sizes=\"auto, (max-width: 1153px) 100vw, 1153px\" \/><\/a> <a href=\"http:\/\/klubzviktorky.cebin.info\/wp-content\/uploads\/2016\/07\/2001-gepard.jpg\"><img loading=\"lazy\" decoding=\"async\" class=\"aligncenter size-full wp-image-2052\" src=\"http:\/\/klubzviktorky.cebin.info\/wp-content\/uploads\/2016\/07\/2001-gepard.jpg\" alt=\"\" width=\"1024\" height=\"735\" srcset=\"https:\/\/klubzviktorky.cebin.eu\/wp-content\/uploads\/2016\/07\/2001-gepard.jpg 1024w, https:\/\/klubzviktorky.cebin.eu\/wp-content\/uploads\/2016\/07\/2001-gepard-300x215.jpg 300w, https:\/\/klubzviktorky.cebin.eu\/wp-content\/uploads\/2016\/07\/2001-gepard-768x551.jpg 768w\" sizes=\"auto, (max-width: 1024px) 100vw, 1024px\" \/><\/a> <a href=\"http:\/\/klubzviktorky.cebin.info\/wp-content\/uploads\/2016\/07\/2003-medved-baribal.jpg\"><img loading=\"lazy\" decoding=\"async\" class=\"aligncenter size-full wp-image-2053\" src=\"http:\/\/klubzviktorky.cebin.info\/wp-content\/uploads\/2016\/07\/2003-medved-baribal.jpg\" alt=\"\" width=\"1731\" height=\"1233\" srcset=\"https:\/\/klubzviktorky.cebin.eu\/wp-content\/uploads\/2016\/07\/2003-medved-baribal.jpg 1731w, https:\/\/klubzviktorky.cebin.eu\/wp-content\/uploads\/2016\/07\/2003-medved-baribal-300x214.jpg 300w, https:\/\/klubzviktorky.cebin.eu\/wp-content\/uploads\/2016\/07\/2003-medved-baribal-768x547.jpg 768w, https:\/\/klubzviktorky.cebin.eu\/wp-content\/uploads\/2016\/07\/2003-medved-baribal-1024x729.jpg 1024w\" sizes=\"auto, (max-width: 1731px) 100vw, 1731px\" \/><\/a> <a href=\"http:\/\/klubzviktorky.cebin.info\/wp-content\/uploads\/2016\/07\/2004-7-zvirat-1.jpg\"><img loading=\"lazy\" decoding=\"async\" class=\"aligncenter size-full wp-image-2054\" src=\"http:\/\/klubzviktorky.cebin.info\/wp-content\/uploads\/2016\/07\/2004-7-zvirat-1.jpg\" alt=\"\" width=\"4613\" height=\"3296\" srcset=\"https:\/\/klubzviktorky.cebin.eu\/wp-content\/uploads\/2016\/07\/2004-7-zvirat-1.jpg 4613w, https:\/\/klubzviktorky.cebin.eu\/wp-content\/uploads\/2016\/07\/2004-7-zvirat-1-300x214.jpg 300w, https:\/\/klubzviktorky.cebin.eu\/wp-content\/uploads\/2016\/07\/2004-7-zvirat-1-768x549.jpg 768w, https:\/\/klubzviktorky.cebin.eu\/wp-content\/uploads\/2016\/07\/2004-7-zvirat-1-1024x732.jpg 1024w\" sizes=\"auto, (max-width: 4613px) 100vw, 4613px\" \/><\/a><\/p>\n<figure id=\"attachment_2048\" aria-describedby=\"caption-attachment-2048\" style=\"width: 813px\" class=\"wp-caption aligncenter\"><a href=\"http:\/\/klubzviktorky.cebin.info\/wp-content\/uploads\/2016\/07\/2005-zelvy.jpg\"><img loading=\"lazy\" decoding=\"async\" class=\"wp-image-2048 size-full\" src=\"http:\/\/klubzviktorky.cebin.info\/wp-content\/uploads\/2016\/07\/2005-zelvy.jpg\" alt=\"\" width=\"813\" height=\"1112\" srcset=\"https:\/\/klubzviktorky.cebin.eu\/wp-content\/uploads\/2016\/07\/2005-zelvy.jpg 813w, https:\/\/klubzviktorky.cebin.eu\/wp-content\/uploads\/2016\/07\/2005-zelvy-219x300.jpg 219w, https:\/\/klubzviktorky.cebin.eu\/wp-content\/uploads\/2016\/07\/2005-zelvy-768x1050.jpg 768w, https:\/\/klubzviktorky.cebin.eu\/wp-content\/uploads\/2016\/07\/2005-zelvy-749x1024.jpg 749w\" sizes=\"auto, (max-width: 813px) 100vw, 813px\" \/><\/a><figcaption id=\"caption-attachment-2048\" class=\"wp-caption-text\">D\u011bkuji V\u00e1m za Va\u0161i aktivitu a pomoc a d\u011bkuji i panu Velensk\u00e9mu, \u017ee spolu rovnou hled\u00e1te formu, jak lidem, kte\u0159\u00ed se na pomoci pod\u00edlej\u00ed, zaj\u00edmav\u011b a \u00fa\u010dinn\u011b pod\u011bkovat. Za pen\u00edze nav\u00edc od V\u00e1s jsem vd\u011b\u010den dvojn\u00e1sobn\u011b, nebo\u0165 je c\u00edl\u00edte na projekt Shellshock, a to V\u00e1m i n\u00e1m d\u011bl\u00e1 jenom \u010dest, mj. i za hranicemi na\u0161\u00ed zem\u011b. Je\u0161t\u011b jednou d\u011bkuji. Petr Fejk, \u0159editel Zoo Praha.<\/figcaption><\/figure>\n<p><a href=\"http:\/\/klubzviktorky.cebin.info\/wp-content\/uploads\/2016\/07\/L\u00edpa-srd\u010dit\u00e1.jpg\"><img loading=\"lazy\" decoding=\"async\" class=\"aligncenter size-full wp-image-2041\" src=\"http:\/\/klubzviktorky.cebin.info\/wp-content\/uploads\/2016\/07\/L\u00edpa-srd\u010dit\u00e1.jpg\" alt=\"\" width=\"3157\" height=\"2151\" srcset=\"https:\/\/klubzviktorky.cebin.eu\/wp-content\/uploads\/2016\/07\/L\u00edpa-srd\u010dit\u00e1.jpg 3157w, https:\/\/klubzviktorky.cebin.eu\/wp-content\/uploads\/2016\/07\/L\u00edpa-srd\u010dit\u00e1-300x204.jpg 300w, https:\/\/klubzviktorky.cebin.eu\/wp-content\/uploads\/2016\/07\/L\u00edpa-srd\u010dit\u00e1-768x523.jpg 768w, https:\/\/klubzviktorky.cebin.eu\/wp-content\/uploads\/2016\/07\/L\u00edpa-srd\u010dit\u00e1-1024x698.jpg 1024w\" sizes=\"auto, (max-width: 3157px) 100vw, 3157px\" \/><\/a><\/p>\n\n\n<p><\/p>\n","protected":false},"excerpt":{"rendered":"<p>Klub z Viktorky z p\u0159\u00edsp\u011bvk\u016f sv\u00fdch \u010dlen\u016f a dar\u016f od p\u0159\u00e1tel klubu (\u010d\u00edslo \u00fa\u010dtu: 297623240\/0300) podporuje od roku 1997 r\u016fzn\u00e9 neziskov\u00e9 spole\u010densk\u00e9 aktivity. K 31.12.2024 v celkov\u00e9 v\u00fd\u0161i: 923 980 K\u010d V roce 2022 jsme jednor\u00e1zov\u011b p\u0159isp\u011bli do sb\u00edrky SOS Ukrajina: Krom\u011b jednor\u00e1zov\u00fdch dar\u016f dlouhodob\u011b podporujeme Spole\u010dnost pro hluchoslep\u00e9 LORM &#8211; od 2004 a zat\u00edm &hellip; <a href=\"https:\/\/klubzviktorky.cebin.eu\/index.php\/nadace\/\" class=\"more-link\">Pokra\u010dov\u00e1n\u00ed textu <span class=\"screen-reader-text\">Nadace Princezny Viktorie<\/span><\/a><\/p>\n","protected":false},"author":1,"featured_media":6665,"parent":0,"menu_order":0,"comment_status":"closed","ping_status":"closed","template":"","meta":{"footnotes":""},"class_list":["post-256","page","type-page","status-publish","has-post-thumbnail","hentry"],"_links":{"self":[{"href":"https:\/\/klubzviktorky.cebin.eu\/index.php\/wp-json\/wp\/v2\/pages\/256","targetHints":{"allow":["GET"]}}],"collection":[{"href":"https:\/\/klubzviktorky.cebin.eu\/index.php\/wp-json\/wp\/v2\/pages"}],"about":[{"href":"https:\/\/klubzviktorky.cebin.eu\/index.php\/wp-json\/wp\/v2\/types\/page"}],"author":[{"embeddable":true,"href":"https:\/\/klubzviktorky.cebin.eu\/index.php\/wp-json\/wp\/v2\/users\/1"}],"replies":[{"embeddable":true,"href":"https:\/\/klubzviktorky.cebin.eu\/index.php\/wp-json\/wp\/v2\/comments?post=256"}],"version-history":[{"count":73,"href":"https:\/\/klubzviktorky.cebin.eu\/index.php\/wp-json\/wp\/v2\/pages\/256\/revisions"}],"predecessor-version":[{"id":14696,"href":"https:\/\/klubzviktorky.cebin.eu\/index.php\/wp-json\/wp\/v2\/pages\/256\/revisions\/14696"}],"wp:featuredmedia":[{"embeddable":true,"href":"https:\/\/klubzviktorky.cebin.eu\/index.php\/wp-json\/wp\/v2\/media\/6665"}],"wp:attachment":[{"href":"https:\/\/klubzviktorky.cebin.eu\/index.php\/wp-json\/wp\/v2\/media?parent=256"}],"curies":[{"name":"wp","href":"https:\/\/api.w.org\/{rel}","templated":true}]}}