{"id":2606,"date":"2015-03-28T13:59:03","date_gmt":"2015-03-28T12:59:03","guid":{"rendered":"http:\/\/klubzviktorky.cebin.info\/?page_id=2606"},"modified":"2018-08-16T12:33:31","modified_gmt":"2018-08-16T11:33:31","slug":"leguan","status":"publish","type":"page","link":"https:\/\/klubzviktorky.cebin.eu\/index.php\/leguan\/","title":{"rendered":"Legu\u00e1n"},"content":{"rendered":"<p><span style=\"font-size: 13pt; font-family: 'Arial CE';\">Halov\u00fd fotbalov\u00fd turnaj po\u0159\u00e1dan\u00fd ka\u017ed\u00fd rok na po\u010dest za\u010d\u00e1tku\u00a0jara\u00a0v \u010cel\u00e1kovic\u00edch v <a href=\"http:\/\/www.kamenka-celakovice.cz\">Z\u0160 Kamenka<\/a><\/span><span style=\"font-size: 13pt; font-family: 'Arial CE';\">. N\u00e1zev turnaje je inspirov\u00e1n prvn\u00edm zv\u00ed\u0159etem, kter\u00e9 <span style=\"font-weight: bold; color: #800000;\">Klub z Viktorky<\/span> adoptoval v <a href=\"http:\/\/www.zoopraha.cz\/cs\/\" target=\"_blank\" rel=\"noopener noreferrer\">Pra\u017esk\u00e9 ZOO<\/a>.<\/span><span style=\"font-size: 13pt; font-family: 'Arial CE';\"> T\u00edm byl v roce 1997<span style=\"color: #800000;\"><strong> legu\u00e1n<\/strong> .<\/span>..<\/span><\/p>\n<p style=\"text-align: center;\">\u00a0<span style=\"font-size: 13pt; font-family: 'Arial CE';\"><strong>Z\u00fa\u010dastn\u011bn\u00e9 t\u00fdmy:<\/strong><br \/>\n<a href=\"http:\/\/mujtym.psmf.cz\/rudy-teror\/index.php\">Rud\u00fd Teror<\/a> (17x), <a href=\"http:\/\/klubzviktorky.cebin.info\/index.php\/viktorcin-smich\/\">Viktor\u010din Sm\u00edch<\/a> (17x), <a href=\"http:\/\/www.albi.cz\">Albi<\/a> (14x), Bez My\u0161lenky (7x), Hellworms (7x), KC Karvinsk\u00e1 Clica (4x), Severn\u00ed V\u00edtr (4x), Horalov\u00e9 (3x), LBD 96 (3x), C\u00e1kalov\u00e9 (2x), RSC Kr\u00e1lovsk\u00e9 Vinohrady (2x), \u0160evci (2x), Newton Team (1999), Legie Zk\u00e1zy (1999), Burza (1999), Bad Dream Team (1999), Tel\u010d (2000), Dem\u00ednka (2000), Mlsn\u00fd Bobr (2001), Manx (2002), Flying Bullshooters (2003), Severn\u00ed V\u00edtr z Viktorky (2004), TMK \u010cern\u00fd Kon\u011b (2004), Beru\u0161ky &#8222;A&#8220; (2005), Los Lobos (2006), VS Hrab\u011b (2009), Purka De Murka (2013), FC Rusk\u00e1 (2014)<\/span><\/p>\n<h2 style=\"text-align: center;\">aktu\u00e1ln\u00ed ro\u010dn\u00edk 2018 <span style=\"color: #800000;\"><a style=\"color: #800000;\" href=\"http:\/\/klubzviktorky.cebin.info\/index.php\/leguan-2018\/\">zde<\/a><\/span><\/h2>\n<p>Pravidla: <span style=\"color: #800000;\"><strong><a style=\"color: #800000;\" href=\"http:\/\/klubzviktorky.cebin.info\/wp-content\/uploads\/2015\/03\/Legu\u00e1n-pravidla-2018.doc\">ZDE<\/a><\/strong><\/span><\/p>\n<p>Historie:\u00a0<a href=\"http:\/\/klubzviktorky.cebin.info\/index.php\/leguan2016\/\">2016 (18)<\/a>\u00a0<a href=\"http:\/\/klubzviktorky.cebin.info\/index.php\/leguan2015\/\">2015 (17)<\/a><\/p>\n<p>V\u00edt\u011bzn\u00fd t\u00fdm 2018: <span style=\"color: #800000;\"><strong>\u0160evci<\/strong><\/span><\/p>\n<p><a href=\"http:\/\/klubzviktorky.cebin.info\/wp-content\/uploads\/2015\/03\/\u0160evci.jpg\"><img loading=\"lazy\" decoding=\"async\" class=\"aligncenter size-full wp-image-2943\" src=\"http:\/\/klubzviktorky.cebin.info\/wp-content\/uploads\/2015\/03\/\u0160evci.jpg\" alt=\"\" width=\"2201\" height=\"1571\" srcset=\"https:\/\/klubzviktorky.cebin.eu\/wp-content\/uploads\/2015\/03\/\u0160evci.jpg 2201w, https:\/\/klubzviktorky.cebin.eu\/wp-content\/uploads\/2015\/03\/\u0160evci-300x214.jpg 300w, https:\/\/klubzviktorky.cebin.eu\/wp-content\/uploads\/2015\/03\/\u0160evci-768x548.jpg 768w, https:\/\/klubzviktorky.cebin.eu\/wp-content\/uploads\/2015\/03\/\u0160evci-1024x731.jpg 1024w\" sizes=\"auto, (max-width: 2201px) 100vw, 2201px\" \/><\/a><\/p>\n<p>Fotky na\u0161eho legu\u00e1na:<\/p>\n<p><a href=\"https:\/\/klubzviktorky.cebin.eu\/wp-content\/uploads\/2018\/08\/DSC02097.jpg\"><img loading=\"lazy\" decoding=\"async\" class=\"aligncenter size-full wp-image-4963\" src=\"https:\/\/klubzviktorky.cebin.eu\/wp-content\/uploads\/2018\/08\/DSC02097.jpg\" alt=\"\" width=\"3072\" height=\"2048\" srcset=\"https:\/\/klubzviktorky.cebin.eu\/wp-content\/uploads\/2018\/08\/DSC02097.jpg 3072w, https:\/\/klubzviktorky.cebin.eu\/wp-content\/uploads\/2018\/08\/DSC02097-300x200.jpg 300w, https:\/\/klubzviktorky.cebin.eu\/wp-content\/uploads\/2018\/08\/DSC02097-768x512.jpg 768w, https:\/\/klubzviktorky.cebin.eu\/wp-content\/uploads\/2018\/08\/DSC02097-1024x683.jpg 1024w\" sizes=\"auto, (max-width: 3072px) 100vw, 3072px\" \/><\/a><\/p>\n","protected":false},"excerpt":{"rendered":"<p>Halov\u00fd fotbalov\u00fd turnaj po\u0159\u00e1dan\u00fd ka\u017ed\u00fd rok na po\u010dest za\u010d\u00e1tku\u00a0jara\u00a0v \u010cel\u00e1kovic\u00edch v Z\u0160 Kamenka. N\u00e1zev turnaje je inspirov\u00e1n prvn\u00edm zv\u00ed\u0159etem, kter\u00e9 Klub z Viktorky adoptoval v Pra\u017esk\u00e9 ZOO. T\u00edm byl v roce 1997 legu\u00e1n &#8230; \u00a0Z\u00fa\u010dastn\u011bn\u00e9 t\u00fdmy: Rud\u00fd Teror (17x), Viktor\u010din Sm\u00edch (17x), Albi (14x), Bez My\u0161lenky (7x), Hellworms (7x), KC Karvinsk\u00e1 Clica (4x), Severn\u00ed V\u00edtr &hellip; <a href=\"https:\/\/klubzviktorky.cebin.eu\/index.php\/leguan\/\" class=\"more-link\">Pokra\u010dov\u00e1n\u00ed textu <span class=\"screen-reader-text\">Legu\u00e1n<\/span><\/a><\/p>\n","protected":false},"author":1,"featured_media":2656,"parent":0,"menu_order":0,"comment_status":"closed","ping_status":"closed","template":"","meta":{"footnotes":""},"class_list":["post-2606","page","type-page","status-publish","has-post-thumbnail","hentry"],"_links":{"self":[{"href":"https:\/\/klubzviktorky.cebin.eu\/index.php\/wp-json\/wp\/v2\/pages\/2606","targetHints":{"allow":["GET"]}}],"collection":[{"href":"https:\/\/klubzviktorky.cebin.eu\/index.php\/wp-json\/wp\/v2\/pages"}],"about":[{"href":"https:\/\/klubzviktorky.cebin.eu\/index.php\/wp-json\/wp\/v2\/types\/page"}],"author":[{"embeddable":true,"href":"https:\/\/klubzviktorky.cebin.eu\/index.php\/wp-json\/wp\/v2\/users\/1"}],"replies":[{"embeddable":true,"href":"https:\/\/klubzviktorky.cebin.eu\/index.php\/wp-json\/wp\/v2\/comments?post=2606"}],"version-history":[{"count":31,"href":"https:\/\/klubzviktorky.cebin.eu\/index.php\/wp-json\/wp\/v2\/pages\/2606\/revisions"}],"predecessor-version":[{"id":4964,"href":"https:\/\/klubzviktorky.cebin.eu\/index.php\/wp-json\/wp\/v2\/pages\/2606\/revisions\/4964"}],"wp:featuredmedia":[{"embeddable":true,"href":"https:\/\/klubzviktorky.cebin.eu\/index.php\/wp-json\/wp\/v2\/media\/2656"}],"wp:attachment":[{"href":"https:\/\/klubzviktorky.cebin.eu\/index.php\/wp-json\/wp\/v2\/media?parent=2606"}],"curies":[{"name":"wp","href":"https:\/\/api.w.org\/{rel}","templated":true}]}}