{"id":3232,"date":"2018-04-11T09:59:06","date_gmt":"2018-04-11T08:59:06","guid":{"rendered":"https:\/\/klubzviktorky.cebin.eu\/?page_id=3232"},"modified":"2018-05-11T12:04:51","modified_gmt":"2018-05-11T11:04:51","slug":"celakovicky-stolni-mag","status":"publish","type":"page","link":"https:\/\/klubzviktorky.cebin.eu\/index.php\/celakovicky-stolni-mag\/","title":{"rendered":"Stoln\u00ed M\u00e1g"},"content":{"rendered":"<p style=\"text-align: center;\">Mistrovstv\u00ed \u010cel\u00e1kovic a okol\u00ed ve stoln\u00edm curlingu<\/p>\n<p>Hrac\u00ed syst\u00e9m 2018: z\u00e1kladn\u00ed skupina jednokolov\u011b ka\u017ed\u00fd s ka\u017ed\u00fdm, semifin\u00e1le 1v4 a 2v3, fin\u00e1lov\u00fd z\u00e1pas, z\u00e1pas na 4 endy, po\u010d\u00edtaj\u00ed se kameny, za v\u00edt\u011bzstv\u00ed 2 body, rem\u00edza 1 bod, rozhoduje celkov\u00fd sou\u010det bod\u016f, p\u0159i jejich rovnosti vz\u00e1jemn\u00fd z\u00e1pas, p\u0159i bodov\u00e9 rovnosti t\u0159\u00ed hr\u00e1\u010d\u016f pom\u011br kamen\u016f. \u00a0V p\u0159\u00edpad\u011b v\u011bt\u0161\u00edho po\u010dtu hr\u00e1\u010d\u016f bude upraveno.<\/p>\n<p>4. ro\u010dn\u00edk 2018 &#8211; v\u00edt\u011bz: <a href=\"https:\/\/klubzviktorky.cebin.eu\/index.php\/soulek\/\"><span style=\"color: #0000ff;\">V. Soulek<\/span><\/a>; Report\u00e1\u017e <span style=\"color: #ff0000;\"><a href=\"https:\/\/klubzviktorky.cebin.eu\/index.php\/celakovicky-stolni-mag-2018\/\"><span style=\"color: #ff0000;\">ZDE<\/span><\/a><\/span><br \/>\n3. ro\u010dn\u00edk 2017 &#8211; v\u00edt\u011bz: <a href=\"https:\/\/klubzviktorky.cebin.eu\/index.php\/soulek\/\"><span style=\"color: #0000ff;\">V. Soulek<\/span><\/a>; Report\u00e1\u017e <span style=\"color: #ff0000;\"><a style=\"color: #ff0000;\" href=\"https:\/\/klubzviktorky.cebin.eu\/index.php\/stolni-mag-celakovic\/\">ZDE<\/a><\/span><br \/>\n2. ro\u010dn\u00edk 2016 &#8211; v\u00edt\u011bz: <a href=\"https:\/\/klubzviktorky.cebin.eu\/index.php\/soulek\/\"><span style=\"color: #0000ff;\">V. Soulek<\/span><\/a>; Report\u00e1\u017e <a href=\"https:\/\/klubzviktorky.cebin.eu\/index.php\/stolnimag2016\/\"><span style=\"color: #ff0000;\">ZDE<\/span><\/a><br \/>\n1. ro\u010dn\u00edk 2015 &#8211; v\u00edt\u011bz: <a href=\"https:\/\/klubzviktorky.cebin.eu\/index.php\/soulek\/\"><span style=\"color: #0000ff;\">V. Soulek<\/span><\/a>; Report\u00e1\u017e <a href=\"https:\/\/klubzviktorky.cebin.eu\/index.php\/stolnimag2015\/\"><span style=\"color: #ff0000;\">ZDE<\/span><\/a><\/p>\n<p><img loading=\"lazy\" decoding=\"async\" class=\"aligncenter size-full wp-image-3284\" src=\"https:\/\/klubzviktorky.cebin.eu\/wp-content\/uploads\/2018\/04\/SM1.jpg\" alt=\"\" width=\"616\" height=\"685\" srcset=\"https:\/\/klubzviktorky.cebin.eu\/wp-content\/uploads\/2018\/04\/SM1.jpg 616w, https:\/\/klubzviktorky.cebin.eu\/wp-content\/uploads\/2018\/04\/SM1-270x300.jpg 270w\" sizes=\"auto, (max-width: 616px) 100vw, 616px\" \/><\/p>\n<figure id=\"attachment_496\" aria-describedby=\"caption-attachment-496\" style=\"width: 1360px\" class=\"wp-caption aligncenter\"><img loading=\"lazy\" decoding=\"async\" class=\"size-full wp-image-496\" src=\"https:\/\/klubzviktorky.cebin.eu\/wp-content\/uploads\/2017\/05\/16.jpg\" alt=\"\" width=\"1360\" height=\"2048\" srcset=\"https:\/\/klubzviktorky.cebin.eu\/wp-content\/uploads\/2017\/05\/16.jpg 1360w, https:\/\/klubzviktorky.cebin.eu\/wp-content\/uploads\/2017\/05\/16-199x300.jpg 199w, https:\/\/klubzviktorky.cebin.eu\/wp-content\/uploads\/2017\/05\/16-768x1157.jpg 768w, https:\/\/klubzviktorky.cebin.eu\/wp-content\/uploads\/2017\/05\/16-680x1024.jpg 680w\" sizes=\"auto, (max-width: 1360px) 100vw, 1360px\" \/><figcaption id=\"caption-attachment-496\" class=\"wp-caption-text\">Ji\u017e \u010dty\u0159n\u00e1sobn\u00fd v\u00edt\u011bz &#8211; skute\u010dn\u00fd stoln\u00ed m\u00e1g &#8211; Vl\u00e1\u010fa Soulek.<\/figcaption><\/figure>\n","protected":false},"excerpt":{"rendered":"<p>Mistrovstv\u00ed \u010cel\u00e1kovic a okol\u00ed ve stoln\u00edm curlingu Hrac\u00ed syst\u00e9m 2018: z\u00e1kladn\u00ed skupina jednokolov\u011b ka\u017ed\u00fd s ka\u017ed\u00fdm, semifin\u00e1le 1v4 a 2v3, fin\u00e1lov\u00fd z\u00e1pas, z\u00e1pas na 4 endy, po\u010d\u00edtaj\u00ed se kameny, za v\u00edt\u011bzstv\u00ed 2 body, rem\u00edza 1 bod, rozhoduje celkov\u00fd sou\u010det bod\u016f, p\u0159i jejich rovnosti vz\u00e1jemn\u00fd z\u00e1pas, p\u0159i bodov\u00e9 rovnosti t\u0159\u00ed hr\u00e1\u010d\u016f pom\u011br kamen\u016f. \u00a0V p\u0159\u00edpad\u011b v\u011bt\u0161\u00edho &hellip; <a href=\"https:\/\/klubzviktorky.cebin.eu\/index.php\/celakovicky-stolni-mag\/\" class=\"more-link\">Pokra\u010dov\u00e1n\u00ed textu <span class=\"screen-reader-text\">Stoln\u00ed M\u00e1g<\/span><\/a><\/p>\n","protected":false},"author":1,"featured_media":497,"parent":0,"menu_order":0,"comment_status":"closed","ping_status":"closed","template":"","meta":{"footnotes":""},"class_list":["post-3232","page","type-page","status-publish","has-post-thumbnail","hentry"],"_links":{"self":[{"href":"https:\/\/klubzviktorky.cebin.eu\/index.php\/wp-json\/wp\/v2\/pages\/3232","targetHints":{"allow":["GET"]}}],"collection":[{"href":"https:\/\/klubzviktorky.cebin.eu\/index.php\/wp-json\/wp\/v2\/pages"}],"about":[{"href":"https:\/\/klubzviktorky.cebin.eu\/index.php\/wp-json\/wp\/v2\/types\/page"}],"author":[{"embeddable":true,"href":"https:\/\/klubzviktorky.cebin.eu\/index.php\/wp-json\/wp\/v2\/users\/1"}],"replies":[{"embeddable":true,"href":"https:\/\/klubzviktorky.cebin.eu\/index.php\/wp-json\/wp\/v2\/comments?post=3232"}],"version-history":[{"count":20,"href":"https:\/\/klubzviktorky.cebin.eu\/index.php\/wp-json\/wp\/v2\/pages\/3232\/revisions"}],"predecessor-version":[{"id":3843,"href":"https:\/\/klubzviktorky.cebin.eu\/index.php\/wp-json\/wp\/v2\/pages\/3232\/revisions\/3843"}],"wp:featuredmedia":[{"embeddable":true,"href":"https:\/\/klubzviktorky.cebin.eu\/index.php\/wp-json\/wp\/v2\/media\/497"}],"wp:attachment":[{"href":"https:\/\/klubzviktorky.cebin.eu\/index.php\/wp-json\/wp\/v2\/media?parent=3232"}],"curies":[{"name":"wp","href":"https:\/\/api.w.org\/{rel}","templated":true}]}}