{"id":4577,"date":"2000-07-10T12:00:01","date_gmt":"2000-07-10T11:00:01","guid":{"rendered":"https:\/\/klubzviktorky.cebin.eu\/?page_id=4577"},"modified":"2019-06-24T14:02:05","modified_gmt":"2019-06-24T13:02:05","slug":"kolega-karel","status":"publish","type":"page","link":"https:\/\/klubzviktorky.cebin.eu\/index.php\/kolega-karel\/","title":{"rendered":"Kolega Karel"},"content":{"rendered":"<p>C\u00edlem v\u00fdletn\u00edho odd\u00edlu Kolegy Karla je zdol\u00e1n\u00ed v\u0161ech nejvy\u0161\u0161\u00edch a nejzaj\u00edmav\u011bj\u0161\u00edch vrchol\u016f v \u010cesku a okol\u00ed + objeven\u00ed pramen\u016f a splut\u00ed nejv\u00fdznamn\u011bj\u0161\u00edch \u0159ek.<\/p>\n<p><b><br \/>\nKde jsme byli:<\/b><\/p>\n<p style=\"font-size: 13pt;\"><span style=\"color: #000080;\"><strong>2000<\/strong><\/span> \u0158\u00edp (<b>461<\/b>m): 1. vrchol byl v\u00fdznamn\u00fd sp\u00ed\u0161e historicky, ne\u017e v\u00fd\u0161kov\u011b<br \/>\n<span style=\"color: #000080;\"><strong>2001<\/strong><\/span> Smrk (<b>1124m<\/b>): Jizersk\u00e9 hory<br \/>\n<span style=\"color: #000080;\"><strong>2002<\/strong><\/span> 2x Mile\u0161ovka (<span style=\"color: #333300;\"><b>837<\/b><\/span>m): \u010cesk\u00e9 st\u0159edoho\u0159\u00ed (<a href=\"https:\/\/klubzviktorky.cebin.eu\/index.php\/2002-milesovka\/\"><strong><span style=\"color: #800000;\">FOTO<\/span><\/strong><\/a>)<br \/>\n<span style=\"color: #000080;\"><strong>2003<\/strong><\/span> Javorov\u00e1 sk\u00e1la (<b>723<\/b>m): Vla\u0161imsk\u00e1 pahorkatina<br \/>\n<span style=\"color: #000080;\"><strong>2004<\/strong><\/span> 35 !!!&nbsp;lid\u00ed na Kleti (<b>1084<\/b>m): \u0160umavsk\u00e9 podh\u016f\u0159\u00ed&nbsp;(<span style=\"color: #800000;\"><strong><a style=\"color: #800000;\" href=\"https:\/\/klubzviktorky.cebin.eu\/index.php\/232-revision-v1-25\/\">FOTO<\/a><\/strong><\/span>)<br \/>\n<span style=\"color: #000080;\"><strong>2005<\/strong><\/span> Lys\u00e1 hora (<b>1323<\/b>m): Moravskoslezsk\u00e9 Beskydy &#8211; v mlze a de\u0161ti<br \/>\n<span style=\"color: #000080;\"><strong>2006<\/strong><\/span> Lu\u017e&nbsp;(<span style=\"color: #333300;\"><b>793<\/b><\/span>m): Lu\u017eick\u00e9 hory &#8211; s hyperaktivn\u00edm Mik. Kramosilem&nbsp;(<strong><span style=\"color: #993300;\"><a style=\"color: #993300;\" href=\"https:\/\/klubzviktorky.cebin.eu\/index.php\/232-revision-v1-26\/\">FOTO<\/a><\/span><\/strong>)<br \/>\n<span style=\"color: #000080;\"><strong>2007<\/strong><\/span> Vsack\u00fd C\u00e1b (<b>841<\/b>m): z chaty p\u00e1r v\u00fd\u0161kov\u00fdch metr\u016f tak akor\u00e1t pro t\u011bhulky<br \/>\n<span style=\"color: #000080;\"><strong>2008<\/strong><\/span> Sokol (<b>562<\/b>m): Ji\u010d\u00ednsk\u00e1 pahorkatina &#8211; d\u011bti jsme zat\u00edm&nbsp;vynesli&nbsp;(<span style=\"color: #800000;\"><strong><a style=\"color: #800000;\" href=\"https:\/\/klubzviktorky.cebin.eu\/index.php\/232-revision-v1-23\/\">FOTO<\/a><\/strong><\/span>)<br \/>\n<span style=\"color: #000080;\"><strong>2009<\/strong><\/span> Rade\u010d (<b>721<\/b>m): K\u0159ivokl\u00e1tsk\u00e1 vrchovina (<span style=\"color: #800000;\"><strong><a style=\"color: #800000;\" href=\"https:\/\/klubzviktorky.cebin.eu\/index.php\/232-revision-v1-24\/\">FOTO<\/a><\/strong><\/span>)<br \/>\n<span style=\"color: #000080;\"><strong>2013<\/strong> <\/span>Blan\u00edk (<span style=\"color: #333300;\"><b>638<\/b><\/span>m): obnoven\u00ed \u010dinnosti v r\u00e1mci SPAVKY&nbsp;(<strong><span style=\"color: #800000;\"><a style=\"color: #800000;\" href=\"https:\/\/klubzviktorky.cebin.eu\/index.php\/spavka2013\/\">FOTO<\/a><\/span><\/strong>)<br \/>\n<span style=\"color: #000080;\"><b>2015<\/b><\/span> Sn\u011b\u017eka (<span style=\"color: #333300;\"><b>1602<\/b><\/span>m): Krkono\u0161e &#8211; 3 dny p\u0159echod z Harrachova do Pece s d\u011btmi a &nbsp; &nbsp;se span\u00edm na Labsk\u00e9 a Lu\u010dn\u00ed boud\u011b&nbsp;+ pramen&nbsp;<strong><span style=\"color: #003300;\">Labe<\/span> <\/strong>(<strong><span style=\"color: #800000;\"><a style=\"color: #800000;\" href=\"https:\/\/klubzviktorky.cebin.eu\/index.php\/232-revision-v1-21\/\">FOTO<\/a><\/span><\/strong>)<br \/>\n<span style=\"color: #000080;\"><strong>2016<\/strong> <\/span>\u0160umava \u2013 pramen <strong><span style=\"color: #003300;\">Vltavy<\/span> <\/strong><span style=\"color: #800000;\">(<strong><a style=\"color: #800000;\" href=\"https:\/\/klubzviktorky.cebin.eu\/index.php\/sumava-pramen-vltavy\/\" target=\"_blank\" rel=\"noopener noreferrer\">FOTO<\/a><\/strong>)<\/span><br \/>\n<span style=\"color: #000080;\"><strong>2017<\/strong><\/span> Kr\u00e1lick\u00fd Sn\u011b\u017en\u00edk + pramen <strong><span style=\"color: #003300;\">Moravy<\/span> <\/strong>(<a href=\"https:\/\/klubzviktorky.cebin.eu\/index.php\/kralicky-sneznik-pramen-moravy\/\" target=\"_blank\" rel=\"noopener noreferrer\"><span style=\"color: #800000;\"><strong>FOTO<\/strong><\/span><\/a>)<br \/>\n<span style=\"color: #000080;\"><strong>2018<\/strong> <\/span>Vltava <span style=\"color: #800000;\">(<a style=\"color: #800000;\" href=\"https:\/\/klubzviktorky.cebin.eu\/index.php\/vltava-2018\/\" target=\"_blank\" rel=\"noopener noreferrer\"><strong>FOTO<\/strong><\/a>)<\/span><br \/>\n<span style=\"color: #000080;\"><strong>2019<\/strong>&nbsp;<\/span>Letn\u00ed Jizerky: Smrk (<b>1124m<\/b>) + Polsko + pramen <strong><span style=\"color: #003300;\">Jizery&nbsp;<\/span><\/strong><span style=\"color: #800000;\">(<a style=\"color: #800000;\" href=\"https:\/\/klubzviktorky.cebin.eu\/index.php\/jizerky-letni-2019\/\" target=\"_blank\" rel=\"noopener noreferrer\"><strong>FOTO<\/strong><\/a>)<\/span><\/p>\n<p style=\"text-align: center;\">V R CH O L O V \u00c1&nbsp;&nbsp; F O T A<\/p>\n<figure id=\"attachment_9651\" aria-describedby=\"caption-attachment-9651\" style=\"width: 1203px\" class=\"wp-caption aligncenter\"><a href=\"https:\/\/klubzviktorky.cebin.eu\/wp-content\/uploads\/2019\/06\/DSC00456-1.jpg\"><img loading=\"lazy\" decoding=\"async\" class=\"wp-image-9651 size-full\" src=\"https:\/\/klubzviktorky.cebin.eu\/wp-content\/uploads\/2019\/06\/DSC00456-1.jpg\" alt=\"\" width=\"1203\" height=\"806\" srcset=\"https:\/\/klubzviktorky.cebin.eu\/wp-content\/uploads\/2019\/06\/DSC00456-1.jpg 1203w, https:\/\/klubzviktorky.cebin.eu\/wp-content\/uploads\/2019\/06\/DSC00456-1-300x201.jpg 300w, https:\/\/klubzviktorky.cebin.eu\/wp-content\/uploads\/2019\/06\/DSC00456-1-768x515.jpg 768w, https:\/\/klubzviktorky.cebin.eu\/wp-content\/uploads\/2019\/06\/DSC00456-1-1024x686.jpg 1024w\" sizes=\"auto, (max-width: 1203px) 100vw, 1203px\" \/><\/a><figcaption id=\"caption-attachment-9651\" class=\"wp-caption-text\">2019 &#8211; Smrk<\/figcaption><\/figure>\n<figure id=\"attachment_4609\" aria-describedby=\"caption-attachment-4609\" style=\"width: 1536px\" class=\"wp-caption aligncenter\"><img loading=\"lazy\" decoding=\"async\" class=\"wp-image-4609 size-full\" src=\"https:\/\/klubzviktorky.cebin.eu\/wp-content\/uploads\/2009\/09\/DSC02044_2-1.jpg\" alt=\"\" width=\"1536\" height=\"1357\" srcset=\"https:\/\/klubzviktorky.cebin.eu\/wp-content\/uploads\/2009\/09\/DSC02044_2-1.jpg 1536w, https:\/\/klubzviktorky.cebin.eu\/wp-content\/uploads\/2009\/09\/DSC02044_2-1-300x265.jpg 300w, https:\/\/klubzviktorky.cebin.eu\/wp-content\/uploads\/2009\/09\/DSC02044_2-1-768x679.jpg 768w, https:\/\/klubzviktorky.cebin.eu\/wp-content\/uploads\/2009\/09\/DSC02044_2-1-1024x905.jpg 1024w\" sizes=\"auto, (max-width: 1536px) 100vw, 1536px\" \/><figcaption id=\"caption-attachment-4609\" class=\"wp-caption-text\">2009 &#8211; Rade\u010d<\/figcaption><\/figure>\n<figure id=\"attachment_4615\" aria-describedby=\"caption-attachment-4615\" style=\"width: 2048px\" class=\"wp-caption aligncenter\"><img loading=\"lazy\" decoding=\"async\" class=\"wp-image-4615 size-full\" src=\"https:\/\/klubzviktorky.cebin.eu\/wp-content\/uploads\/2008\/09\/DSC08877.jpg\" alt=\"\" width=\"2048\" height=\"1536\" srcset=\"https:\/\/klubzviktorky.cebin.eu\/wp-content\/uploads\/2008\/09\/DSC08877.jpg 2048w, https:\/\/klubzviktorky.cebin.eu\/wp-content\/uploads\/2008\/09\/DSC08877-300x225.jpg 300w, https:\/\/klubzviktorky.cebin.eu\/wp-content\/uploads\/2008\/09\/DSC08877-768x576.jpg 768w, https:\/\/klubzviktorky.cebin.eu\/wp-content\/uploads\/2008\/09\/DSC08877-1024x768.jpg 1024w\" sizes=\"auto, (max-width: 2048px) 100vw, 2048px\" \/><figcaption id=\"caption-attachment-4615\" class=\"wp-caption-text\">2008 &#8211; Sokol<\/figcaption><\/figure>\n<figure id=\"attachment_4624\" aria-describedby=\"caption-attachment-4624\" style=\"width: 2272px\" class=\"wp-caption alignnone\"><a style=\"font-weight: bold; font-family: 'Noto Sans', sans-serif; text-align: inherit; line-height: 1.3; display: inline !important; background-color: transparent;\" href=\"https:\/\/klubzviktorky.cebin.eu\/wp-content\/uploads\/2004\/07\/IMG_1776.jpg\"><img loading=\"lazy\" decoding=\"async\" class=\"wp-image-4624 size-full\" src=\"https:\/\/klubzviktorky.cebin.eu\/wp-content\/uploads\/2004\/07\/IMG_1776.jpg\" alt=\"\" width=\"2272\" height=\"1704\" srcset=\"https:\/\/klubzviktorky.cebin.eu\/wp-content\/uploads\/2004\/07\/IMG_1776.jpg 2272w, https:\/\/klubzviktorky.cebin.eu\/wp-content\/uploads\/2004\/07\/IMG_1776-300x225.jpg 300w, https:\/\/klubzviktorky.cebin.eu\/wp-content\/uploads\/2004\/07\/IMG_1776-768x576.jpg 768w, https:\/\/klubzviktorky.cebin.eu\/wp-content\/uploads\/2004\/07\/IMG_1776-1024x768.jpg 1024w\" sizes=\"auto, (max-width: 2272px) 100vw, 2272px\" \/><\/a><figcaption id=\"caption-attachment-4624\" class=\"wp-caption-text\">2004 &#8211; Kle\u0165<\/figcaption><\/figure>\n<figure id=\"attachment_4631\" aria-describedby=\"caption-attachment-4631\" style=\"width: 1747px\" class=\"wp-caption aligncenter\"><img loading=\"lazy\" decoding=\"async\" class=\"wp-image-4631 size-full\" src=\"https:\/\/klubzviktorky.cebin.eu\/wp-content\/uploads\/2018\/07\/spolecna-vrchol.jpg\" alt=\"\" width=\"1747\" height=\"1190\" srcset=\"https:\/\/klubzviktorky.cebin.eu\/wp-content\/uploads\/2018\/07\/spolecna-vrchol.jpg 1747w, https:\/\/klubzviktorky.cebin.eu\/wp-content\/uploads\/2018\/07\/spolecna-vrchol-300x204.jpg 300w, https:\/\/klubzviktorky.cebin.eu\/wp-content\/uploads\/2018\/07\/spolecna-vrchol-768x523.jpg 768w, https:\/\/klubzviktorky.cebin.eu\/wp-content\/uploads\/2018\/07\/spolecna-vrchol-1024x698.jpg 1024w\" sizes=\"auto, (max-width: 1747px) 100vw, 1747px\" \/><figcaption id=\"caption-attachment-4631\" class=\"wp-caption-text\">2003 &#8211; Javorov\u00e1 sk\u00e1la<\/figcaption><\/figure>\n","protected":false},"excerpt":{"rendered":"<p>C\u00edlem v\u00fdletn\u00edho odd\u00edlu Kolegy Karla je zdol\u00e1n\u00ed v\u0161ech nejvy\u0161\u0161\u00edch a nejzaj\u00edmav\u011bj\u0161\u00edch vrchol\u016f v \u010cesku a okol\u00ed + objeven\u00ed pramen\u016f a splut\u00ed nejv\u00fdznamn\u011bj\u0161\u00edch \u0159ek. Kde jsme byli: 2000 \u0158\u00edp (461m): 1. vrchol byl v\u00fdznamn\u00fd sp\u00ed\u0161e historicky, ne\u017e v\u00fd\u0161kov\u011b 2001 Smrk (1124m): Jizersk\u00e9 hory 2002 2x Mile\u0161ovka (837m): \u010cesk\u00e9 st\u0159edoho\u0159\u00ed (FOTO) 2003 Javorov\u00e1 sk\u00e1la (723m): Vla\u0161imsk\u00e1 pahorkatina &hellip; <a href=\"https:\/\/klubzviktorky.cebin.eu\/index.php\/kolega-karel\/\" class=\"more-link\">Pokra\u010dov\u00e1n\u00ed textu <span class=\"screen-reader-text\">Kolega Karel<\/span><\/a><\/p>\n","protected":false},"author":1,"featured_media":9651,"parent":0,"menu_order":0,"comment_status":"closed","ping_status":"closed","template":"","meta":{"footnotes":""},"class_list":["post-4577","page","type-page","status-publish","has-post-thumbnail","hentry"],"_links":{"self":[{"href":"https:\/\/klubzviktorky.cebin.eu\/index.php\/wp-json\/wp\/v2\/pages\/4577","targetHints":{"allow":["GET"]}}],"collection":[{"href":"https:\/\/klubzviktorky.cebin.eu\/index.php\/wp-json\/wp\/v2\/pages"}],"about":[{"href":"https:\/\/klubzviktorky.cebin.eu\/index.php\/wp-json\/wp\/v2\/types\/page"}],"author":[{"embeddable":true,"href":"https:\/\/klubzviktorky.cebin.eu\/index.php\/wp-json\/wp\/v2\/users\/1"}],"replies":[{"embeddable":true,"href":"https:\/\/klubzviktorky.cebin.eu\/index.php\/wp-json\/wp\/v2\/comments?post=4577"}],"version-history":[{"count":48,"href":"https:\/\/klubzviktorky.cebin.eu\/index.php\/wp-json\/wp\/v2\/pages\/4577\/revisions"}],"predecessor-version":[{"id":9707,"href":"https:\/\/klubzviktorky.cebin.eu\/index.php\/wp-json\/wp\/v2\/pages\/4577\/revisions\/9707"}],"wp:featuredmedia":[{"embeddable":true,"href":"https:\/\/klubzviktorky.cebin.eu\/index.php\/wp-json\/wp\/v2\/media\/9651"}],"wp:attachment":[{"href":"https:\/\/klubzviktorky.cebin.eu\/index.php\/wp-json\/wp\/v2\/media?parent=4577"}],"curies":[{"name":"wp","href":"https:\/\/api.w.org\/{rel}","templated":true}]}}