{"id":6939,"date":"2004-09-20T12:08:38","date_gmt":"2004-09-20T11:08:38","guid":{"rendered":"https:\/\/klubzviktorky.cebin.eu\/?page_id=6939"},"modified":"2018-10-24T09:32:57","modified_gmt":"2018-10-24T08:32:57","slug":"pele-cup","status":"publish","type":"page","link":"https:\/\/klubzviktorky.cebin.eu\/index.php\/pele-cup\/","title":{"rendered":"Pele Cup"},"content":{"rendered":"<p>Pele Cup byl turnaj dvojic ve stoln\u00edm fotb\u00e1lku pojmenovan\u00fd podle &#8222;na\u0161eho&#8220; \u0161kol\u00e1ka v Peru, kter\u00e9mu jsme p\u0159isp\u00edvali na \u0161koln\u00ed doch\u00e1zku. INFO <a href=\"https:\/\/klubzviktorky.cebin.eu\/index.php\/nadace_inka\/\" target=\"_blank\" rel=\"noopener\"><strong><span style=\"color: #ff0000;\">ZDE<\/span><\/strong><\/a>. Byl organizovan\u00fd v letech 2004-2007 a obnoven\u00fd jako &#8222;Memori\u00e1l <a href=\"https:\/\/klubzviktorky.cebin.eu\/index.php\/palkova_martina\/\" target=\"_blank\" rel=\"noopener\">Martiny Palkov\u00e9<\/a>&#8220; v r\u00e1mci <a href=\"https:\/\/klubzviktorky.cebin.eu\/index.php\/spavka-2018-dokumentace\/\" target=\"_blank\" rel=\"noopener\">Spavky 2018<\/a>.<\/p>\n<p>P\u0159ehled v\u00edt\u011bz\u016f:<\/p>\n<p style=\"padding-left: 30px;\"><span style=\"color: #333399;\"><strong>Prvn\u00ed<\/strong> <\/span>ro\u010dn\u00edk &#8211; 2004 (KOMPLET FOTO <a href=\"https:\/\/klubzviktorky.cebin.eu\/index.php\/pele-cup-2004\/\" target=\"_blank\" rel=\"noopener\"><strong><span style=\"color: #ff0000;\">ZDE<\/span><\/strong><\/a>)<br \/>\n1. L\u00e1\u010fa <a href=\"https:\/\/klubzviktorky.cebin.eu\/index.php\/ladislav-sacek\/\" target=\"_blank\" rel=\"noopener\">Sa\u010dek<\/a> + Honza <a href=\"https:\/\/klubzviktorky.cebin.eu\/index.php\/valerian\/\" target=\"_blank\" rel=\"noopener\">Valeri\u00e1n<\/a><a href=\"https:\/\/klubzviktorky.cebin.eu\/wp-content\/uploads\/2007\/07\/IMG_0399_2.jpg\"><img loading=\"lazy\" decoding=\"async\" class=\"size-full wp-image-6925 aligncenter\" src=\"https:\/\/klubzviktorky.cebin.eu\/wp-content\/uploads\/2007\/07\/IMG_0399_2.jpg\" alt=\"\" width=\"1747\" height=\"1553\" srcset=\"https:\/\/klubzviktorky.cebin.eu\/wp-content\/uploads\/2007\/07\/IMG_0399_2.jpg 1747w, https:\/\/klubzviktorky.cebin.eu\/wp-content\/uploads\/2007\/07\/IMG_0399_2-300x267.jpg 300w, https:\/\/klubzviktorky.cebin.eu\/wp-content\/uploads\/2007\/07\/IMG_0399_2-768x683.jpg 768w, https:\/\/klubzviktorky.cebin.eu\/wp-content\/uploads\/2007\/07\/IMG_0399_2-1024x910.jpg 1024w\" sizes=\"auto, (max-width: 1747px) 100vw, 1747px\" \/><\/a><\/p>\n<p style=\"padding-left: 30px;\">2. <a href=\"https:\/\/klubzviktorky.cebin.eu\/index.php\/daniel-hire\/\" target=\"_blank\" rel=\"noopener\">Dan<\/a> + <a href=\"https:\/\/klubzviktorky.cebin.eu\/index.php\/kamila_hirova\/\" target=\"_blank\" rel=\"noopener\">Kam\u010da<\/a> H\u00ed\u0159ovi<br \/>\n3. Kohoutci + Radon\u0161t\u00ed<\/p>\n<p style=\"padding-left: 30px;\"><span style=\"color: #333399;\"><strong>Druh\u00fd<\/strong> <\/span>ro\u010dn\u00edk &#8211; 2005 (KOMPLET FOTO <a href=\"https:\/\/klubzviktorky.cebin.eu\/index.php\/pele-cup-2005\/\" target=\"_blank\" rel=\"noopener\"><strong><span style=\"color: #ff0000;\">ZDE<\/span><\/strong><\/a>)<br \/>\n1. L\u00e1\u010fa <a href=\"https:\/\/klubzviktorky.cebin.eu\/index.php\/ladislav-sacek\/\">Sa\u010dek<\/a> + Martina <a href=\"https:\/\/klubzviktorky.cebin.eu\/index.php\/palkova_martina\/\">Palkov\u00e1<\/a><br \/>\n<a href=\"https:\/\/klubzviktorky.cebin.eu\/wp-content\/uploads\/2018\/09\/IMG_0059.jpg\"><img loading=\"lazy\" decoding=\"async\" class=\"aligncenter size-full wp-image-6971\" src=\"https:\/\/klubzviktorky.cebin.eu\/wp-content\/uploads\/2018\/09\/IMG_0059.jpg\" alt=\"\" width=\"2272\" height=\"1704\" srcset=\"https:\/\/klubzviktorky.cebin.eu\/wp-content\/uploads\/2018\/09\/IMG_0059.jpg 2272w, https:\/\/klubzviktorky.cebin.eu\/wp-content\/uploads\/2018\/09\/IMG_0059-300x225.jpg 300w, https:\/\/klubzviktorky.cebin.eu\/wp-content\/uploads\/2018\/09\/IMG_0059-768x576.jpg 768w, https:\/\/klubzviktorky.cebin.eu\/wp-content\/uploads\/2018\/09\/IMG_0059-1024x768.jpg 1024w\" sizes=\"auto, (max-width: 2272px) 100vw, 2272px\" \/><\/a><\/p>\n<p style=\"padding-left: 30px;\">2. <a href=\"https:\/\/klubzviktorky.cebin.eu\/index.php\/daniel-hire\/\" target=\"_blank\" rel=\"noopener\">Dan<\/a> + <a href=\"https:\/\/klubzviktorky.cebin.eu\/index.php\/kamila_hirova\/\" target=\"_blank\" rel=\"noopener\">Kam\u010da<\/a> H\u00ed\u0159ovi<br \/>\n3. <a href=\"https:\/\/klubzviktorky.cebin.eu\/index.php\/jan_kohoutek\/\" target=\"_blank\" rel=\"noopener\">Honza<\/a> + <a href=\"https:\/\/klubzviktorky.cebin.eu\/index.php\/kohoutkovavera\/\" target=\"_blank\" rel=\"noopener\">V\u011brka<\/a> Kohoutci<\/p>\n<p style=\"padding-left: 30px;\"><span style=\"color: #333399;\"><b>T\u0159et\u00ed\u00a0<\/b><\/span>ro\u010dn\u00edk &#8211; 2006 (KOMPLET FOTO <a href=\"https:\/\/klubzviktorky.cebin.eu\/index.php\/pele-cup-2006\/\" target=\"_blank\" rel=\"noopener\"><strong><span style=\"color: #ff0000;\">ZDE<\/span><\/strong><\/a>)<br \/>\n1. <a href=\"https:\/\/klubzviktorky.cebin.eu\/index.php\/daniel-hire\/\" target=\"_blank\" rel=\"noopener\">Dan<\/a> + <a href=\"https:\/\/klubzviktorky.cebin.eu\/index.php\/kamila_hirova\/\" target=\"_blank\" rel=\"noopener\">Kam\u010da<\/a> H\u00ed\u0159ovi<br \/>\n<a href=\"https:\/\/klubzviktorky.cebin.eu\/wp-content\/uploads\/2018\/10\/PELE2006_1.jpg\"><img loading=\"lazy\" decoding=\"async\" class=\"alignnone size-full wp-image-7284\" src=\"https:\/\/klubzviktorky.cebin.eu\/wp-content\/uploads\/2018\/10\/PELE2006_1.jpg\" alt=\"\" width=\"1007\" height=\"1011\" srcset=\"https:\/\/klubzviktorky.cebin.eu\/wp-content\/uploads\/2018\/10\/PELE2006_1.jpg 1007w, https:\/\/klubzviktorky.cebin.eu\/wp-content\/uploads\/2018\/10\/PELE2006_1-150x150.jpg 150w, https:\/\/klubzviktorky.cebin.eu\/wp-content\/uploads\/2018\/10\/PELE2006_1-300x300.jpg 300w, https:\/\/klubzviktorky.cebin.eu\/wp-content\/uploads\/2018\/10\/PELE2006_1-768x771.jpg 768w\" sizes=\"auto, (max-width: 1007px) 100vw, 1007px\" \/><\/a><\/p>\n<p style=\"padding-left: 30px;\">2. <a href=\"https:\/\/klubzviktorky.cebin.eu\/index.php\/petr_radonsky\/\" target=\"_blank\" rel=\"noopener\">Petr<\/a> + <a href=\"https:\/\/klubzviktorky.cebin.eu\/index.php\/alena-radonska\/\" target=\"_blank\" rel=\"noopener\">Al\u010da<\/a> Radon\u0161t\u00ed<br \/>\n3. <a href=\"https:\/\/klubzviktorky.cebin.eu\/index.php\/vitezslava-soulkova\/\" target=\"_blank\" rel=\"noopener\">V\u00ed\u0165a<\/a> + <a href=\"https:\/\/klubzviktorky.cebin.eu\/index.php\/soulek\/\" target=\"_blank\" rel=\"noopener\">Vl\u00e1\u010fa<\/a> Soulkovi<\/p>\n<p style=\"padding-left: 30px;\"><span style=\"color: #333399;\"><b>\u010ctvrt\u00fd\u00a0<\/b><\/span>ro\u010dn\u00edk &#8211; 2007 (KOMPLET FOTO <a href=\"https:\/\/klubzviktorky.cebin.eu\/index.php\/pele-cup-2007\/\" target=\"_blank\" rel=\"noopener\"><strong><span style=\"color: #ff0000;\">ZDE<\/span><\/strong><\/a>)<br \/>\n1. <a href=\"https:\/\/klubzviktorky.cebin.eu\/index.php\/soulek\/\" target=\"_blank\" rel=\"noopener\">Vl\u00e1\u010fa Soulek<\/a> + <a href=\"https:\/\/klubzviktorky.cebin.eu\/index.php\/kohoutkovavera\/\" target=\"_blank\" rel=\"noopener\">V\u011brka Kohoutkov\u00e1<\/a><br \/>\n<a href=\"https:\/\/klubzviktorky.cebin.eu\/wp-content\/uploads\/2018\/09\/DSC02016.jpg\"><img loading=\"lazy\" decoding=\"async\" class=\"alignnone wp-image-7059 size-full\" src=\"https:\/\/klubzviktorky.cebin.eu\/wp-content\/uploads\/2018\/09\/DSC02016-e1537801522925.jpg\" alt=\"\" width=\"2048\" height=\"1259\" srcset=\"https:\/\/klubzviktorky.cebin.eu\/wp-content\/uploads\/2018\/09\/DSC02016-e1537801522925.jpg 2048w, https:\/\/klubzviktorky.cebin.eu\/wp-content\/uploads\/2018\/09\/DSC02016-e1537801522925-300x184.jpg 300w, https:\/\/klubzviktorky.cebin.eu\/wp-content\/uploads\/2018\/09\/DSC02016-e1537801522925-768x472.jpg 768w, https:\/\/klubzviktorky.cebin.eu\/wp-content\/uploads\/2018\/09\/DSC02016-e1537801522925-1024x630.jpg 1024w\" sizes=\"auto, (max-width: 2048px) 100vw, 2048px\" \/><\/a><\/p>\n<p style=\"padding-left: 30px;\">2. <a href=\"https:\/\/klubzviktorky.cebin.eu\/index.php\/daniel-hire\/\" target=\"_blank\" rel=\"noopener\">Dan H\u00ed\u0159e<\/a>\u00a0+ <a href=\"https:\/\/klubzviktorky.cebin.eu\/index.php\/jan_kohoutek\/\" target=\"_blank\" rel=\"noopener\">Honza Kohoutek<\/a><br \/>\n3. <a href=\"https:\/\/klubzviktorky.cebin.eu\/index.php\/petr_radonsky\/\" target=\"_blank\" rel=\"noopener\">Petr Radonsk\u00fd<\/a>\u00a0+ <a href=\"https:\/\/klubzviktorky.cebin.eu\/index.php\/kamila_hirova\/\" target=\"_blank\" rel=\"noopener\">Kam\u010da H\u00ed\u0159ov\u00e1<\/a><\/p>\n<p style=\"padding-left: 30px;\"><span style=\"color: #333399;\"><b>P\u00e1ty\u00a0<\/b><\/span>ro\u010dn\u00edk &#8211; 2018 &#8211; jako &#8222;<strong><span style=\"color: #000080;\">Memori\u00e1l <a style=\"color: #000080;\" href=\"https:\/\/klubzviktorky.cebin.eu\/index.php\/palkova_martina\/\" target=\"_blank\" rel=\"noopener\">Martiny Palkov\u00e9<\/a><\/span><\/strong>&#8220; v r\u00e1mci <a href=\"https:\/\/klubzviktorky.cebin.eu\/index.php\/spavka-2018-dokumentace\/\" target=\"_blank\" rel=\"noopener\">SPAVKY<\/a> (KOMPLET FOTO <strong><span style=\"color: #ff0000;\">ZDE<\/span><\/strong>)<br \/>\n1. <a href=\"https:\/\/klubzviktorky.cebin.eu\/index.php\/petr_radonsky\/\" target=\"_blank\" rel=\"noopener\">Petr Radonsk\u00fd<\/a> + Tom\u00e1\u0161 Zrzaveck\u00fd<br \/>\n<img loading=\"lazy\" decoding=\"async\" class=\"aligncenter wp-image-8079 size-full\" src=\"https:\/\/klubzviktorky.cebin.eu\/wp-content\/uploads\/2018\/10\/IMG_20181020_225755-e1540368387428.jpg\" alt=\"\" width=\"3600\" height=\"2976\" srcset=\"https:\/\/klubzviktorky.cebin.eu\/wp-content\/uploads\/2018\/10\/IMG_20181020_225755-e1540368387428.jpg 3600w, https:\/\/klubzviktorky.cebin.eu\/wp-content\/uploads\/2018\/10\/IMG_20181020_225755-e1540368387428-300x248.jpg 300w, https:\/\/klubzviktorky.cebin.eu\/wp-content\/uploads\/2018\/10\/IMG_20181020_225755-e1540368387428-768x635.jpg 768w, https:\/\/klubzviktorky.cebin.eu\/wp-content\/uploads\/2018\/10\/IMG_20181020_225755-e1540368387428-1024x847.jpg 1024w\" sizes=\"auto, (max-width: 3600px) 100vw, 3600px\" \/><\/p>\n<p style=\"padding-left: 30px;\">2. Martin Felenda\u00a0+ Kuba<br \/>\n3. <a href=\"https:\/\/klubzviktorky.cebin.eu\/index.php\/soulek\/\" target=\"_blank\" rel=\"noopener\">Vl\u00e1\u010fa Soulek<\/a> + Esterka a <a href=\"https:\/\/klubzviktorky.cebin.eu\/index.php\/ladislav-sacek\/\" target=\"_blank\" rel=\"noopener\">L\u00e1\u010fa Sa\u010dek<\/a> + Kl\u00e1rka Kohoutkov\u00e1<\/p>\n","protected":false},"excerpt":{"rendered":"<p>Pele Cup byl turnaj dvojic ve stoln\u00edm fotb\u00e1lku pojmenovan\u00fd podle &#8222;na\u0161eho&#8220; \u0161kol\u00e1ka v Peru, kter\u00e9mu jsme p\u0159isp\u00edvali na \u0161koln\u00ed doch\u00e1zku. INFO ZDE. Byl organizovan\u00fd v letech 2004-2007 a obnoven\u00fd jako &#8222;Memori\u00e1l Martiny Palkov\u00e9&#8220; v r\u00e1mci Spavky 2018. P\u0159ehled v\u00edt\u011bz\u016f: Prvn\u00ed ro\u010dn\u00edk &#8211; 2004 (KOMPLET FOTO ZDE) 1. L\u00e1\u010fa Sa\u010dek + Honza Valeri\u00e1n 2. Dan + &hellip; <a href=\"https:\/\/klubzviktorky.cebin.eu\/index.php\/pele-cup\/\" class=\"more-link\">Pokra\u010dov\u00e1n\u00ed textu <span class=\"screen-reader-text\">Pele Cup<\/span><\/a><\/p>\n","protected":false},"author":1,"featured_media":6922,"parent":0,"menu_order":0,"comment_status":"closed","ping_status":"closed","template":"","meta":{"footnotes":""},"class_list":["post-6939","page","type-page","status-publish","has-post-thumbnail","hentry"],"_links":{"self":[{"href":"https:\/\/klubzviktorky.cebin.eu\/index.php\/wp-json\/wp\/v2\/pages\/6939","targetHints":{"allow":["GET"]}}],"collection":[{"href":"https:\/\/klubzviktorky.cebin.eu\/index.php\/wp-json\/wp\/v2\/pages"}],"about":[{"href":"https:\/\/klubzviktorky.cebin.eu\/index.php\/wp-json\/wp\/v2\/types\/page"}],"author":[{"embeddable":true,"href":"https:\/\/klubzviktorky.cebin.eu\/index.php\/wp-json\/wp\/v2\/users\/1"}],"replies":[{"embeddable":true,"href":"https:\/\/klubzviktorky.cebin.eu\/index.php\/wp-json\/wp\/v2\/comments?post=6939"}],"version-history":[{"count":60,"href":"https:\/\/klubzviktorky.cebin.eu\/index.php\/wp-json\/wp\/v2\/pages\/6939\/revisions"}],"predecessor-version":[{"id":8115,"href":"https:\/\/klubzviktorky.cebin.eu\/index.php\/wp-json\/wp\/v2\/pages\/6939\/revisions\/8115"}],"wp:featuredmedia":[{"embeddable":true,"href":"https:\/\/klubzviktorky.cebin.eu\/index.php\/wp-json\/wp\/v2\/media\/6922"}],"wp:attachment":[{"href":"https:\/\/klubzviktorky.cebin.eu\/index.php\/wp-json\/wp\/v2\/media?parent=6939"}],"curies":[{"name":"wp","href":"https:\/\/api.w.org\/{rel}","templated":true}]}}