{"id":7126,"date":"2002-09-27T09:26:09","date_gmt":"2002-09-27T08:26:09","guid":{"rendered":"https:\/\/klubzviktorky.cebin.eu\/?page_id=7126"},"modified":"2018-09-27T12:21:12","modified_gmt":"2018-09-27T11:21:12","slug":"presfoto","status":"publish","type":"page","link":"https:\/\/klubzviktorky.cebin.eu\/index.php\/presfoto\/","title":{"rendered":"PresFoto"},"content":{"rendered":"<p align=\"center\"><span style=\"font-size: 18pt;\">PresFoto aneb Presti\u017en\u00ed Fotosout\u011b\u017e !<\/span><\/p>\n<p><strong>PresFoto<\/strong> (aneb Presti\u017en\u00ed Fotosout\u011b\u017e) vzniklo v roce 2002 po dovolen\u00e9 v Chorvatsku s Milanem Deutschem a Honzou Zemanem. Milan Deutsch si toti\u017e na dovolenou vzal stativ, koupil nov\u00e9 filtry (nap\u0159. zlat\u00fd) a zu\u0159iv\u011b lovil ty nejlep\u0161\u00ed z\u00e1b\u011bry &#8230; ot\u00e1zka, kter\u00e1 se okam\u017eit\u011b vyno\u0159ila &#8230; jsou jeho fotky lep\u0161\u00ed ne\u017e fotky ostatn\u00edch lovc\u016f, kte\u0159\u00ed se tak\u00e9 sna\u017e\u00ed o ide\u00e1ln\u00ed zachycen\u00ed pom\u00edjiv\u00e9 kr\u00e1sy ?<\/p>\n<p>Odpov\u011b\u010f je jasn\u00e1 &#8211; v na\u0161\u00ed fotosout\u011b\u017ei !!! \ud83d\ude42<\/p>\n<p>A tady m\u016f\u017eete vid\u011bt v\u00edt\u011bzn\u00e9 fotky jednotliv\u00fdch ro\u010dn\u00edk\u016f a dal\u0161\u00ed pam\u00e1tn\u00e9 fotky:<\/p>\n<p>V premi\u00e9rov\u00e9m ro\u010dn\u00edku (2002) vyhr\u00e1l <a href=\"https:\/\/klubzviktorky.cebin.eu\/index.php\/daniel-hire\/\" target=\"_blank\" rel=\"noopener\">Daniel H\u00ed\u0159e<\/a>\u00a0(dal\u0161\u00ed foto <a href=\"https:\/\/klubzviktorky.cebin.eu\/index.php\/presfoto-2002\/\" target=\"_blank\" rel=\"noopener\"><span style=\"color: #ff0000;\"><strong>ZDE<\/strong><\/span><\/a>).<\/p>\n<p><a href=\"https:\/\/klubzviktorky.cebin.eu\/wp-content\/uploads\/2018\/09\/FOTO-13_1.m\u00edsto-H\u00ed\u0159e.jpg\"><img loading=\"lazy\" decoding=\"async\" class=\"alignnone size-full wp-image-7132\" src=\"https:\/\/klubzviktorky.cebin.eu\/wp-content\/uploads\/2018\/09\/FOTO-13_1.m\u00edsto-H\u00ed\u0159e.jpg\" alt=\"\" width=\"1180\" height=\"1776\" srcset=\"https:\/\/klubzviktorky.cebin.eu\/wp-content\/uploads\/2018\/09\/FOTO-13_1.m\u00edsto-H\u00ed\u0159e.jpg 1180w, https:\/\/klubzviktorky.cebin.eu\/wp-content\/uploads\/2018\/09\/FOTO-13_1.m\u00edsto-H\u00ed\u0159e-199x300.jpg 199w, https:\/\/klubzviktorky.cebin.eu\/wp-content\/uploads\/2018\/09\/FOTO-13_1.m\u00edsto-H\u00ed\u0159e-768x1156.jpg 768w, https:\/\/klubzviktorky.cebin.eu\/wp-content\/uploads\/2018\/09\/FOTO-13_1.m\u00edsto-H\u00ed\u0159e-680x1024.jpg 680w\" sizes=\"auto, (max-width: 1180px) 100vw, 1180px\" \/><\/a><\/p>\n<p>Druh\u00fd ro\u010dn\u00edk (2003) vyhr\u00e1l M\u00edra Fous\u00a0(dal\u0161\u00ed foto <a href=\"https:\/\/klubzviktorky.cebin.eu\/index.php\/presfoto-2003\/\" target=\"_blank\" rel=\"noopener\"><span style=\"color: #ff0000;\"><strong>ZDE<\/strong><\/span><\/a>).<\/p>\n<p><a href=\"https:\/\/klubzviktorky.cebin.eu\/wp-content\/uploads\/2018\/09\/01_M\u00edra_59-DIGIT.jpg\"><img loading=\"lazy\" decoding=\"async\" class=\"alignnone size-full wp-image-7167\" src=\"https:\/\/klubzviktorky.cebin.eu\/wp-content\/uploads\/2018\/09\/01_M\u00edra_59-DIGIT.jpg\" alt=\"\" width=\"1536\" height=\"2048\" srcset=\"https:\/\/klubzviktorky.cebin.eu\/wp-content\/uploads\/2018\/09\/01_M\u00edra_59-DIGIT.jpg 1536w, https:\/\/klubzviktorky.cebin.eu\/wp-content\/uploads\/2018\/09\/01_M\u00edra_59-DIGIT-225x300.jpg 225w, https:\/\/klubzviktorky.cebin.eu\/wp-content\/uploads\/2018\/09\/01_M\u00edra_59-DIGIT-768x1024.jpg 768w\" sizes=\"auto, (max-width: 1536px) 100vw, 1536px\" \/><\/a><\/p>\n<p>Ve t\u0159et\u00edm ro\u010dn\u00edku (2004) se do\u010dkal Milan Deutsch s fotkou nazvanou &#8222;Star\u00e1 a mlad\u00e1 \u010c\u00edna&#8220; (dal\u0161\u00ed foto <a href=\"https:\/\/klubzviktorky.cebin.eu\/index.php\/presfoto-2004\/\" target=\"_blank\" rel=\"noopener\"><span style=\"color: #ff0000;\"><strong>ZDE<\/strong><\/span><\/a>).<\/p>\n<p><a href=\"https:\/\/klubzviktorky.cebin.eu\/wp-content\/uploads\/2004\/09\/21_MDeu2_Star\u00e1-a-mlad\u00e1-\u010c\u00edna.jpg\"><img loading=\"lazy\" decoding=\"async\" class=\"alignnone size-full wp-image-7193\" src=\"https:\/\/klubzviktorky.cebin.eu\/wp-content\/uploads\/2004\/09\/21_MDeu2_Star\u00e1-a-mlad\u00e1-\u010c\u00edna.jpg\" alt=\"\" width=\"1768\" height=\"1168\" srcset=\"https:\/\/klubzviktorky.cebin.eu\/wp-content\/uploads\/2004\/09\/21_MDeu2_Star\u00e1-a-mlad\u00e1-\u010c\u00edna.jpg 1768w, https:\/\/klubzviktorky.cebin.eu\/wp-content\/uploads\/2004\/09\/21_MDeu2_Star\u00e1-a-mlad\u00e1-\u010c\u00edna-300x198.jpg 300w, https:\/\/klubzviktorky.cebin.eu\/wp-content\/uploads\/2004\/09\/21_MDeu2_Star\u00e1-a-mlad\u00e1-\u010c\u00edna-768x507.jpg 768w, https:\/\/klubzviktorky.cebin.eu\/wp-content\/uploads\/2004\/09\/21_MDeu2_Star\u00e1-a-mlad\u00e1-\u010c\u00edna-1024x676.jpg 1024w\" sizes=\"auto, (max-width: 1768px) 100vw, 1768px\" \/><\/a><\/p>\n<p>V zat\u00edm posledn\u00edm ro\u010dn\u00edku (2005) vyhr\u00e1l podruh\u00e9 M\u00edra Fous &#8211; s fotkou &#8222;M\u00edlo, ud\u011blej hv\u011bzdu!&#8220;\u00a0(dal\u0161\u00ed foto <a href=\"https:\/\/klubzviktorky.cebin.eu\/index.php\/presfoto-2005\/\" target=\"_blank\" rel=\"noopener\"><span style=\"color: #ff0000;\"><strong>ZDE<\/strong><\/span><\/a>).<\/p>\n<p><a href=\"https:\/\/klubzviktorky.cebin.eu\/wp-content\/uploads\/2005\/09\/08_Fous_Milo-udelej-hvezdu.jpg\"><img loading=\"lazy\" decoding=\"async\" class=\"alignnone wp-image-7219 size-full\" src=\"https:\/\/klubzviktorky.cebin.eu\/wp-content\/uploads\/2005\/09\/08_Fous_Milo-udelej-hvezdu.jpg\" alt=\"\" width=\"3072\" height=\"2048\" srcset=\"https:\/\/klubzviktorky.cebin.eu\/wp-content\/uploads\/2005\/09\/08_Fous_Milo-udelej-hvezdu.jpg 3072w, https:\/\/klubzviktorky.cebin.eu\/wp-content\/uploads\/2005\/09\/08_Fous_Milo-udelej-hvezdu-300x200.jpg 300w, https:\/\/klubzviktorky.cebin.eu\/wp-content\/uploads\/2005\/09\/08_Fous_Milo-udelej-hvezdu-768x512.jpg 768w, https:\/\/klubzviktorky.cebin.eu\/wp-content\/uploads\/2005\/09\/08_Fous_Milo-udelej-hvezdu-1024x683.jpg 1024w\" sizes=\"auto, (max-width: 3072px) 100vw, 3072px\" \/><\/a><\/p>\n<p>&nbsp;<\/p>\n","protected":false},"excerpt":{"rendered":"<p>PresFoto aneb Presti\u017en\u00ed Fotosout\u011b\u017e ! PresFoto (aneb Presti\u017en\u00ed Fotosout\u011b\u017e) vzniklo v roce 2002 po dovolen\u00e9 v Chorvatsku s Milanem Deutschem a Honzou Zemanem. Milan Deutsch si toti\u017e na dovolenou vzal stativ, koupil nov\u00e9 filtry (nap\u0159. zlat\u00fd) a zu\u0159iv\u011b lovil ty nejlep\u0161\u00ed z\u00e1b\u011bry &#8230; ot\u00e1zka, kter\u00e1 se okam\u017eit\u011b vyno\u0159ila &#8230; jsou jeho fotky lep\u0161\u00ed ne\u017e fotky &hellip; <a href=\"https:\/\/klubzviktorky.cebin.eu\/index.php\/presfoto\/\" class=\"more-link\">Pokra\u010dov\u00e1n\u00ed textu <span class=\"screen-reader-text\">PresFoto<\/span><\/a><\/p>\n","protected":false},"author":1,"featured_media":7181,"parent":0,"menu_order":0,"comment_status":"closed","ping_status":"closed","template":"","meta":{"footnotes":""},"class_list":["post-7126","page","type-page","status-publish","has-post-thumbnail","hentry"],"_links":{"self":[{"href":"https:\/\/klubzviktorky.cebin.eu\/index.php\/wp-json\/wp\/v2\/pages\/7126","targetHints":{"allow":["GET"]}}],"collection":[{"href":"https:\/\/klubzviktorky.cebin.eu\/index.php\/wp-json\/wp\/v2\/pages"}],"about":[{"href":"https:\/\/klubzviktorky.cebin.eu\/index.php\/wp-json\/wp\/v2\/types\/page"}],"author":[{"embeddable":true,"href":"https:\/\/klubzviktorky.cebin.eu\/index.php\/wp-json\/wp\/v2\/users\/1"}],"replies":[{"embeddable":true,"href":"https:\/\/klubzviktorky.cebin.eu\/index.php\/wp-json\/wp\/v2\/comments?post=7126"}],"version-history":[{"count":10,"href":"https:\/\/klubzviktorky.cebin.eu\/index.php\/wp-json\/wp\/v2\/pages\/7126\/revisions"}],"predecessor-version":[{"id":7253,"href":"https:\/\/klubzviktorky.cebin.eu\/index.php\/wp-json\/wp\/v2\/pages\/7126\/revisions\/7253"}],"wp:featuredmedia":[{"embeddable":true,"href":"https:\/\/klubzviktorky.cebin.eu\/index.php\/wp-json\/wp\/v2\/media\/7181"}],"wp:attachment":[{"href":"https:\/\/klubzviktorky.cebin.eu\/index.php\/wp-json\/wp\/v2\/media?parent=7126"}],"curies":[{"name":"wp","href":"https:\/\/api.w.org\/{rel}","templated":true}]}}