{"id":722,"date":"2017-06-07T09:16:19","date_gmt":"2017-06-07T08:16:19","guid":{"rendered":"http:\/\/klubzviktorky.cebin.info\/?page_id=722"},"modified":"2019-11-06T13:07:34","modified_gmt":"2019-11-06T12:07:34","slug":"curling","status":"publish","type":"page","link":"https:\/\/klubzviktorky.cebin.eu\/index.php\/curling\/","title":{"rendered":"Curling"},"content":{"rendered":"<p style=\"margin: 0cm; margin-bottom: .0001pt; line-height: 21.0pt;\"><b><span style=\"font-size: 13.0pt; color: #333333;\">TR\u00c9NUJEME ST\u0158EDY 19:00 &#8211; 21:00. M\u00c1TE CHU\u0164 NA Z\u00c1PAS ?<\/span><\/b><\/p>\n<p style=\"margin: 0cm; margin-bottom: .0001pt; line-height: 21.0pt; orphans: auto; text-align: start; widows: 1; -webkit-text-stroke-width: 0px; word-spacing: 0px;\"><b><span style=\"font-size: 13.0pt; color: #333333;\">NAPI\u0160TE N\u00c1M ! &#8211; <\/span><\/b><span style=\"font-size: 13.0pt; color: #333333;\">jan.kohoutek@email.cz, daniel.hire@seznam.cz<\/span><\/p>\n<p><\/p>\n<p>Klub z Viktorky (neboli na v\u00fdsledkov\u00fdch tabul\u00edch v roztylsk\u00e9 hale nyn\u00ed zkr\u00e1cen\u011b &#8222;KLUB VKT&#8220;) za\u010dal hr\u00e1t <a href=\"http:\/\/curling.cz\" target=\"_blank\" rel=\"noopener noreferrer\">curling<\/a>&nbsp;na ja\u0159e 1998 pod dojmem televizn\u00edch p\u0159enos\u016f tohoto sportu z olympijsk\u00e9ho Nagana a&nbsp;hned na podzim stejn\u00e9ho roku&nbsp;se poprv\u00e9 zapojil do Mistrovstv\u00ed \u010cesk\u00e9 republiky.<\/p>\n<p><strong>Mu\u017esk\u00fd<\/strong> t\u00fdm v sou\u010dasnosti hraje ve slo\u017een\u00ed:&nbsp;<a href=\"https:\/\/klubzviktorky.cebin.eu\/index.php\/slavek_fabis\/\">Slavomil Fabi\u0161<\/a>&nbsp;(lead), <a href=\"https:\/\/klubzviktorky.cebin.eu\/index.php\/jan_kohoutek\/\" target=\"_blank\" rel=\"noopener noreferrer\">Jan Kohoutek<\/a> (second), <a href=\"http:\/\/klubzviktorky.cebin.info\/index.php\/daniel-hire\/\">Daniel H\u00ed\u0159e<\/a> (viceskip), <a href=\"http:\/\/klubzviktorky.cebin.info\/index.php\/petr-radonsky\/\">Petr Radonsk\u00fd<\/a> (skip), <a href=\"https:\/\/klubzviktorky.cebin.eu\/index.php\/daniel_busta\/\" target=\"_blank\" rel=\"noopener noreferrer\">Daniel Busta<\/a> (alternate)<\/p>\n<p>Na <b>\u017eensk\u00fd<\/b> t\u00fdm (vyst\u0159\u00eddaly se v n\u011bm: <a href=\"https:\/\/klubzviktorky.cebin.eu\/index.php\/kohoutkovavera\/\">V\u011bra Kohoutkov\u00e1<\/a>, <a href=\"https:\/\/klubzviktorky.cebin.eu\/index.php\/vitezslava-soulkova\/\" target=\"_blank\" rel=\"noopener noreferrer\">V\u00edt\u011bzslava Soulkov\u00e1<\/a>, <a href=\"https:\/\/klubzviktorky.cebin.eu\/index.php\/ludmila_bustova\/\">Ludmila Bustov\u00e1<\/a>, <a href=\"https:\/\/klubzviktorky.cebin.eu\/index.php\/kamila_hirova\/\" target=\"_blank\" rel=\"noopener noreferrer\">Kamila H\u00ed\u0159ov\u00e1<\/a>, Veronika Ho\u0159\u00e1kov\u00e1&nbsp;a Lucie To\u010dekov\u00e1)&nbsp;u\u017e jenom vzpom\u00edn\u00e1me:<\/p>\n<p style=\"margin: 0cm 0cm 0.0001pt; line-height: 21pt; text-align: center;\"><span style=\"color: #0000ff; font-size: 9pt;\"><b>K\u00e1men svi\u0161t\u00ed po led\u011b,<span class=\"apple-converted-space\">&nbsp;<\/span>na soupe\u0159e nehled\u011b.<\/b><\/span><\/p>\n<p style=\"margin: 0cm 0cm 0.0001pt; line-height: 21pt; orphans: auto; text-align: center; widows: 1; -webkit-text-stroke-width: 0px; word-spacing: 0px;\"><span style=\"color: #0000ff; font-size: 9pt;\"><b>Ko\u0161\u0165ata jen kmitaj\u00ed,<span class=\"apple-converted-space\">&nbsp;<\/span>dv\u011b kr\u00e1sky s nimi sm\u00fdkaj\u00ed.<\/b><\/span><\/p>\n<p style=\"margin: 0cm 0cm 0.0001pt; line-height: 21pt; orphans: auto; text-align: center; widows: 1; -webkit-text-stroke-width: 0px; word-spacing: 0px;\"><span style=\"color: #0000ff; font-size: 9pt;\"><b>Tenhle t\u00fdm je super parta &#8211;<span class=\"apple-converted-space\">&nbsp;<\/span>skoro jako pra\u017esk\u00e1 Sparta.<\/b><\/span><\/p>\n<p style=\"margin: 0cm 0cm 0.0001pt; line-height: 21pt; orphans: auto; text-align: center; widows: 1; -webkit-text-stroke-width: 0px; word-spacing: 0px;\"><span style=\"color: #0000ff; font-size: 9pt;\"><b>Sic neznaj\u00ed se od \u0161kolky,<span class=\"apple-converted-space\">&nbsp;<\/span>jsou to na\u0161e Viktorky !!!<\/b><\/span><\/p>\n<p style=\"margin: 0cm; margin-bottom: .0001pt; text-align: center; line-height: 21.0pt;\" align=\"center\"><span style=\"font-size: 9.0pt; color: #333333;\">(Daniel Hynek H\u00ed\u0159e 2004)<\/span><\/p>\n<p style=\"line-height: 21.0pt; orphans: auto; text-align: start; widows: 1; -webkit-text-stroke-width: 0px; word-spacing: 0px; margin: 0cm 0cm 6.0pt 0cm;\"><span style=\"font-size: 8.0pt; color: #333333;\">&nbsp;<\/span><\/p>\n<p style=\"line-height: 21.0pt; orphans: auto; text-align: start; widows: 1; -webkit-text-stroke-width: 0px; word-spacing: 0px; margin: 0cm 0cm 21.0pt 0cm;\"><span style=\"font-size: 13.0pt; color: #333333;\">Na\u0161e \u010dty\u0159ka m\u00e1 v\u016fbec b\u00e1snick\u00e9 st\u0159evo, takhle okomentoval fakt, \u017ee posledn\u00ed z n\u00e1s si kone\u010dn\u011b po\u0159\u00eddil m\u00edsto slidu curlingovou obuv:<\/span><\/p>\n<p style=\"margin: 0cm 0cm 0.0001pt; line-height: 21pt; text-align: center;\"><span style=\"color: #0000ff; font-size: 9pt;\"><b>Viktorka let\u00ed vzh\u016fru &#8211; m\u00ed\u0159\u00ed a\u017e na \u0161pi\u010dku, le\u010d k top form\u011b chyb\u00ed st\u00e1le tro\u0161i\u010dku.<\/b><\/span><\/p>\n<p style=\"margin: 0cm 0cm 0.0001pt; line-height: 21pt; orphans: auto; text-align: center; widows: 1; -webkit-text-stroke-width: 0px; word-spacing: 0px;\"><span style=\"color: #0000ff; font-size: 9pt;\"><b>Co to jenom m\u016f\u017ee b\u00fdt, co n\u00e1m je\u0161t\u011b sch\u00e1z\u00ed?<\/b><\/span><\/p>\n<p style=\"margin: 0cm 0cm 0.0001pt; line-height: 21pt; orphans: auto; text-align: center; widows: 1; -webkit-text-stroke-width: 0px; word-spacing: 0px;\"><span style=\"color: #0000ff; font-size: 9pt;\"><b>Jeden na druh\u00e9ho bezradn\u00e9 pohledy h\u00e1z\u00ed.<\/b><\/span><\/p>\n<p style=\"margin: 0cm 0cm 0.0001pt; line-height: 21pt; orphans: auto; text-align: center; widows: 1; -webkit-text-stroke-width: 0px; word-spacing: 0px;\"><span style=\"color: #0000ff; font-size: 9pt;\"><b>Um\u00edme u\u017e z\u00e1jezd, take out, split &#8211; co n\u00e1m je\u0161t\u011b chyb\u00ed, co to m\u016f\u017ee b\u00fdt?<\/b><\/span><\/p>\n<p style=\"margin: 0cm 0cm 0.0001pt; line-height: 21pt; orphans: auto; text-align: center; widows: 1; -webkit-text-stroke-width: 0px; word-spacing: 0px;\"><span style=\"color: #0000ff; font-size: 9pt;\"><b>Koupil jsem si br\u00fdle, m\u00e1me troje stopky, a hle &#8211; skip st\u00e1le nem\u00e1 botky!<\/b><\/span><\/p>\n<p style=\"margin: 0cm 0cm 0.0001pt; line-height: 21pt; orphans: auto; text-align: center; widows: 1; -webkit-text-stroke-width: 0px; word-spacing: 0px;\"><span style=\"color: #0000ff; font-size: 9pt;\"><b>A\u017e je p\u00e1skou p\u0159elep\u00ed, a\u017e v nich na led vyjede,<\/b><\/span><\/p>\n<p style=\"margin: 0cm 0cm 0.0001pt; line-height: 21pt; orphans: auto; text-align: center; widows: 1; -webkit-text-stroke-width: 0px; word-spacing: 0px;\"><span style=\"color: #0000ff; font-size: 9pt;\"><b>Viktorku nic nezastav\u00ed, v\u0161echny hrav\u011b p\u0159ejede.<\/b><\/span><\/p>\n<p style=\"margin: 0cm 0cm 0.0001pt; line-height: 21pt; orphans: auto; text-align: center; widows: 1; -webkit-text-stroke-width: 0px; word-spacing: 0px;\"><span style=\"font-size: 9.0pt; color: #333333;\">(Daniel Hynek H\u00ed\u0159e 2008)<\/span><\/p>\n<p><\/p>\n<p><b>V\u00fdsledky posledn\u00edch let:<\/b><\/p>\n<p><span style=\"color: #000080;\"><b>2008 &#8211; 2009<\/b><\/span>: nejemotivn\u011bj\u0161\u00ed \u00fasp\u011b\u0161n\u00fd konec, udr\u017eeli jsme se ve <b>DRUH\u00c9 LIZE<\/b> v <b>tie breaku<\/b>&nbsp;o 6.-7. m\u00edsto s Demionem v\u00fdhrou v extraendu p\u0159i nev\u00fdhod\u011b (v\u00fdsledky <b><a style=\"color: #ff0000;\" href=\"http:\/\/old.curling.cz\/vysledky\/2008_09\/a_2lm.php\">ZDE<\/a><\/b>)<\/p>\n<figure id=\"attachment_1097\" aria-describedby=\"caption-attachment-1097\" style=\"width: 624px\" class=\"wp-caption alignleft\"><a href=\"http:\/\/klubzviktorky.cebin.info\/wp-content\/uploads\/2017\/06\/Demionwww.jpg\"><img loading=\"lazy\" decoding=\"async\" class=\"wp-image-1097 size-full\" src=\"http:\/\/klubzviktorky.cebin.info\/wp-content\/uploads\/2017\/06\/Demionwww.jpg\" alt=\"\" width=\"624\" height=\"103\" srcset=\"https:\/\/klubzviktorky.cebin.eu\/wp-content\/uploads\/2017\/06\/Demionwww.jpg 624w, https:\/\/klubzviktorky.cebin.eu\/wp-content\/uploads\/2017\/06\/Demionwww-300x50.jpg 300w\" sizes=\"auto, (max-width: 624px) 100vw, 624px\" \/><\/a><figcaption id=\"caption-attachment-1097\" class=\"wp-caption-text\">&#8222;No byl to naprosto neskute\u010dn\u00fd curlingov\u00fd v\u00edkend!! Pro m\u011b ur\u010dit\u011b jeden z nejv\u011bt\u0161\u00edch z\u00e1\u017eitk\u016f z na\u0161eho dosavadn\u00edho hran\u00ed. Dva dev\u00edtiendov\u00e9 z\u00e1pasy se \u0161\u0165astn\u00fdm koncem pro n\u00e1s. To je a\u017e neuv\u011b\u0159iteln\u00fd. O \u0161\u0165astn\u00fd konec toho v\u010derej\u0161\u00edho dramatu se skv\u011bl\u00fdmi 3 posledn\u00edmi hody v z\u00e1v\u011bru postaral Dan\u00edk &#8211; hlavn\u011b tedy t\u00edm posledn\u00edm hodem v osm\u00e9m endu, kter\u00fd nadchl i p\u0159ihl\u00ed\u017eej\u00edc\u00ed curlingovou obec!!!&#8220; Petr Radonsk\u00fd<\/figcaption><\/figure>\n<p><span style=\"color: #000080;\"><b>2009 &#8211; 2010:<\/b><\/span>&nbsp;n\u00e1\u0161 v\u00fdsledkov\u011b asi <span style=\"color: #800000;\"><strong>nej\u00fasp\u011b\u0161n\u011bj\u0161\u00ed<\/strong> <\/span>rok&nbsp;&#8211; <span style=\"color: #000080;\">3<\/span>. m\u00edsto ve <b>DRUH\u00c9 <\/b>(resp. prvn\u00ed z dne\u0161n\u00edho pohledu) <b> LIZE<\/b> &#8230; v\u00fdsledky <span style=\"color: #ff0000;\"><b><a style=\"color: #ff0000;\" href=\"http:\/\/old.curling.cz\/vysledky\/2009_10\/120.php\">ZDE<\/a><\/b><\/span><\/p>\n<p><span style=\"color: #000080;\"><b>2010 &#8211; 2011:<\/b><\/span>&nbsp;lo\u0148sk\u00e9 \u00fasp\u011bchy jsou fu\u010d a po sez\u00f3n\u011b s jedinou v\u00fdhrou (!) zaslou\u017een\u011b opou\u0161t\u00edme <b>DRUHOU LIGU<\/b> a pokra\u010dovat budeme dal\u0161\u00ed rok ve t\u0159et\u00ed &#8230; v\u00fdsledky <span style=\"color: #ff0000;\"><b><a style=\"color: #ff0000;\" href=\"http:\/\/old.curling.cz\/vysledky\/2010_11\/280.php\">ZDE<\/a><\/b><\/span><\/p>\n<p><span style=\"color: #000080;\"><b>2011 &#8211; 2012:<\/b><\/span>&nbsp;poklidn\u00fd st\u0159ed tabulky p\u0159i premi\u00e9rov\u00e9 \u00fa\u010dasti ve <b>T\u0158ET\u00cd LIZE<\/b> &#8230; v\u00fdsledky <span style=\"color: #ff0000;\"><b><a style=\"color: #ff0000;\" href=\"http:\/\/old.curling.cz\/vysledky\/2011_12\/311.php\">ZDE<\/a><\/b><\/span><\/p>\n<p><span style=\"color: #000080;\"><b>2012 &#8211; 2013:<\/b><\/span>&nbsp;druh\u00fd&nbsp;rok ve&nbsp;<strong><span style=\"color: #993300;\">3<\/span><\/strong>.<b>LIZE<\/b> kon\u010d\u00edme s bilanc\u00ed 15 v\u00fdher 3 por\u00e1\u017eky na 2.m\u00edst\u011b a jdeme do <b><span style=\"color: #0000ff;\">bar\u00e1\u017ee<\/span> <\/b>o ligu druhou, ale prohr\u00e1v\u00e1me s Dionem RM 5:6&#8230;v\u00fdsledky <span style=\"color: #ff0000;\"><b><a style=\"color: #ff0000;\" href=\"http:\/\/old.curling.cz\/vysledky\/2012_13\/339.php\">ZDE<\/a><\/b><\/span><\/p>\n<figure id=\"attachment_2030\" aria-describedby=\"caption-attachment-2030\" style=\"width: 2048px\" class=\"wp-caption alignleft\"><a href=\"http:\/\/klubzviktorky.cebin.info\/wp-content\/uploads\/2017\/06\/Grey-Wolves-2.jpg\"><img loading=\"lazy\" decoding=\"async\" class=\"wp-image-2030 size-full\" src=\"http:\/\/klubzviktorky.cebin.info\/wp-content\/uploads\/2017\/06\/Grey-Wolves-2.jpg\" alt=\"\" width=\"2048\" height=\"905\" srcset=\"https:\/\/klubzviktorky.cebin.eu\/wp-content\/uploads\/2017\/06\/Grey-Wolves-2.jpg 2048w, https:\/\/klubzviktorky.cebin.eu\/wp-content\/uploads\/2017\/06\/Grey-Wolves-2-300x133.jpg 300w, https:\/\/klubzviktorky.cebin.eu\/wp-content\/uploads\/2017\/06\/Grey-Wolves-2-768x339.jpg 768w, https:\/\/klubzviktorky.cebin.eu\/wp-content\/uploads\/2017\/06\/Grey-Wolves-2-1024x453.jpg 1024w\" sizes=\"auto, (max-width: 2048px) 100vw, 2048px\" \/><\/a><figcaption id=\"caption-attachment-2030\" class=\"wp-caption-text\">Jeden z pam\u00e1tn\u00fdch z\u00e1pas\u016f. Hr\u00e1lo se od 8:00. Prvn\u00ed polovinu z\u00e1pasu jsme &#8222;prospali&#8220;. D\u00edky t\u00e9to v\u00fdh\u0159e jsme se posunuli do tie-breaku s Karvinou o pr\u00e1vo vyzvat soupe\u0159e z 2. ligy v bar\u00e1\u017ei.<\/figcaption><\/figure>\n<figure id=\"attachment_1103\" aria-describedby=\"caption-attachment-1103\" style=\"width: 619px\" class=\"wp-caption alignleft\"><a href=\"http:\/\/klubzviktorky.cebin.info\/wp-content\/uploads\/2017\/06\/DION-RMwww.jpg\"><img loading=\"lazy\" decoding=\"async\" class=\"wp-image-1103 size-full\" src=\"http:\/\/klubzviktorky.cebin.info\/wp-content\/uploads\/2017\/06\/DION-RMwww.jpg\" alt=\"\" width=\"619\" height=\"79\" srcset=\"https:\/\/klubzviktorky.cebin.eu\/wp-content\/uploads\/2017\/06\/DION-RMwww.jpg 619w, https:\/\/klubzviktorky.cebin.eu\/wp-content\/uploads\/2017\/06\/DION-RMwww-300x38.jpg 300w\" sizes=\"auto, (max-width: 619px) 100vw, 619px\" \/><\/a><figcaption id=\"caption-attachment-1103\" class=\"wp-caption-text\">Bar\u00e1\u017e se n\u00e1m nepovedla.<\/figcaption><\/figure>\n<p><span style=\"color: #000080;\"><b>2013 &#8211; 2014:<\/b><\/span>&nbsp;podle zcela nov\u00e9ho hrac\u00edho syst\u00e9mu spad\u00e1me do <b>DIVIZE C<\/b> a kon\u010d\u00edme sez\u00f3nu s p\u0159\u00edznivou bilanc\u00ed 8 v\u00fdher a 6 por\u00e1\u017eek &#8230; v\u00fdsledky <span style=\"color: #ff0000;\"><b><a style=\"color: #ff0000;\" href=\"http:\/\/old.curling.cz\/vysledky\/2013_14\/372.php\">ZDE<\/a><\/b><\/span><\/p>\n<p><span style=\"color: #000080;\"><b>2014 &#8211; 2015:<\/b><\/span>&nbsp;druh\u00fd rok v <b>DIVIZI C<\/b> = druh\u00e9 m\u00edsto (v\u00fdsledky <span style=\"color: #ff0000;\"><b><a style=\"color: #ff0000;\" href=\"http:\/\/old.curling.cz\/vysledky\/2014_15\/408.php\">ZDE<\/a><\/b><\/span>) = dostali jsme se op\u011bt do <span style=\"color: #0000ff;\"><b>bar\u00e1\u017ee&nbsp;<\/b><\/span>(resp. do fin\u00e1lov\u00e9ho turnaje diviz\u00ed) &#8211; tentokr\u00e1t o postup do 1. ligy a bohu\u017eel op\u011bt marn\u011b &#8230; v\u00fdsledky <span style=\"color: #ff0000;\"><b><a style=\"color: #ff0000;\" href=\"http:\/\/old.curling.cz\/vysledky\/2014_15\/421.php\">ZDE<\/a><\/b><\/span><\/p>\n<figure id=\"attachment_1133\" aria-describedby=\"caption-attachment-1133\" style=\"width: 618px\" class=\"wp-caption alignleft\"><a href=\"http:\/\/klubzviktorky.cebin.info\/wp-content\/uploads\/2017\/06\/Savona-6www.jpg\"><img loading=\"lazy\" decoding=\"async\" class=\"wp-image-1133 size-full\" src=\"http:\/\/klubzviktorky.cebin.info\/wp-content\/uploads\/2017\/06\/Savona-6www.jpg\" alt=\"\" width=\"618\" height=\"66\" srcset=\"https:\/\/klubzviktorky.cebin.eu\/wp-content\/uploads\/2017\/06\/Savona-6www.jpg 618w, https:\/\/klubzviktorky.cebin.eu\/wp-content\/uploads\/2017\/06\/Savona-6www-300x32.jpg 300w\" sizes=\"auto, (max-width: 618px) 100vw, 618px\" \/><\/a><figcaption id=\"caption-attachment-1133\" class=\"wp-caption-text\">Zlomov\u00fd z\u00e1pas bar\u00e1\u017ee, aneb jak prohr\u00e1t t\u00e9m\u011b\u0159 oto\u010den\u00fd z\u00e1pas v posledn\u00edm endu.<\/figcaption><\/figure>\n<p><span style=\"color: #000080;\"><b>2015 &#8211; 2016:&nbsp;<\/b><\/span>poprv\u00e9 jsme se rozhoupali k \u00fa\u010dasti na turnaji v zahrani\u010d\u00ed a je z toho ne\u010dekan\u00e9&nbsp;<span style=\"color: #333300;\"><b>T\u0158ET\u00cd&nbsp;<\/b><\/span>m\u00edsto na <b><a href=\"http:\/\/www.klubzviktorky.cebin.cz\/curling.html?page=viewcategory&amp;categoryid=2345\">Season Opening Cup<\/a><\/b>&nbsp;v Budape\u0161ti (4.- 6. 9. 2015) &nbsp;! &#8230;<\/p>\n<p><a href=\"http:\/\/klubzviktorky.cebin.info\/wp-content\/uploads\/2017\/06\/Buda.jpg\"><img loading=\"lazy\" decoding=\"async\" class=\"aligncenter size-full wp-image-1158\" src=\"http:\/\/klubzviktorky.cebin.info\/wp-content\/uploads\/2017\/06\/Buda.jpg\" alt=\"\" width=\"1679\" height=\"1126\" srcset=\"https:\/\/klubzviktorky.cebin.eu\/wp-content\/uploads\/2017\/06\/Buda.jpg 1679w, https:\/\/klubzviktorky.cebin.eu\/wp-content\/uploads\/2017\/06\/Buda-300x201.jpg 300w, https:\/\/klubzviktorky.cebin.eu\/wp-content\/uploads\/2017\/06\/Buda-768x515.jpg 768w, https:\/\/klubzviktorky.cebin.eu\/wp-content\/uploads\/2017\/06\/Buda-1024x687.jpg 1024w\" sizes=\"auto, (max-width: 1679px) 100vw, 1679px\" \/><\/a><\/p>\n<p>&#8230;&nbsp;ale jak n\u00e1m sez\u00f3na v z\u00e1\u0159\u00ed v Ma\u010farsku b\u00e1je\u010dn\u011b za\u010dala, konec ji\u017e poveden\u00fd nebyl a nepoda\u0159ilo se n\u00e1m bohu\u017eel postoupit do roz\u0161\u00ed\u0159en\u00e9 1. ligy (v\u00fdsledky: <b>DIVIZE C<\/b> <b><a style=\"color: #ff0000;\" href=\"http:\/\/old.curling.cz\/vysledky\/2015_16\/438.php\">ZDE<\/a><\/b><b>&nbsp;<\/b>&#8230; n\u00e1sledn\u00e1 <b>DIVIZE D <a style=\"color: #ff0000;\" href=\"http:\/\/old.curling.cz\/vysledky\/2015_16\/440.php\">ZDE<\/a><\/b>; a kone\u010dn\u011b <span style=\"color: #0000ff;\">t\u0159et\u00ed na\u0161e ne\u00fasp\u011b\u0161n\u00e1 <b>bar\u00e1\u017e <\/b>v \u0159ad\u011b<\/span>, letos op\u011bt o prvn\u00ed ligu <b><a style=\"color: #ff0000;\" href=\"http:\/\/old.curling.cz\/vysledky\/2015_16\/440.php\">ZDE<\/a><\/b>)<\/p>\n<p><span style=\"color: #000080;\"><b>2016 &#8211; 2017:&nbsp;<\/b><\/span>tentokr\u00e1t jsme a\u017e do bar\u00e1\u017ee nedokr\u00e1\u010deli, stopku n\u00e1m vystavili sta\u0159\u00ed zn\u00e1m\u00ed Kolibris 5 v tie breaku o druh\u00e9 m\u00edsto v&nbsp;<strong>DIVIZI A<\/strong> &#8230; v\u00fdsledky <b><a style=\"color: #ff0000;\" href=\"http:\/\/old.curling.cz\/vysledky\/2016_17\/478.php\">ZDE<\/a>&nbsp;<\/b>N\u00e1sledn\u011b jsme si je\u0161t\u011b vyjeli do Bratislavy na <strong><a href=\"http:\/\/www.csopen.sk\/\">IX. Czechoslovak Open<\/a><\/strong> a tam se n\u00e1m neda\u0159ilo v\u016fbec. Skon\u010dili jsme posledn\u00ed &#8211; bez v\u00edt\u011bzstv\u00ed. Spolu s divizn\u00edm z\u00e1v\u011brem jsme prohr\u00e1li celkem 6 posledn\u00edch z\u00e1pas\u016f v \u0159ad\u011b, t\u011b\u017eko tedy m\u016f\u017eeme prohl\u00e1sit sez\u00f3nu za \u00fasp\u011b\u0161nou \ud83d\ude42<\/p>\n<p><a href=\"http:\/\/klubzviktorky.cebin.info\/wp-content\/uploads\/2017\/06\/Curling-Bratislava.jpg\"><img loading=\"lazy\" decoding=\"async\" class=\"alignnone size-large wp-image-738\" src=\"http:\/\/klubzviktorky.cebin.info\/wp-content\/uploads\/2017\/06\/Curling-Bratislava-1024x680.jpg\" alt=\"\" width=\"660\" height=\"438\" srcset=\"https:\/\/klubzviktorky.cebin.eu\/wp-content\/uploads\/2017\/06\/Curling-Bratislava-1024x680.jpg 1024w, https:\/\/klubzviktorky.cebin.eu\/wp-content\/uploads\/2017\/06\/Curling-Bratislava-300x199.jpg 300w, https:\/\/klubzviktorky.cebin.eu\/wp-content\/uploads\/2017\/06\/Curling-Bratislava-768x510.jpg 768w, https:\/\/klubzviktorky.cebin.eu\/wp-content\/uploads\/2017\/06\/Curling-Bratislava.jpg 2048w\" sizes=\"auto, (max-width: 660px) 100vw, 660px\" \/><\/a><\/p>\n<p><span style=\"color: #000080;\"><b>2017 &#8211; 2018:&nbsp;<\/b><\/span><span style=\"color: #000000;\">kone\u010dn\u011b se zada\u0159ilo, vyhr\u00e1v\u00e1me na\u0161\u00ed divizi a postupujeme p\u0159\u00edmo do PRVN\u00cd ligy !!!&nbsp;<\/span><\/p>\n<figure id=\"attachment_2417\" aria-describedby=\"caption-attachment-2417\" style=\"width: 659px\" class=\"wp-caption aligncenter\"><a href=\"http:\/\/klubzviktorky.cebin.info\/wp-content\/uploads\/2017\/06\/Kone\u010dn\u00e1-tabulka-curling.jpg\"><img loading=\"lazy\" decoding=\"async\" class=\"wp-image-2417 size-full\" src=\"http:\/\/klubzviktorky.cebin.info\/wp-content\/uploads\/2017\/06\/Kone\u010dn\u00e1-tabulka-curling.jpg\" alt=\"\" width=\"659\" height=\"221\" srcset=\"https:\/\/klubzviktorky.cebin.eu\/wp-content\/uploads\/2017\/06\/Kone\u010dn\u00e1-tabulka-curling.jpg 659w, https:\/\/klubzviktorky.cebin.eu\/wp-content\/uploads\/2017\/06\/Kone\u010dn\u00e1-tabulka-curling-300x101.jpg 300w\" sizes=\"auto, (max-width: 659px) 100vw, 659px\" \/><\/a><figcaption id=\"caption-attachment-2417\" class=\"wp-caption-text\">Kone\u010dn\u00e1 tabulka DIVIZE A<\/figcaption><\/figure>\n<figure id=\"attachment_2411\" aria-describedby=\"caption-attachment-2411\" style=\"width: 1250px\" class=\"wp-caption aligncenter\"><a href=\"http:\/\/klubzviktorky.cebin.info\/wp-content\/uploads\/2017\/06\/IMG_20180211_111327.jpg\"><img loading=\"lazy\" decoding=\"async\" class=\"wp-image-2411 size-full\" src=\"http:\/\/klubzviktorky.cebin.info\/wp-content\/uploads\/2017\/06\/IMG_20180211_111327.jpg\" alt=\"\" width=\"1250\" height=\"938\" srcset=\"https:\/\/klubzviktorky.cebin.eu\/wp-content\/uploads\/2017\/06\/IMG_20180211_111327.jpg 1250w, https:\/\/klubzviktorky.cebin.eu\/wp-content\/uploads\/2017\/06\/IMG_20180211_111327-300x225.jpg 300w, https:\/\/klubzviktorky.cebin.eu\/wp-content\/uploads\/2017\/06\/IMG_20180211_111327-768x576.jpg 768w, https:\/\/klubzviktorky.cebin.eu\/wp-content\/uploads\/2017\/06\/IMG_20180211_111327-1024x768.jpg 1024w\" sizes=\"auto, (max-width: 1250px) 100vw, 1250px\" \/><\/a><figcaption id=\"caption-attachment-2411\" class=\"wp-caption-text\">S medail\u00ed za prvn\u00ed m\u00edsto, na fotce bohu\u017eel chyb\u00ed n\u00e1\u0161 skip \ud83d\ude42<\/figcaption><\/figure>\n<p>Mist\u0159i koncovek \ud83d\ude42<\/p>\n<div id='gallery-1' class='gallery galleryid-722 gallery-columns-3 gallery-size-large'><figure class='gallery-item'>\n\t\t\t<div class='gallery-icon landscape'>\n\t\t\t\t<a href='https:\/\/klubzviktorky.cebin.eu\/index.php\/curling\/grey-wolves\/'><img loading=\"lazy\" decoding=\"async\" width=\"660\" height=\"495\" src=\"https:\/\/klubzviktorky.cebin.eu\/wp-content\/uploads\/2017\/06\/Grey-Wolves-1024x768.jpg\" class=\"attachment-large size-large\" alt=\"\" aria-describedby=\"gallery-1-2027\" srcset=\"https:\/\/klubzviktorky.cebin.eu\/wp-content\/uploads\/2017\/06\/Grey-Wolves-1024x768.jpg 1024w, https:\/\/klubzviktorky.cebin.eu\/wp-content\/uploads\/2017\/06\/Grey-Wolves-300x225.jpg 300w, https:\/\/klubzviktorky.cebin.eu\/wp-content\/uploads\/2017\/06\/Grey-Wolves-768x576.jpg 768w, https:\/\/klubzviktorky.cebin.eu\/wp-content\/uploads\/2017\/06\/Grey-Wolves.jpg 2048w\" sizes=\"auto, (max-width: 660px) 100vw, 660px\" \/><\/a>\n\t\t\t<\/div>\n\t\t\t\t<figcaption class='wp-caption-text gallery-caption' id='gallery-1-2027'>\n\t\t\t\t6.4.2013\n\t\t\t\t<\/figcaption><\/figure>\n\t\t<\/div>\n\n\n\n<p>\u00dapln\u00e9 za\u010d\u00e1tky v roce 1998 \ud83d\ude42<\/p>\n\n\n\n<figure class=\"wp-block-image\"><img loading=\"lazy\" decoding=\"async\" width=\"1024\" height=\"919\" src=\"https:\/\/klubzviktorky.cebin.eu\/wp-content\/uploads\/2019\/11\/Zacatky-1024x919.jpg\" alt=\"\" class=\"wp-image-11545\" srcset=\"https:\/\/klubzviktorky.cebin.eu\/wp-content\/uploads\/2019\/11\/Zacatky-1024x919.jpg 1024w, https:\/\/klubzviktorky.cebin.eu\/wp-content\/uploads\/2019\/11\/Zacatky-300x269.jpg 300w, https:\/\/klubzviktorky.cebin.eu\/wp-content\/uploads\/2019\/11\/Zacatky-768x690.jpg 768w, https:\/\/klubzviktorky.cebin.eu\/wp-content\/uploads\/2019\/11\/Zacatky.jpg 1283w\" sizes=\"auto, (max-width: 1024px) 100vw, 1024px\" \/><figcaption><br><\/figcaption><\/figure>\n\n\n\n<p>Dv\u011b videa z d\u00e1vn\u00fdch dob<\/p>\n\n\n\n<figure class=\"wp-block-image\"><img loading=\"lazy\" decoding=\"async\" width=\"669\" height=\"69\" src=\"https:\/\/klubzviktorky.cebin.eu\/wp-content\/uploads\/2019\/11\/Viktorka-Dion_2.jpg\" alt=\"\" class=\"wp-image-11551\" srcset=\"https:\/\/klubzviktorky.cebin.eu\/wp-content\/uploads\/2019\/11\/Viktorka-Dion_2.jpg 669w, https:\/\/klubzviktorky.cebin.eu\/wp-content\/uploads\/2019\/11\/Viktorka-Dion_2-300x31.jpg 300w\" sizes=\"auto, (max-width: 669px) 100vw, 669px\" \/><\/figure>\n\n\n\n<figure class=\"wp-block-video aligncenter\"><video height=\"240\" style=\"aspect-ratio: 320 \/ 240;\" width=\"320\" controls src=\"https:\/\/klubzviktorky.cebin.eu\/wp-content\/uploads\/2019\/11\/MVI_0265-2.mp4\"><\/video><\/figure>\n\n\n\n<figure class=\"wp-block-video\"><video height=\"480\" style=\"aspect-ratio: 640 \/ 480;\" width=\"640\" controls src=\"https:\/\/klubzviktorky.cebin.eu\/wp-content\/uploads\/2019\/11\/MOV01991.mp4\"><\/video><\/figure>\n","protected":false},"excerpt":{"rendered":"<p>TR\u00c9NUJEME ST\u0158EDY 19:00 &#8211; 21:00. M\u00c1TE CHU\u0164 NA Z\u00c1PAS ? NAPI\u0160TE N\u00c1M ! &#8211; jan.kohoutek@email.cz, daniel.hire@seznam.cz Klub z Viktorky (neboli na v\u00fdsledkov\u00fdch tabul\u00edch v roztylsk\u00e9 hale nyn\u00ed zkr\u00e1cen\u011b &#8222;KLUB VKT&#8220;) za\u010dal hr\u00e1t curling&nbsp;na ja\u0159e 1998 pod dojmem televizn\u00edch p\u0159enos\u016f tohoto sportu z olympijsk\u00e9ho Nagana a&nbsp;hned na podzim stejn\u00e9ho roku&nbsp;se poprv\u00e9 zapojil do Mistrovstv\u00ed \u010cesk\u00e9 republiky. &hellip; <a href=\"https:\/\/klubzviktorky.cebin.eu\/index.php\/curling\/\" class=\"more-link\">Pokra\u010dov\u00e1n\u00ed textu <span class=\"screen-reader-text\">Curling<\/span><\/a><\/p>\n","protected":false},"author":1,"featured_media":6718,"parent":0,"menu_order":4,"comment_status":"closed","ping_status":"closed","template":"","meta":{"footnotes":""},"class_list":["post-722","page","type-page","status-publish","has-post-thumbnail","hentry"],"_links":{"self":[{"href":"https:\/\/klubzviktorky.cebin.eu\/index.php\/wp-json\/wp\/v2\/pages\/722","targetHints":{"allow":["GET"]}}],"collection":[{"href":"https:\/\/klubzviktorky.cebin.eu\/index.php\/wp-json\/wp\/v2\/pages"}],"about":[{"href":"https:\/\/klubzviktorky.cebin.eu\/index.php\/wp-json\/wp\/v2\/types\/page"}],"author":[{"embeddable":true,"href":"https:\/\/klubzviktorky.cebin.eu\/index.php\/wp-json\/wp\/v2\/users\/1"}],"replies":[{"embeddable":true,"href":"https:\/\/klubzviktorky.cebin.eu\/index.php\/wp-json\/wp\/v2\/comments?post=722"}],"version-history":[{"count":79,"href":"https:\/\/klubzviktorky.cebin.eu\/index.php\/wp-json\/wp\/v2\/pages\/722\/revisions"}],"predecessor-version":[{"id":11574,"href":"https:\/\/klubzviktorky.cebin.eu\/index.php\/wp-json\/wp\/v2\/pages\/722\/revisions\/11574"}],"wp:featuredmedia":[{"embeddable":true,"href":"https:\/\/klubzviktorky.cebin.eu\/index.php\/wp-json\/wp\/v2\/media\/6718"}],"wp:attachment":[{"href":"https:\/\/klubzviktorky.cebin.eu\/index.php\/wp-json\/wp\/v2\/media?parent=722"}],"curies":[{"name":"wp","href":"https:\/\/api.w.org\/{rel}","templated":true}]}}