{"id":977,"date":"2017-06-13T08:30:17","date_gmt":"2017-06-13T07:30:17","guid":{"rendered":"http:\/\/klubzviktorky.cebin.info\/?page_id=977"},"modified":"2018-10-10T13:50:06","modified_gmt":"2018-10-10T12:50:06","slug":"viktorcin-smich","status":"publish","type":"page","link":"https:\/\/klubzviktorky.cebin.eu\/index.php\/viktorcin-smich\/","title":{"rendered":"Viktor\u010din Sm\u00edch"},"content":{"rendered":"<p>= <strong><span style=\"color: #ff0000;\">fotbalov\u00fd<\/span> <\/strong>t\u00fdm Klubu z Viktorky. &#8222;Viktor\u010din Sm\u00edch&#8220; zalo\u017eil v roce 1999 <span style=\"color: #339966;\"><strong>Jan <a href=\"http:\/\/klubzviktorky.cebin.info\/index.php\/valerian\/\"><span style=\"color: #339966;\">Valeri\u00e1n<\/span><\/a><\/strong><\/span> a hned se s n\u00edm zapojil do Hanspaulsk\u00e9 ligy.\u00a0Po Honzov\u011b odchodu z Prahy p\u0159evzal kapit\u00e1nskou p\u00e1sku <strong><span style=\"color: #008000;\"><a style=\"color: #008000;\" href=\"http:\/\/klubzviktorky.cebin.info\/index.php\/soulek\/\">Vladim\u00edr Soulek<\/a><\/span><\/strong>.<\/p>\n<p>Po 39 sez\u00f3n\u00e1ch v sout\u011b\u017ei pat\u0159ilo Viktor\u010dinu Sm\u00edchu celkov\u011b 539. m\u00edsto v historick\u00e9 tabulce ligy se ziskem 874 bod\u016f (182 &#8211; 64 &#8211; 183) a celkov\u00fdm sk\u00f3re: 1006:1015.<\/p>\n<p>Archiv v\u00fdsledk\u016f od podzimn\u00ed sezony 2009: <a href=\"http:\/\/mujtym.psmf.cz\/viktorcin-smich\/\">http:\/\/mujtym.psmf.cz\/viktorcin-smich\/<\/a><\/p>\n<p>Za Viktor\u010din Sm\u00edch nastoupili: Jarom\u00edr Adam (B), <a href=\"https:\/\/klubzviktorky.cebin.eu\/index.php\/stanislav_bil\/\" target=\"_blank\" rel=\"noopener\">Stanislav Bil<\/a>, Daniel Boledovi\u010d, <strong>Ji\u0159\u00ed B\u0159ezina<\/strong>, Petr Charv\u00e1t, Martin Chlumeck\u00fd, Luk\u00e1\u0161 Chvalkovsk\u00fd, Robin Dejmek, Daniel Forghieri, Pavel Forman, Kamil Han\u00e1\u010dek,\u00a0<strong><a href=\"https:\/\/klubzviktorky.cebin.eu\/index.php\/daniel-hire\/\" target=\"_blank\" rel=\"noopener\">Daniel H\u00ed\u0159e<\/a><\/strong>,\u00a0Radovan Hrab\u011b,\u00a0Petr Jakub\u00ed\u010dek, Bohuslav Jir\u00e1k, Zden\u011bk Kocourek, <a href=\"https:\/\/klubzviktorky.cebin.eu\/index.php\/jan_kohoutek\/\" target=\"_blank\" rel=\"noopener\">Jan Kohoutek<\/a>, Jaroslav Kopeck\u00fd, <strong>Martin Kratochv\u00edl<\/strong>, Lud\u011bk Ku\u010dera, <strong>Old\u0159ich K\u0159\u00ed\u017eek<\/strong>, Ji\u0159\u00ed Louck\u00fd, Martin Moc, Michael N\u00e1dvorn\u00edk, Ond\u0159ej N\u011bmec (B), Robert N\u011bme\u010dek, <strong>Adam Pal\u00e1n<\/strong>, Ond\u0159ej Pech, Michal Persy, Marek Petru\u0161ka, Zden\u011bk Prokop, Radim Rau\u0161, <strong>David Rozs\u00edval<\/strong>, Michal Rychtr, <a href=\"https:\/\/klubzviktorky.cebin.eu\/index.php\/ladislav-sacek\/\" target=\"_blank\" rel=\"noopener\">Ladislav Sa\u010dek<\/a>, Ond\u0159ej Soukup, <a href=\"https:\/\/klubzviktorky.cebin.eu\/index.php\/soulek\/\" target=\"_blank\" rel=\"noopener\"><strong>Vladim\u00edr Soulek (C)<\/strong><\/a>, <strong>Jan \u0160embera<\/strong>,\u00a0<strong>Michal \u0160m\u00edd<\/strong>, Radom\u00edr \u0160vec, Jakub Tesa\u0159,<strong> Jan Ujka<\/strong>, <strong>Ji\u0159\u00ed Valenta<\/strong>, <a href=\"https:\/\/klubzviktorky.cebin.eu\/index.php\/valerian\/\" target=\"_blank\" rel=\"noopener\">Jan Valeri\u00e1n (C)<\/a>, Roman Vesel\u00fd, Marek Vysko\u010dil, Jan Zrzaveck\u00fd<\/p>\n<h2 style=\"text-align: center;\">PODZIM 2018<\/h2>\n<p style=\"text-align: center;\"><strong><span style=\"color: #0000ff;\"><a style=\"color: #0000ff;\" href=\"http:\/\/www.psmf.cz\/souteze\/2017-hanspaulska-liga-podzim\/7-e\/vysledna-tabulka\/\">7. liga &#8211; skupina E<\/a><\/span><\/strong><\/p>\n<p style=\"text-align: center;\"><strong><span style=\"color: #800000;\">40<\/span><\/strong>. sez\u00f3na Viktor\u010dina Sm\u00edchu v Hanspaulce<\/p>\n<p>Za\u010d\u00e1tky:<\/p>\n<div id='gallery-1' class='gallery galleryid-977 gallery-columns-3 gallery-size-thumbnail'><figure class='gallery-item'>\n\t\t\t<div class='gallery-icon portrait'>\n\t\t\t\t<a href='https:\/\/klubzviktorky.cebin.eu\/wp-content\/uploads\/2018\/10\/zapis-1-1.jpg'><img loading=\"lazy\" decoding=\"async\" width=\"150\" height=\"150\" src=\"https:\/\/klubzviktorky.cebin.eu\/wp-content\/uploads\/2018\/10\/zapis-1-1-150x150.jpg\" class=\"attachment-thumbnail size-thumbnail\" alt=\"\" \/><\/a>\n\t\t\t<\/div><\/figure><figure class='gallery-item'>\n\t\t\t<div class='gallery-icon portrait'>\n\t\t\t\t<a href='https:\/\/klubzviktorky.cebin.eu\/wp-content\/uploads\/2018\/10\/zapis-2.jpg'><img loading=\"lazy\" decoding=\"async\" width=\"150\" height=\"150\" src=\"https:\/\/klubzviktorky.cebin.eu\/wp-content\/uploads\/2018\/10\/zapis-2-150x150.jpg\" class=\"attachment-thumbnail size-thumbnail\" alt=\"\" \/><\/a>\n\t\t\t<\/div><\/figure><figure class='gallery-item'>\n\t\t\t<div class='gallery-icon portrait'>\n\t\t\t\t<a href='https:\/\/klubzviktorky.cebin.eu\/wp-content\/uploads\/2018\/10\/zapis-3.jpg'><img loading=\"lazy\" decoding=\"async\" width=\"150\" height=\"150\" src=\"https:\/\/klubzviktorky.cebin.eu\/wp-content\/uploads\/2018\/10\/zapis-3-150x150.jpg\" class=\"attachment-thumbnail size-thumbnail\" alt=\"\" \/><\/a>\n\t\t\t<\/div><\/figure>\n\t\t<\/div>\n\n<figure id=\"attachment_7661\" aria-describedby=\"caption-attachment-7661\" style=\"width: 425px\" class=\"wp-caption aligncenter\"><a href=\"https:\/\/klubzviktorky.cebin.eu\/wp-content\/uploads\/2018\/10\/VS-jaro-2018-1.jpg\"><img loading=\"lazy\" decoding=\"async\" class=\"wp-image-7661 size-full\" src=\"https:\/\/klubzviktorky.cebin.eu\/wp-content\/uploads\/2018\/10\/VS-jaro-2018-1.jpg\" alt=\"\" width=\"425\" height=\"215\" srcset=\"https:\/\/klubzviktorky.cebin.eu\/wp-content\/uploads\/2018\/10\/VS-jaro-2018-1.jpg 425w, https:\/\/klubzviktorky.cebin.eu\/wp-content\/uploads\/2018\/10\/VS-jaro-2018-1-300x152.jpg 300w\" sizes=\"auto, (max-width: 425px) 100vw, 425px\" \/><\/a><figcaption id=\"caption-attachment-7661\" class=\"wp-caption-text\">Jaro 2018<\/figcaption><\/figure>\n<div id='gallery-2' class='gallery galleryid-977 gallery-columns-2 gallery-size-medium'><figure class='gallery-item'>\n\t\t\t<div class='gallery-icon landscape'>\n\t\t\t\t<a href='https:\/\/klubzviktorky.cebin.eu\/wp-content\/uploads\/2018\/10\/VS-podzim-2017.jpg'><img loading=\"lazy\" decoding=\"async\" width=\"300\" height=\"151\" src=\"https:\/\/klubzviktorky.cebin.eu\/wp-content\/uploads\/2018\/10\/VS-podzim-2017-300x151.jpg\" class=\"attachment-medium size-medium\" alt=\"\" aria-describedby=\"gallery-2-7655\" srcset=\"https:\/\/klubzviktorky.cebin.eu\/wp-content\/uploads\/2018\/10\/VS-podzim-2017-300x151.jpg 300w, https:\/\/klubzviktorky.cebin.eu\/wp-content\/uploads\/2018\/10\/VS-podzim-2017.jpg 423w\" sizes=\"auto, (max-width: 300px) 100vw, 300px\" \/><\/a>\n\t\t\t<\/div>\n\t\t\t\t<figcaption class='wp-caption-text gallery-caption' id='gallery-2-7655'>\n\t\t\t\tPodzim 2017\n\t\t\t\t<\/figcaption><\/figure><figure class='gallery-item'>\n\t\t\t<div class='gallery-icon landscape'>\n\t\t\t\t<a href='https:\/\/klubzviktorky.cebin.eu\/wp-content\/uploads\/2018\/10\/VS-jaro-2017.jpg'><img loading=\"lazy\" decoding=\"async\" width=\"300\" height=\"148\" src=\"https:\/\/klubzviktorky.cebin.eu\/wp-content\/uploads\/2018\/10\/VS-jaro-2017-300x148.jpg\" class=\"attachment-medium size-medium\" alt=\"\" aria-describedby=\"gallery-2-7657\" srcset=\"https:\/\/klubzviktorky.cebin.eu\/wp-content\/uploads\/2018\/10\/VS-jaro-2017-300x148.jpg 300w, https:\/\/klubzviktorky.cebin.eu\/wp-content\/uploads\/2018\/10\/VS-jaro-2017.jpg 435w\" sizes=\"auto, (max-width: 300px) 100vw, 300px\" \/><\/a>\n\t\t\t<\/div>\n\t\t\t\t<figcaption class='wp-caption-text gallery-caption' id='gallery-2-7657'>\n\t\t\t\tJaro 2017\n\t\t\t\t<\/figcaption><\/figure><figure class='gallery-item'>\n\t\t\t<div class='gallery-icon landscape'>\n\t\t\t\t<a href='https:\/\/klubzviktorky.cebin.eu\/wp-content\/uploads\/2018\/10\/VS-podzim-2016.jpg'><img loading=\"lazy\" decoding=\"async\" width=\"300\" height=\"149\" src=\"https:\/\/klubzviktorky.cebin.eu\/wp-content\/uploads\/2018\/10\/VS-podzim-2016-300x149.jpg\" class=\"attachment-medium size-medium\" alt=\"\" aria-describedby=\"gallery-2-7663\" srcset=\"https:\/\/klubzviktorky.cebin.eu\/wp-content\/uploads\/2018\/10\/VS-podzim-2016-300x149.jpg 300w, https:\/\/klubzviktorky.cebin.eu\/wp-content\/uploads\/2018\/10\/VS-podzim-2016.jpg 435w\" sizes=\"auto, (max-width: 300px) 100vw, 300px\" \/><\/a>\n\t\t\t<\/div>\n\t\t\t\t<figcaption class='wp-caption-text gallery-caption' id='gallery-2-7663'>\n\t\t\t\tPodzim 2016\n\n\t\t\t\t<\/figcaption><\/figure><figure class='gallery-item'>\n\t\t\t<div class='gallery-icon landscape'>\n\t\t\t\t<a href='https:\/\/klubzviktorky.cebin.eu\/wp-content\/uploads\/2018\/10\/VS-jaro-2016.jpg'><img loading=\"lazy\" decoding=\"async\" width=\"300\" height=\"147\" src=\"https:\/\/klubzviktorky.cebin.eu\/wp-content\/uploads\/2018\/10\/VS-jaro-2016-300x147.jpg\" class=\"attachment-medium size-medium\" alt=\"\" aria-describedby=\"gallery-2-7664\" srcset=\"https:\/\/klubzviktorky.cebin.eu\/wp-content\/uploads\/2018\/10\/VS-jaro-2016-300x147.jpg 300w, https:\/\/klubzviktorky.cebin.eu\/wp-content\/uploads\/2018\/10\/VS-jaro-2016.jpg 442w\" sizes=\"auto, (max-width: 300px) 100vw, 300px\" \/><\/a>\n\t\t\t<\/div>\n\t\t\t\t<figcaption class='wp-caption-text gallery-caption' id='gallery-2-7664'>\n\t\t\t\tJaro 2016\n\t\t\t\t<\/figcaption><\/figure><figure class='gallery-item'>\n\t\t\t<div class='gallery-icon portrait'>\n\t\t\t\t<a href='https:\/\/klubzviktorky.cebin.eu\/wp-content\/uploads\/2018\/10\/VS-podzim-2015-1.jpg'><img loading=\"lazy\" decoding=\"async\" width=\"286\" height=\"300\" src=\"https:\/\/klubzviktorky.cebin.eu\/wp-content\/uploads\/2018\/10\/VS-podzim-2015-1-286x300.jpg\" class=\"attachment-medium size-medium\" alt=\"\" aria-describedby=\"gallery-2-7678\" srcset=\"https:\/\/klubzviktorky.cebin.eu\/wp-content\/uploads\/2018\/10\/VS-podzim-2015-1-286x300.jpg 286w, https:\/\/klubzviktorky.cebin.eu\/wp-content\/uploads\/2018\/10\/VS-podzim-2015-1.jpg 596w\" sizes=\"auto, (max-width: 286px) 100vw, 286px\" \/><\/a>\n\t\t\t<\/div>\n\t\t\t\t<figcaption class='wp-caption-text gallery-caption' id='gallery-2-7678'>\n\t\t\t\tPodzim 2015\n\t\t\t\t<\/figcaption><\/figure><figure class='gallery-item'>\n\t\t\t<div class='gallery-icon portrait'>\n\t\t\t\t<a href='https:\/\/klubzviktorky.cebin.eu\/wp-content\/uploads\/2018\/10\/VS-jaro-2015-1.jpg'><img loading=\"lazy\" decoding=\"async\" width=\"288\" height=\"300\" src=\"https:\/\/klubzviktorky.cebin.eu\/wp-content\/uploads\/2018\/10\/VS-jaro-2015-1-288x300.jpg\" class=\"attachment-medium size-medium\" alt=\"\" aria-describedby=\"gallery-2-7679\" srcset=\"https:\/\/klubzviktorky.cebin.eu\/wp-content\/uploads\/2018\/10\/VS-jaro-2015-1-288x300.jpg 288w, https:\/\/klubzviktorky.cebin.eu\/wp-content\/uploads\/2018\/10\/VS-jaro-2015-1.jpg 601w\" sizes=\"auto, (max-width: 288px) 100vw, 288px\" \/><\/a>\n\t\t\t<\/div>\n\t\t\t\t<figcaption class='wp-caption-text gallery-caption' id='gallery-2-7679'>\n\t\t\t\tJaro 2015\n\t\t\t\t<\/figcaption><\/figure><figure class='gallery-item'>\n\t\t\t<div class='gallery-icon landscape'>\n\t\t\t\t<a href='https:\/\/klubzviktorky.cebin.eu\/wp-content\/uploads\/2018\/10\/VS-podzim-2014.jpg'><img loading=\"lazy\" decoding=\"async\" width=\"300\" height=\"150\" src=\"https:\/\/klubzviktorky.cebin.eu\/wp-content\/uploads\/2018\/10\/VS-podzim-2014-300x150.jpg\" class=\"attachment-medium size-medium\" alt=\"\" aria-describedby=\"gallery-2-7651\" srcset=\"https:\/\/klubzviktorky.cebin.eu\/wp-content\/uploads\/2018\/10\/VS-podzim-2014-300x150.jpg 300w, https:\/\/klubzviktorky.cebin.eu\/wp-content\/uploads\/2018\/10\/VS-podzim-2014.jpg 444w\" sizes=\"auto, (max-width: 300px) 100vw, 300px\" \/><\/a>\n\t\t\t<\/div>\n\t\t\t\t<figcaption class='wp-caption-text gallery-caption' id='gallery-2-7651'>\n\t\t\t\tPodzim 2014\n\t\t\t\t<\/figcaption><\/figure><figure class='gallery-item'>\n\t\t\t<div class='gallery-icon landscape'>\n\t\t\t\t<a href='https:\/\/klubzviktorky.cebin.eu\/wp-content\/uploads\/2018\/10\/VS-jaro-2014.jpg'><img loading=\"lazy\" decoding=\"async\" width=\"300\" height=\"152\" src=\"https:\/\/klubzviktorky.cebin.eu\/wp-content\/uploads\/2018\/10\/VS-jaro-2014-300x152.jpg\" class=\"attachment-medium size-medium\" alt=\"\" aria-describedby=\"gallery-2-7653\" srcset=\"https:\/\/klubzviktorky.cebin.eu\/wp-content\/uploads\/2018\/10\/VS-jaro-2014-300x152.jpg 300w, https:\/\/klubzviktorky.cebin.eu\/wp-content\/uploads\/2018\/10\/VS-jaro-2014.jpg 445w\" sizes=\"auto, (max-width: 300px) 100vw, 300px\" \/><\/a>\n\t\t\t<\/div>\n\t\t\t\t<figcaption class='wp-caption-text gallery-caption' id='gallery-2-7653'>\n\t\t\t\tJaro 2014\n\t\t\t\t<\/figcaption><\/figure>\n\t\t<\/div>\n\n<p><a href=\"https:\/\/klubzviktorky.cebin.eu\/wp-content\/uploads\/2018\/10\/P1080261_2.jpg\">Jaro 2014<img loading=\"lazy\" decoding=\"async\" class=\"aligncenter wp-image-7676 size-full\" src=\"https:\/\/klubzviktorky.cebin.eu\/wp-content\/uploads\/2018\/10\/P1080261_2.jpg\" alt=\"\" width=\"1518\" height=\"1234\" srcset=\"https:\/\/klubzviktorky.cebin.eu\/wp-content\/uploads\/2018\/10\/P1080261_2.jpg 1518w, https:\/\/klubzviktorky.cebin.eu\/wp-content\/uploads\/2018\/10\/P1080261_2-300x244.jpg 300w, https:\/\/klubzviktorky.cebin.eu\/wp-content\/uploads\/2018\/10\/P1080261_2-768x624.jpg 768w, https:\/\/klubzviktorky.cebin.eu\/wp-content\/uploads\/2018\/10\/P1080261_2-1024x832.jpg 1024w\" sizes=\"auto, (max-width: 1518px) 100vw, 1518px\" \/><\/a><\/p>\n<div id='gallery-3' class='gallery galleryid-977 gallery-columns-2 gallery-size-medium'><figure class='gallery-item'>\n\t\t\t<div class='gallery-icon landscape'>\n\t\t\t\t<a href='https:\/\/klubzviktorky.cebin.eu\/wp-content\/uploads\/2018\/10\/VS-podzim-2013.jpg'><img loading=\"lazy\" decoding=\"async\" width=\"300\" height=\"147\" src=\"https:\/\/klubzviktorky.cebin.eu\/wp-content\/uploads\/2018\/10\/VS-podzim-2013-300x147.jpg\" class=\"attachment-medium size-medium\" alt=\"\" aria-describedby=\"gallery-3-7654\" srcset=\"https:\/\/klubzviktorky.cebin.eu\/wp-content\/uploads\/2018\/10\/VS-podzim-2013-300x147.jpg 300w, https:\/\/klubzviktorky.cebin.eu\/wp-content\/uploads\/2018\/10\/VS-podzim-2013.jpg 452w\" sizes=\"auto, (max-width: 300px) 100vw, 300px\" \/><\/a>\n\t\t\t<\/div>\n\t\t\t\t<figcaption class='wp-caption-text gallery-caption' id='gallery-3-7654'>\n\t\t\t\tPodzim\n 2013\n\t\t\t\t<\/figcaption><\/figure><figure class='gallery-item'>\n\t\t\t<div class='gallery-icon landscape'>\n\t\t\t\t<a href='https:\/\/klubzviktorky.cebin.eu\/wp-content\/uploads\/2018\/10\/VS-jaro-2013.jpg'><img loading=\"lazy\" decoding=\"async\" width=\"300\" height=\"146\" src=\"https:\/\/klubzviktorky.cebin.eu\/wp-content\/uploads\/2018\/10\/VS-jaro-2013-300x146.jpg\" class=\"attachment-medium size-medium\" alt=\"\" aria-describedby=\"gallery-3-7652\" srcset=\"https:\/\/klubzviktorky.cebin.eu\/wp-content\/uploads\/2018\/10\/VS-jaro-2013-300x146.jpg 300w, https:\/\/klubzviktorky.cebin.eu\/wp-content\/uploads\/2018\/10\/VS-jaro-2013.jpg 458w\" sizes=\"auto, (max-width: 300px) 100vw, 300px\" \/><\/a>\n\t\t\t<\/div>\n\t\t\t\t<figcaption class='wp-caption-text gallery-caption' id='gallery-3-7652'>\n\t\t\t\tJaro 2013\n\t\t\t\t<\/figcaption><\/figure><figure class='gallery-item'>\n\t\t\t<div class='gallery-icon landscape'>\n\t\t\t\t<a href='https:\/\/klubzviktorky.cebin.eu\/wp-content\/uploads\/2018\/10\/VS-podzim-2012.jpg'><img loading=\"lazy\" decoding=\"async\" width=\"300\" height=\"149\" src=\"https:\/\/klubzviktorky.cebin.eu\/wp-content\/uploads\/2018\/10\/VS-podzim-2012-300x149.jpg\" class=\"attachment-medium size-medium\" alt=\"\" aria-describedby=\"gallery-3-7682\" srcset=\"https:\/\/klubzviktorky.cebin.eu\/wp-content\/uploads\/2018\/10\/VS-podzim-2012-300x149.jpg 300w, https:\/\/klubzviktorky.cebin.eu\/wp-content\/uploads\/2018\/10\/VS-podzim-2012.jpg 436w\" sizes=\"auto, (max-width: 300px) 100vw, 300px\" \/><\/a>\n\t\t\t<\/div>\n\t\t\t\t<figcaption class='wp-caption-text gallery-caption' id='gallery-3-7682'>\n\t\t\t\tPodzim 2012\n\t\t\t\t<\/figcaption><\/figure><figure class='gallery-item'>\n\t\t\t<div class='gallery-icon landscape'>\n\t\t\t\t<a href='https:\/\/klubzviktorky.cebin.eu\/wp-content\/uploads\/2018\/10\/VS-jaro-2012.jpg'><img loading=\"lazy\" decoding=\"async\" width=\"300\" height=\"150\" src=\"https:\/\/klubzviktorky.cebin.eu\/wp-content\/uploads\/2018\/10\/VS-jaro-2012-300x150.jpg\" class=\"attachment-medium size-medium\" alt=\"\" aria-describedby=\"gallery-3-7683\" srcset=\"https:\/\/klubzviktorky.cebin.eu\/wp-content\/uploads\/2018\/10\/VS-jaro-2012-300x150.jpg 300w, https:\/\/klubzviktorky.cebin.eu\/wp-content\/uploads\/2018\/10\/VS-jaro-2012.jpg 433w\" sizes=\"auto, (max-width: 300px) 100vw, 300px\" \/><\/a>\n\t\t\t<\/div>\n\t\t\t\t<figcaption class='wp-caption-text gallery-caption' id='gallery-3-7683'>\n\t\t\t\tJaro 2012\n\t\t\t\t<\/figcaption><\/figure>\n\t\t<\/div>\n\n<p>&nbsp;<\/p>\n<p><a href=\"https:\/\/klubzviktorky.cebin.eu\/wp-content\/uploads\/2018\/10\/IMG_1394_2.jpg\">Jaro 2004<img loading=\"lazy\" decoding=\"async\" class=\"aligncenter wp-image-7668 size-full\" src=\"https:\/\/klubzviktorky.cebin.eu\/wp-content\/uploads\/2018\/10\/IMG_1394_2-e1539170054796.jpg\" alt=\"\" width=\"2067\" height=\"1698\" srcset=\"https:\/\/klubzviktorky.cebin.eu\/wp-content\/uploads\/2018\/10\/IMG_1394_2-e1539170054796.jpg 2067w, https:\/\/klubzviktorky.cebin.eu\/wp-content\/uploads\/2018\/10\/IMG_1394_2-e1539170054796-300x246.jpg 300w, https:\/\/klubzviktorky.cebin.eu\/wp-content\/uploads\/2018\/10\/IMG_1394_2-e1539170054796-768x631.jpg 768w, https:\/\/klubzviktorky.cebin.eu\/wp-content\/uploads\/2018\/10\/IMG_1394_2-e1539170054796-1024x841.jpg 1024w\" sizes=\"auto, (max-width: 2067px) 100vw, 2067px\" \/><\/a><\/p>\n","protected":false},"excerpt":{"rendered":"<p>= fotbalov\u00fd t\u00fdm Klubu z Viktorky. &#8222;Viktor\u010din Sm\u00edch&#8220; zalo\u017eil v roce 1999 Jan Valeri\u00e1n a hned se s n\u00edm zapojil do Hanspaulsk\u00e9 ligy.\u00a0Po Honzov\u011b odchodu z Prahy p\u0159evzal kapit\u00e1nskou p\u00e1sku Vladim\u00edr Soulek. Po 39 sez\u00f3n\u00e1ch v sout\u011b\u017ei pat\u0159ilo Viktor\u010dinu Sm\u00edchu celkov\u011b 539. m\u00edsto v historick\u00e9 tabulce ligy se ziskem 874 bod\u016f (182 &#8211; 64 &#8211; &hellip; <a href=\"https:\/\/klubzviktorky.cebin.eu\/index.php\/viktorcin-smich\/\" class=\"more-link\">Pokra\u010dov\u00e1n\u00ed textu <span class=\"screen-reader-text\">Viktor\u010din Sm\u00edch<\/span><\/a><\/p>\n","protected":false},"author":1,"featured_media":7670,"parent":0,"menu_order":0,"comment_status":"closed","ping_status":"closed","template":"","meta":{"footnotes":""},"class_list":["post-977","page","type-page","status-publish","has-post-thumbnail","hentry"],"_links":{"self":[{"href":"https:\/\/klubzviktorky.cebin.eu\/index.php\/wp-json\/wp\/v2\/pages\/977","targetHints":{"allow":["GET"]}}],"collection":[{"href":"https:\/\/klubzviktorky.cebin.eu\/index.php\/wp-json\/wp\/v2\/pages"}],"about":[{"href":"https:\/\/klubzviktorky.cebin.eu\/index.php\/wp-json\/wp\/v2\/types\/page"}],"author":[{"embeddable":true,"href":"https:\/\/klubzviktorky.cebin.eu\/index.php\/wp-json\/wp\/v2\/users\/1"}],"replies":[{"embeddable":true,"href":"https:\/\/klubzviktorky.cebin.eu\/index.php\/wp-json\/wp\/v2\/comments?post=977"}],"version-history":[{"count":23,"href":"https:\/\/klubzviktorky.cebin.eu\/index.php\/wp-json\/wp\/v2\/pages\/977\/revisions"}],"predecessor-version":[{"id":7686,"href":"https:\/\/klubzviktorky.cebin.eu\/index.php\/wp-json\/wp\/v2\/pages\/977\/revisions\/7686"}],"wp:featuredmedia":[{"embeddable":true,"href":"https:\/\/klubzviktorky.cebin.eu\/index.php\/wp-json\/wp\/v2\/media\/7670"}],"wp:attachment":[{"href":"https:\/\/klubzviktorky.cebin.eu\/index.php\/wp-json\/wp\/v2\/media?parent=977"}],"curies":[{"name":"wp","href":"https:\/\/api.w.org\/{rel}","templated":true}]}}